{"id":9977,"date":"2024-10-08T14:11:52","date_gmt":"2024-10-08T14:11:52","guid":{"rendered":"https:\/\/site.astrofoto.com.pt\/welcome\/?post_type=product&#038;p=9977"},"modified":"2026-01-12T15:59:15","modified_gmt":"2026-01-12T15:59:15","slug":"takahashi-fct-65d-ota","status":"publish","type":"product","link":"https:\/\/site.astrofoto.com.pt\/welcome\/produto\/takahashi-fct-65d-ota\/","title":{"rendered":"Takahashi APO triplet Fluorite FCT-65D OTA"},"content":{"rendered":"<p><strong>Takahashi FCT-65D<\/strong><\/p>\n<p>\u2022 Diametro da objetiva: 65mm<br \/>\n\u25ba <strong>triplet fluorite<\/strong><br \/>\n\u2022 Distancia Focal: 400mm<br \/>\n\u2022 Raz\u00e3o focal: f\/6.4<\/p>\n<p>\u25baTakahashi agora oferece sua pr\u00f3pria varia\u00e7\u00e3o de telesc\u00f3pio astr\u00f3grafo de dist\u00e2ncia focal muito curta:<br \/>\no FCT-65D (65 mm de di\u00e2metro, 400 mm de dist\u00e2ncia focal, F\/D 6.2).<br \/>\nCombinado com o redutor FU RD 0,65x, cobrindo todo o formato 24&#215;36, constitui uma solu\u00e7\u00e3o de ponta para fotografia de c\u00e9u profundo de grande campo. O Telesc\u00f3pio adota uma moderna lente tripla de fluorita, capaz de suportar as exig\u00eancias dos mais recentes sensores digitais do mercado.<br \/>\nA objetiva tripla de fluorite<\/p>\n<p>\u25baA empresa Takahashi inspirou-se nas lentes lend\u00e1rias dos seus antigos FCT e reformulou o design, nomeadamente utilizando as mais modernas lentes topo de gama. O resultado \u00e9 um triplet de fluorite oferecendo uma raz\u00e3o de Strehl central calculada de 97,5% e cromatismo residual insignificante. O desempenho puro \u00e9 pr\u00f3ximo das s\u00e9ries TSA e TOA.<\/p>\n<p>\u25ba<strong>O FCT-65D \u00e9 compat\u00edvel com redutores e extensores da s\u00e9rie FS, como o redutor FC\/FS MFL 1.04x (ou multi-flattner). A imagem \u00e9 excelente. O di\u00e2metro do ponto RMS \u00e9 pr\u00f3ximo de 2\u00b5 no centro e 5\u00b5 na borda do campo de formato completo. 100% de ilumina\u00e7\u00e3o de campo cobre a superf\u00edcie de um sensor<\/strong><strong> APS-C.<\/strong><\/p>\n<p>\u25ba EXTRA Redutor 0,65x dedicado<\/p>\n<p>\u25bamais info <a href=\"https:\/\/www.telescopes-et-accessoires.fr\/lunette-takahashi-fct-65d-ota-c2x41212792\">VER<\/a><\/p>\n","protected":false},"excerpt":{"rendered":"<p>Takahashi FCT-65D \u2022 Diametro da objetiva: 65mm \u25ba triplet fluorite \u2022 Distancia Focal: 400mm \u2022 Raz\u00e3o focal: f\/6.4 \u25baTakahashi agora oferece sua pr\u00f3pria varia\u00e7\u00e3o de telesc\u00f3pio astr\u00f3grafo de dist\u00e2ncia focal muito curta: o FCT-65D (65 mm de di\u00e2metro, 400 mm de dist\u00e2ncia focal, F\/D 6.2). Combinado com o redutor FU RD 0,65x, cobrindo todo o<\/p>\n<div class=\"more-link\">\n\t\t\t\t <a href=\"https:\/\/site.astrofoto.com.pt\/welcome\/produto\/takahashi-fct-65d-ota\/\" class=\"btn theme-btn inverted\"><span>Continuar a Ler <\/span><\/a>\n\t\t\t<\/div>\n","protected":false},"featured_media":9978,"comment_status":"closed","ping_status":"closed","template":"","meta":[],"product_brand":[],"product_cat":[16],"product_tag":[],"class_list":{"0":"post-9977","1":"product","2":"type-product","3":"status-publish","4":"has-post-thumbnail","6":"product_cat-telescopios-refractores","8":"first","9":"onbackorder","10":"sale","11":"shipping-taxable","12":"purchasable","13":"product-type-simple"},"_links":{"self":[{"href":"https:\/\/site.astrofoto.com.pt\/welcome\/wp-json\/wp\/v2\/product\/9977","targetHints":{"allow":["GET"]}}],"collection":[{"href":"https:\/\/site.astrofoto.com.pt\/welcome\/wp-json\/wp\/v2\/product"}],"about":[{"href":"https:\/\/site.astrofoto.com.pt\/welcome\/wp-json\/wp\/v2\/types\/product"}],"replies":[{"embeddable":true,"href":"https:\/\/site.astrofoto.com.pt\/welcome\/wp-json\/wp\/v2\/comments?post=9977"}],"wp:featuredmedia":[{"embeddable":true,"href":"https:\/\/site.astrofoto.com.pt\/welcome\/wp-json\/wp\/v2\/media\/9978"}],"wp:attachment":[{"href":"https:\/\/site.astrofoto.com.pt\/welcome\/wp-json\/wp\/v2\/media?parent=9977"}],"wp:term":[{"taxonomy":"product_brand","embeddable":true,"href":"https:\/\/site.astrofoto.com.pt\/welcome\/wp-json\/wp\/v2\/product_brand?post=9977"},{"taxonomy":"product_cat","embeddable":true,"href":"https:\/\/site.astrofoto.com.pt\/welcome\/wp-json\/wp\/v2\/product_cat?post=9977"},{"taxonomy":"product_tag","embeddable":true,"href":"https:\/\/site.astrofoto.com.pt\/welcome\/wp-json\/wp\/v2\/product_tag?post=9977"}],"curies":[{"name":"wp","href":"https:\/\/api.w.org\/{rel}","templated":true}]}}