{"id":9967,"date":"2024-10-08T13:27:24","date_gmt":"2024-10-08T13:27:24","guid":{"rendered":"https:\/\/site.astrofoto.com.pt\/welcome\/?post_type=product&#038;p=9967"},"modified":"2026-01-12T16:07:24","modified_gmt":"2026-01-12T16:07:24","slug":"telescopio-takahashi-fc-76dp-f7-5","status":"publish","type":"product","link":"https:\/\/site.astrofoto.com.pt\/welcome\/produto\/telescopio-takahashi-fc-76dp-f7-5\/","title":{"rendered":"Telescopio Takahashi FC-76DP f7.5"},"content":{"rendered":"<p><strong>Telescopio Takahashi FC-76DP f\/7.5<\/strong><\/p>\n<p>Estamos a lan\u00e7ar o \u201cFC-76DP\u201d como a mais recente variante do FC-76D, que \u00e9 a vers\u00e3o de tubo de di\u00e2metro duplo do modelo atual FC-76DCU com um grande focador de 2 polegadas e um tubo de \u03a695 mm.<br \/>\nAo aplicar o redutor &#8220;76DP FU Reducer 0.64X&#8221; na extremidade do tubo de tra\u00e7\u00e3o, a dist\u00e2ncia focal de 570 mm F\/7.5 \u00e9 transformada num astr\u00f3grafo com uma dist\u00e2ncia focal de 365 mm F\/4.8.<br \/>\nComparado ao anterior &#8220;76D Reducer&#8221;, ele tem muito menos aberra\u00e7\u00e3o crom\u00e1tica e curvatura de campo, enquanto ostenta um raio RMS-SPOT de 1,5 m\u00edcrons no centro e dentro de 2 m\u00edcrons para a periferia do quadro completo.<br \/>\nEmbora a intensidade da luz perif\u00e9rica caia ligeiramente na borda do c\u00edrculo de imagem \u03a644, a ilumina\u00e7\u00e3o de campo abundante \u00e9 garantida at\u00e9 chips de tamanho APS (c\u00edrculo de imagem \u03a635).<\/p>\n<p>\u25ba EXTRA Redutor dedicado 76DP FU 0.64x<\/p>\n","protected":false},"excerpt":{"rendered":"<p>Telescopio Takahashi FC-76DP f\/7.5 Estamos a lan\u00e7ar o \u201cFC-76DP\u201d como a mais recente variante do FC-76D, que \u00e9 a vers\u00e3o de tubo de di\u00e2metro duplo do modelo atual FC-76DCU com um grande focador de 2 polegadas e um tubo de \u03a695 mm. Ao aplicar o redutor &#8220;76DP FU Reducer 0.64X&#8221; na extremidade do tubo de<\/p>\n<div class=\"more-link\">\n\t\t\t\t <a href=\"https:\/\/site.astrofoto.com.pt\/welcome\/produto\/telescopio-takahashi-fc-76dp-f7-5\/\" class=\"btn theme-btn inverted\"><span>Continuar a Ler <\/span><\/a>\n\t\t\t<\/div>\n","protected":false},"featured_media":9968,"comment_status":"closed","ping_status":"closed","template":"","meta":[],"product_brand":[],"product_cat":[16],"product_tag":[],"class_list":{"0":"post-9967","1":"product","2":"type-product","3":"status-publish","4":"has-post-thumbnail","6":"product_cat-telescopios-refractores","8":"first","9":"onbackorder","10":"sale","11":"shipping-taxable","12":"purchasable","13":"product-type-simple"},"_links":{"self":[{"href":"https:\/\/site.astrofoto.com.pt\/welcome\/wp-json\/wp\/v2\/product\/9967","targetHints":{"allow":["GET"]}}],"collection":[{"href":"https:\/\/site.astrofoto.com.pt\/welcome\/wp-json\/wp\/v2\/product"}],"about":[{"href":"https:\/\/site.astrofoto.com.pt\/welcome\/wp-json\/wp\/v2\/types\/product"}],"replies":[{"embeddable":true,"href":"https:\/\/site.astrofoto.com.pt\/welcome\/wp-json\/wp\/v2\/comments?post=9967"}],"wp:featuredmedia":[{"embeddable":true,"href":"https:\/\/site.astrofoto.com.pt\/welcome\/wp-json\/wp\/v2\/media\/9968"}],"wp:attachment":[{"href":"https:\/\/site.astrofoto.com.pt\/welcome\/wp-json\/wp\/v2\/media?parent=9967"}],"wp:term":[{"taxonomy":"product_brand","embeddable":true,"href":"https:\/\/site.astrofoto.com.pt\/welcome\/wp-json\/wp\/v2\/product_brand?post=9967"},{"taxonomy":"product_cat","embeddable":true,"href":"https:\/\/site.astrofoto.com.pt\/welcome\/wp-json\/wp\/v2\/product_cat?post=9967"},{"taxonomy":"product_tag","embeddable":true,"href":"https:\/\/site.astrofoto.com.pt\/welcome\/wp-json\/wp\/v2\/product_tag?post=9967"}],"curies":[{"name":"wp","href":"https:\/\/api.w.org\/{rel}","templated":true}]}}