{"id":991,"date":"2015-09-23T18:38:47","date_gmt":"2015-09-23T18:38:47","guid":{"rendered":"http:\/\/site.astrofoto.com.pt\/welcome\/?post_type=product&#038;p=991"},"modified":"2026-01-07T18:58:44","modified_gmt":"2026-01-07T18:58:44","slug":"montagem-skywatcher-eq5-goto","status":"publish","type":"product","link":"https:\/\/site.astrofoto.com.pt\/welcome\/produto\/montagem-skywatcher-eq5-goto\/","title":{"rendered":"Montagem SkyWatcher NEQ5 Synscan GOTO"},"content":{"rendered":"<p>&nbsp;<\/p>\n<p class=\"style10\"><strong>\u2022Montagem NEQ5 PRO GOTO<br \/>\n<em>\u25baA montagem SkyWatcher SynScan GOTO encarrega-se de mover o instrumento em dire\u00e7\u00e3o ao alvo que voc\u00ea deseja observar e at\u00e9 vai sugerindo objetos disponiveis na sua zona de observa\u00e7\u00e3o e na data em que est\u00e1.<\/em><br \/>\n<\/strong><\/p>\n<p class=\"style10\"><strong>\u2022<\/strong> Base de dados com <span class=\"PBLongTxt PBItemDesc ng-scope ng-isolate-scope c-app-product-tabs c-app-product-tabs--tabs c-app-product-tabs--horizontal c-app-product-tabs--left\"> 42 900 <\/span>objectos<br \/>\n<strong>\u2022<\/strong> velocidade: 4x, 8x, 32x, 64x, <strong>800x<br \/>\n\u2022 <\/strong>Velocidade de guiagem: 1x, 0.75x, 0.5x, 0.25x<br \/>\n\u2022 <span class=\"PBLongTxt PBItemDesc ng-scope ng-isolate-scope c-app-product-tabs c-app-product-tabs--tabs c-app-product-tabs--horizontal c-app-product-tabs--left\">Modo de seguimento : Sideral, Lunar ou Solar<br \/>\n\u2022 Fun\u00e7\u00f5es: Park, Sincroniza\u00e7\u00e3o, Backlash, Identifica\u00e7\u00e3o, Tour<\/span><br \/>\n\u2022 Capacidade de carga: 9Kg<br \/>\n<strong>\u2022<\/strong> 2 contrapesos<br \/>\n<strong>\u2022 <\/strong>Trip\u00e9 de a\u00e7o<\/p>\n<p>\u25ba o Kit GoTo vem \u00e0 parte para ser montado \u25baver no <a href=\"https:\/\/www.youtube.com\/watch?v=yKO1NhGVZ78\">youtube<\/a><\/p>\n<p class=\"style10\"><a href=\"http:\/\/www.skywatcher.com\/download\/software\/\"><img decoding=\"async\" src=\"http:\/\/astrofoto.com.pt\/imagenscatalogo\/SW\/SWcom01s.jpg\" alt=\"actualizar hardware\" width=\"15\" height=\"32\" border=\"0\" \/><\/a>\u00a0\u00a0\u2022 actualizar firmware<\/p>\n","protected":false},"excerpt":{"rendered":"<p>&nbsp; \u2022Montagem NEQ5 PRO GOTO \u25baA montagem SkyWatcher SynScan GOTO encarrega-se de mover o instrumento em dire\u00e7\u00e3o ao alvo que voc\u00ea deseja observar e at\u00e9 vai sugerindo objetos disponiveis na sua zona de observa\u00e7\u00e3o e na data em que est\u00e1. \u2022 Base de dados com 42 900 objectos \u2022 velocidade: 4x, 8x, 32x, 64x, 800x<\/p>\n<div class=\"more-link\">\n\t\t\t\t <a href=\"https:\/\/site.astrofoto.com.pt\/welcome\/produto\/montagem-skywatcher-eq5-goto\/\" class=\"btn theme-btn inverted\"><span>Continuar a Ler <\/span><\/a>\n\t\t\t<\/div>\n","protected":false},"featured_media":3286,"comment_status":"open","ping_status":"closed","template":"","meta":[],"product_brand":[],"product_cat":[14,79],"product_tag":[],"class_list":{"0":"post-991","1":"product","2":"type-product","3":"status-publish","4":"has-post-thumbnail","6":"product_cat-montagens","7":"product_cat-montagens-goto","8":"product_shipping_class-taxa-media","10":"first","11":"onbackorder","12":"sale","13":"shipping-taxable","14":"purchasable","15":"product-type-simple"},"_links":{"self":[{"href":"https:\/\/site.astrofoto.com.pt\/welcome\/wp-json\/wp\/v2\/product\/991","targetHints":{"allow":["GET"]}}],"collection":[{"href":"https:\/\/site.astrofoto.com.pt\/welcome\/wp-json\/wp\/v2\/product"}],"about":[{"href":"https:\/\/site.astrofoto.com.pt\/welcome\/wp-json\/wp\/v2\/types\/product"}],"replies":[{"embeddable":true,"href":"https:\/\/site.astrofoto.com.pt\/welcome\/wp-json\/wp\/v2\/comments?post=991"}],"wp:featuredmedia":[{"embeddable":true,"href":"https:\/\/site.astrofoto.com.pt\/welcome\/wp-json\/wp\/v2\/media\/3286"}],"wp:attachment":[{"href":"https:\/\/site.astrofoto.com.pt\/welcome\/wp-json\/wp\/v2\/media?parent=991"}],"wp:term":[{"taxonomy":"product_brand","embeddable":true,"href":"https:\/\/site.astrofoto.com.pt\/welcome\/wp-json\/wp\/v2\/product_brand?post=991"},{"taxonomy":"product_cat","embeddable":true,"href":"https:\/\/site.astrofoto.com.pt\/welcome\/wp-json\/wp\/v2\/product_cat?post=991"},{"taxonomy":"product_tag","embeddable":true,"href":"https:\/\/site.astrofoto.com.pt\/welcome\/wp-json\/wp\/v2\/product_tag?post=991"}],"curies":[{"name":"wp","href":"https:\/\/api.w.org\/{rel}","templated":true}]}}