{"id":9905,"date":"2024-08-27T12:19:36","date_gmt":"2024-08-27T12:19:36","guid":{"rendered":"https:\/\/site.astrofoto.com.pt\/welcome\/?post_type=product&#038;p=9905"},"modified":"2024-12-13T22:50:54","modified_gmt":"2024-12-13T22:50:54","slug":"microscopio-pentaflex-1200x","status":"publish","type":"product","link":"https:\/\/site.astrofoto.com.pt\/welcome\/produto\/microscopio-pentaflex-1200x\/","title":{"rendered":"Microscopio Pentaflex 1200x"},"content":{"rendered":"<p><strong>Microscopio Pentaflex 1200x<br \/>\n<\/strong>\u2022 Microscopio de inicia\u00e7\u00e3o<strong><br \/>\n<\/strong>\u2022 Aumentos 100x 600x 1200x<br \/>\n\u2022 Varios acessorios de inicia\u00e7\u00e3o (28 pe\u00e7as)<br \/>\n\u2022 Ilumina\u00e7\u00e3o por pilhas<br \/>\n\u2022 5 preparados + laminas vazias<\/p>\n","protected":false},"excerpt":{"rendered":"<p>Microscopio Pentaflex 1200x \u2022 Microscopio de inicia\u00e7\u00e3o \u2022 Aumentos 100x 600x 1200x \u2022 Varios acessorios de inicia\u00e7\u00e3o (28 pe\u00e7as) \u2022 Ilumina\u00e7\u00e3o por pilhas \u2022 5 preparados + laminas vazias<\/p>\n","protected":false},"featured_media":9911,"comment_status":"closed","ping_status":"closed","template":"","meta":[],"product_brand":[],"product_cat":[33],"product_tag":[],"class_list":{"0":"post-9905","1":"product","2":"type-product","3":"status-publish","4":"has-post-thumbnail","6":"product_cat-microscopios","8":"first","9":"outofstock","10":"sale","11":"shipping-taxable","12":"purchasable","13":"product-type-simple"},"_links":{"self":[{"href":"https:\/\/site.astrofoto.com.pt\/welcome\/wp-json\/wp\/v2\/product\/9905","targetHints":{"allow":["GET"]}}],"collection":[{"href":"https:\/\/site.astrofoto.com.pt\/welcome\/wp-json\/wp\/v2\/product"}],"about":[{"href":"https:\/\/site.astrofoto.com.pt\/welcome\/wp-json\/wp\/v2\/types\/product"}],"replies":[{"embeddable":true,"href":"https:\/\/site.astrofoto.com.pt\/welcome\/wp-json\/wp\/v2\/comments?post=9905"}],"wp:featuredmedia":[{"embeddable":true,"href":"https:\/\/site.astrofoto.com.pt\/welcome\/wp-json\/wp\/v2\/media\/9911"}],"wp:attachment":[{"href":"https:\/\/site.astrofoto.com.pt\/welcome\/wp-json\/wp\/v2\/media?parent=9905"}],"wp:term":[{"taxonomy":"product_brand","embeddable":true,"href":"https:\/\/site.astrofoto.com.pt\/welcome\/wp-json\/wp\/v2\/product_brand?post=9905"},{"taxonomy":"product_cat","embeddable":true,"href":"https:\/\/site.astrofoto.com.pt\/welcome\/wp-json\/wp\/v2\/product_cat?post=9905"},{"taxonomy":"product_tag","embeddable":true,"href":"https:\/\/site.astrofoto.com.pt\/welcome\/wp-json\/wp\/v2\/product_tag?post=9905"}],"curies":[{"name":"wp","href":"https:\/\/api.w.org\/{rel}","templated":true}]}}