{"id":9894,"date":"2024-08-08T12:20:36","date_gmt":"2024-08-08T12:20:36","guid":{"rendered":"https:\/\/site.astrofoto.com.pt\/welcome\/?post_type=product&#038;p=9894"},"modified":"2024-09-12T19:28:37","modified_gmt":"2024-09-12T19:28:37","slug":"levenhuk-blaze-base-90-spotting-scope-25-75x90","status":"publish","type":"product","link":"https:\/\/site.astrofoto.com.pt\/welcome\/produto\/levenhuk-blaze-base-90-spotting-scope-25-75x90\/","title":{"rendered":"Levenhuk Blaze BASE 90 Spotting Scope 25-75&#215;90"},"content":{"rendered":"<p><strong>Levenhuk Blaze BASE 90 Spotting Scope 25-75&#215;90<br \/>\n<\/strong><\/p>\n<p>Di\u00e2metro da objetiva: 90mm<br \/>\nAmplia\u00e7\u00e3o: 25-75x Zoom<br \/>\nCampo de vis\u00e3o: 2.2-1.1\u00ba<br \/>\nFoca a partir de: 10m<br \/>\nCampo de vis\u00e3o a 1000m: 18-14m<br \/>\nMaterial do corpo: pl\u00e1stico<br \/>\nRevestimento optico: Fully multicoated<br \/>\nBolsa de transporte: incluida<br \/>\nTrip\u00e9: de mesa em metal robusto<br \/>\nPupila de sa\u00edda: 3,6-1,2mm<br \/>\nAjuste de dioptrias: \u00b14dioptrias<br \/>\n\u00c0 prova de \u00e1gua e embaciamento: cheio a azoto<br \/>\nPeso: 3,2Kg<br \/>\nRosca: 1\/4 (de tripe fotografico)<\/p>\n<p>\u25ba \u00f3ptimo para observa\u00e7\u00e3o de aves<br \/>\n\u25ba tambem para ver a lua e os aneis de saturno<br \/>\n\u25ba sugest\u00e3o de trip\u00e9 alto:\u00a0<a href=\"https:\/\/site.astrofoto.com.pt\/welcome\/produto\/tripe-fotomate-106\/\"><em>ver<\/em><\/a><\/p>\n","protected":false},"excerpt":{"rendered":"<p>Levenhuk Blaze BASE 90 Spotting Scope 25-75&#215;90 Di\u00e2metro da objetiva: 90mm Amplia\u00e7\u00e3o: 25-75x Zoom Campo de vis\u00e3o: 2.2-1.1\u00ba Foca a partir de: 10m Campo de vis\u00e3o a 1000m: 18-14m Material do corpo: pl\u00e1stico Revestimento optico: Fully multicoated Bolsa de transporte: incluida Trip\u00e9: de mesa em metal robusto Pupila de sa\u00edda: 3,6-1,2mm Ajuste de dioptrias: \u00b14dioptrias<\/p>\n<div class=\"more-link\">\n\t\t\t\t <a href=\"https:\/\/site.astrofoto.com.pt\/welcome\/produto\/levenhuk-blaze-base-90-spotting-scope-25-75x90\/\" class=\"btn theme-btn inverted\"><span>Continuar a Ler <\/span><\/a>\n\t\t\t<\/div>\n","protected":false},"featured_media":9895,"comment_status":"closed","ping_status":"closed","template":"","meta":[],"product_brand":[],"product_cat":[22],"product_tag":[],"class_list":{"0":"post-9894","1":"product","2":"type-product","3":"status-publish","4":"has-post-thumbnail","6":"product_cat-spotting-scopes","8":"first","9":"outofstock","10":"sale","11":"shipping-taxable","12":"purchasable","13":"product-type-simple"},"_links":{"self":[{"href":"https:\/\/site.astrofoto.com.pt\/welcome\/wp-json\/wp\/v2\/product\/9894","targetHints":{"allow":["GET"]}}],"collection":[{"href":"https:\/\/site.astrofoto.com.pt\/welcome\/wp-json\/wp\/v2\/product"}],"about":[{"href":"https:\/\/site.astrofoto.com.pt\/welcome\/wp-json\/wp\/v2\/types\/product"}],"replies":[{"embeddable":true,"href":"https:\/\/site.astrofoto.com.pt\/welcome\/wp-json\/wp\/v2\/comments?post=9894"}],"wp:featuredmedia":[{"embeddable":true,"href":"https:\/\/site.astrofoto.com.pt\/welcome\/wp-json\/wp\/v2\/media\/9895"}],"wp:attachment":[{"href":"https:\/\/site.astrofoto.com.pt\/welcome\/wp-json\/wp\/v2\/media?parent=9894"}],"wp:term":[{"taxonomy":"product_brand","embeddable":true,"href":"https:\/\/site.astrofoto.com.pt\/welcome\/wp-json\/wp\/v2\/product_brand?post=9894"},{"taxonomy":"product_cat","embeddable":true,"href":"https:\/\/site.astrofoto.com.pt\/welcome\/wp-json\/wp\/v2\/product_cat?post=9894"},{"taxonomy":"product_tag","embeddable":true,"href":"https:\/\/site.astrofoto.com.pt\/welcome\/wp-json\/wp\/v2\/product_tag?post=9894"}],"curies":[{"name":"wp","href":"https:\/\/api.w.org\/{rel}","templated":true}]}}