{"id":9832,"date":"2024-07-09T18:08:47","date_gmt":"2024-07-09T18:08:47","guid":{"rendered":"https:\/\/site.astrofoto.com.pt\/welcome\/?post_type=product&#038;p=9832"},"modified":"2025-10-28T17:08:45","modified_gmt":"2025-10-28T17:08:45","slug":"telescopio-celestron-origin-6-rowe-ackerman-rasa","status":"publish","type":"product","link":"https:\/\/site.astrofoto.com.pt\/welcome\/produto\/telescopio-celestron-origin-6-rowe-ackerman-rasa\/","title":{"rendered":"Telesc\u00f3pio Celestron Origin 6&#8243; Rowe-Ackerman (RASA)"},"content":{"rendered":"<p><strong>Telesc\u00f3pio Celestron Origin 6&#8243; Rowe-Ackerman (RASA)<br \/>\n<\/strong><\/p>\n<p><em>Ver no <a href=\"https:\/\/www.youtube.com\/watch?v=G3_aNEV2s9A\">youtube<\/a><\/em><\/p>\n<p>\u2022 Abertura: 152mm (6&#8243;)<br \/>\n\u2022 Dist\u00e2ncia focal: 335mm<br \/>\n\u2022 Raz\u00e3o Focal: f\/2.2<br \/>\n\u2022 Capacidade de resolu\u00e7\u00e3o: 0,91<br \/>\n\u2022 Magnitude limite: 12.7<br \/>\n\u2022 Revestimento: Starbright XLT<br \/>\n\u2022 Peso: 7,7Kg<br \/>\n\u2022 Trip\u00e9 de a\u00e7o<br \/>\n\u2022 Peso do trip\u00e9: 6,4Kg<\/p>\n<p>Ports: Ethernet: One on the optical tube | AUXILIARY PORTS: Two on the optical tube, four on the mount<br \/>\nControl system electronics: Onboard computer: Raspberry Pi 4 Model B<br \/>\nUSB: Two USB-A ports on the optical tube for accessing raw image files for external processing, one port on the mount for charging mobile devices<br \/>\nIntegrated LiFePO4 battery, 97.9 Wh, with an operating time of more than 6 hours<br \/>\nCooling: One fan for the optics, one fan for the electronics, both draw air th<\/p>\n<p>\u25baA Celestron permanece na vanguarda da astronomia amadora, combinando observa\u00e7\u00e3o de estrelas e facilidade de uso em um instrumento muito f\u00e1cil de usar. O Origin 6&#8243; \u00e9 um telesc\u00f3pio inteligente e completo que elimina a complexidade habitual da astrofotografia e transforma o seu jardim numa porta de entrada para as estrelas. Control\u00e1vel a partir de um smartphone ou tablet, capta automaticamente as belezas do c\u00e9u noturno, que voc\u00ea pode ent\u00e3o compartilhar rapidamente em suas telas ou em suas redes.<\/p>\n<p>\u25baOs engenheiros da Celestron aproveitaram d\u00e9cadas de experi\u00eancia e conhecimento para projetar todos os elementos, desde a f\u00f3rmula \u00f3ptica RASA at\u00e9 o aplicativo para smartphone. O resultado \u00e9 um sistema inovador que torna a astronomia mais acess\u00edvel, mais emocionante e mais divertida do que nunca.<\/p>\n<p><strong>Sistema \u00f3ptico RASA: o poder da luz<br \/>\n<\/strong>O cora\u00e7\u00e3o do instrumento \u00e9 um telesc\u00f3pio de f\u00f3rmula \u00f3ptica RASA (Rowe-Ackerman Schmidt Astrograph), com uma dist\u00e2ncia focal muito curta (335 mm, F\/D 2.2) e dedicado \u00e0 imagem do c\u00e9u profundo. A particularidade \u00e9 que a c\u00e2mera n\u00e3o fica na parte traseira do telesc\u00f3pio, mas sim na frente, no lugar do espelho secund\u00e1rio. Tal como as antigas c\u00e2maras Schmidt das quais deriva, o telesc\u00f3pio Rowe-Ackerman oferece um campo de vis\u00e3o extremamente amplo e imagens n\u00edtidas. O instrumento \u00e9 um verdadeiro \u201caspirador de f\u00f3tons\u201d. Desde o seu lan\u00e7amento em 2014, a f\u00f3rmula RASA tornou-se a ferramenta preferida para vigil\u00e2ncia espacial e rastreamento de sat\u00e9lites artificiais. As ag\u00eancias espaciais civis e militares, bem como investigadores profissionais, utilizam esta tecnologia para rastrear detritos espaciais para salvaguardar a integridade dos sat\u00e9lites que orbitam a Terra.<\/p>\n<p>Para o Origin, os engenheiros \u00f3pticos da Celestron reinventaram a f\u00f3rmula para reduzir suas dimens\u00f5es e ao mesmo tempo facilitar seu uso e transporte. O resultado \u00e9 que supera significativamente todas as outras combina\u00e7\u00f5es \u00f3pticas dispon\u00edveis no mercado. O RASA simplesmente fornece mais f\u00f3tons em menos tempo do que um telesc\u00f3pio Newton menor e maior, um telesc\u00f3pio ou qualquer outro instrumento b\u00e1sico. Seu di\u00e2metro e baix\u00edssima rela\u00e7\u00e3o de abertura garantem imagens contrastantes com tempos de exposi\u00e7\u00e3o curtos.<\/p>\n<p>Por fim, para otimizar o desempenho, a escolha da Celestron em termos de gerador de imagens recaiu sobre uma solu\u00e7\u00e3o baseada em um sensor de cores Sony IMX178. Este sensor de \u00faltima gera\u00e7\u00e3o, com tecnologia \u201cretroiluminada\u201d, \u00e9 muito sens\u00edvel \u00e0 pouca luz e gera pouqu\u00edssimo ru\u00eddo, oferecendo imagens de alta qualidade mesmo com tempos de exposi\u00e7\u00e3o curtos. Com seus pixels de 2,4 \u00b5, a amostragem \u00e9 ideal para esta pequena dist\u00e2ncia focal e permite a obten\u00e7\u00e3o de imagens de c\u00e9u profundo de alta resolu\u00e7\u00e3o.<\/p>\n<p><strong>Transforme cada observador em um astrofot\u00f3grafo<br \/>\n<\/strong>Celestron Origin incorpora algoritmos de IA. \u00c0 medida que o telesc\u00f3pio captura dados, esses algoritmos inteligentes empilham e processam automaticamente cada imagem em tempo real. O resultado \u00e9 de tirar o f\u00f4lego, rico em cores e detalhes. Pela primeira vez, a astrofotografia est\u00e1 acess\u00edvel a entusiastas de todos os n\u00edveis, incluindo aqueles que nunca usaram um telesc\u00f3pio.<\/p>\n<p><strong>O Universo na ponta dos dedos: a tecnologia StarSense e a aplica\u00e7\u00e3o Origin<br \/>\n<\/strong>A implementa\u00e7\u00e3o do telesc\u00f3pio Celestron Origin \u00e9 desconcertantemente simples. O arranque \u00e9 autom\u00e1tico, gra\u00e7as \u00e0 tecnologia StarSense. Basta colocar o telesc\u00f3pio do lado de fora, lig\u00e1-lo e lig\u00e1-lo \u00e0 aplica\u00e7\u00e3o. Pode ent\u00e3o ficar perto do instrumento ou entrar aquecido para o utilizar. Em menos de 2 minutos, o Origin aponta para estrelas de refer\u00eancia e realiza o reconhecimento do c\u00e9u, foca automaticamente e finalmente notifica que pode come\u00e7ar a observar.<\/p>\n<p>A aplica\u00e7\u00e3o Celestron Origin foi desenvolvida em colabora\u00e7\u00e3o com a empresa Simulation Curriculum, editora do famoso software SkySafari. Oferece uma interface intuitiva de estilo planet\u00e1rio que simplifica a navega\u00e7\u00e3o no c\u00e9u noturno. A b\u00fassola e o girosc\u00f3pio do seu smartphone orientam o mapa de acordo com a dire\u00e7\u00e3o apontada, destacando os objetos celestes mais interessantes para observar. A aplica\u00e7\u00e3o pode tamb\u00e9m oferecer-lhe uma lista dos objetos mais emblem\u00e1ticos da noite (gal\u00e1xias, nebulosas, enxames de estrelas e outros objetos mais impressionantes) dependendo da sua localiza\u00e7\u00e3o geogr\u00e1fica e do hor\u00e1rio de observa\u00e7\u00e3o. Portanto, j\u00e1 n\u00e3o \u00e9 necess\u00e1rio consultar um atlas ou preparar cuidadosamente a sua observa\u00e7\u00e3o com anteced\u00eancia, o Origin faz isso por si.<\/p>\n<p>Depois de escolher o seu alvo, o telesc\u00f3pio Celestron Origin aponta-o e centra-o automaticamente no campo do sensor. Ao mudar para o modo de visualiza\u00e7\u00e3o, pode iniciar uma s\u00e9rie de exposi\u00e7\u00f5es de 10 segundos que o sistema ir\u00e1 empilhar automaticamente em tempo real. Quanto mais fotografias acumular, mais detalhes revelar\u00e1 e mais melhorar\u00e1 a qualidade da imagem final. Durante este tempo, o Origin ir\u00e1 compensar a rota\u00e7\u00e3o da Terra, acompanhar o movimento da estrela e garantir que as condi\u00e7\u00f5es de disparo permanecem ideais, por exemplo, gerindo a pot\u00eancia do dispositivo anti-embaciamento por si.<\/p>\n<p><strong>Uma experi\u00eancia celestial partilhada<br \/>\n<\/strong>Os dias de fila para observar atrav\u00e9s da ocular do telesc\u00f3pio acabaram. O Origin promove a comunidade, permitindo partilhar a experi\u00eancia de explorar o c\u00e9u noturno. <em><strong>V\u00e1rias pessoas podem ligar-se ao telesc\u00f3pio<\/strong><\/em> Celestron Origin simultaneamente e transmitir as fotografias utilizando os seus pr\u00f3prios dispositivos. Al\u00e9m disso, o Origin permite transmitir a<em><strong> transmiss\u00e3o em direto para a sua TV.<\/strong><\/em> Tamb\u00e9m pode guardar e partilhar instantaneamente a sua astrofotografia para manter um registo das suas observa\u00e7\u00f5es.<\/p>\n<p><strong>Caracter\u00edsticas avan\u00e7adas<br \/>\n<\/strong>O telesc\u00f3pio Celestron Origin oferece recursos para evoluir a sua pr\u00e1tica astrofotogr\u00e1fica. Est\u00e1 equipado com um porta-filtro amov\u00edvel, capaz de receber filtros montados nos formatos 1,25&#8243; (31,75 mm) e 2&#8243; (50,8 mm). A adi\u00e7\u00e3o de um filtro antipolui\u00e7\u00e3o opcional permitir\u00e1, por exemplo, tirar fotografias magn\u00edficas mesmo em ambientes afetados por polui\u00e7\u00e3o luminosa significativa, como os jardins urbanos ou suburbanos. No campo, longe de qualquer polui\u00e7\u00e3o luminosa, retirar\u00e1 o filtro para fotografar gal\u00e1xias ou enxames de estrelas. A vantagem do porta-filtro \u00e9 que pode instalar o filtro que desejar (antipolui\u00e7\u00e3o, OIII, etc.), caracter\u00edstica que os sistemas concorrentes com filtros internos n\u00e3o remov\u00edveis n\u00e3o possuem.<\/p>\n<p>processamento avan\u00e7ado de imagens \u00e9 poss\u00edvel com o Origin. Na verdade, armazena todas as suas imagens em bruto, que pode recuperar ligando-se \u00e0 porta USB do telesc\u00f3pio e depois process\u00e1-las no seu software favorito.<\/p>\n<p>Pode at\u00e9 faz\u00ea-lo funcionar sozinho gra\u00e7as ao sequenciador integrado. Seleciona os objetos para fotografar e vai para a cama. O instrumento executa as ordens e d\u00e1 os resultados na manh\u00e3 seguinte!<\/p>\n<p><strong>Um novo olhar sobre a Terra<br \/>\n<\/strong>Al\u00e9m de lhe revelar o Universo distante, o telesc\u00f3pio Origin pode fotografar paisagens terrestres, de dia e de noite. Basta mover manualmente o Origin at\u00e9 ao seu alvo para o fotografar. \u00c0 noite, a rela\u00e7\u00e3o de abertura muito baixa do telesc\u00f3pio, combinada com a sua c\u00e2mara ultra-sens\u00edvel, revelar\u00e1 atmosferas noturnas desconhecidas.<\/p>\n<p><strong>Leve o seu est\u00fadio de astrofotografia para onde quer que v\u00e1<\/strong><\/p>\n<p>O telesc\u00f3pio Celestron Origin \u00e9 um instrumento port\u00e1til que n\u00e3o requer liga\u00e7\u00e3o Wi-Fi externa. Pode facilmente lev\u00e1-lo sob um c\u00e9u escuro, no campo ou nas montanhas. O tubo \u00f3tico, o suporte e o trip\u00e9 s\u00e3o montados facilmente, sem necessidade de ferramentas; cada elemento pesa menos de 8 kg. Bolsas e malas de transporte est\u00e3o dispon\u00edveis como op\u00e7\u00e3o.<\/p>\n<p><strong>O Origin vem com tudo o que um astrofot\u00f3grafo precisa:<br \/>\n<\/strong>Um tubo \u00f3tico RASA de 152 mm (6&#8243;) de di\u00e2metro com uma c\u00e2mara integrada<br \/>\nUm suporte motorizado de bra\u00e7o \u00fanico, incluindo uma bateria de l\u00edtio<br \/>\nUm computador de bordo com ventoinhas e liga\u00e7\u00e3o Wi-Fi<br \/>\nUm sistema de focagem autom\u00e1tica<br \/>\nUm dispositivo anti-embaciamento, equipado com uma resist\u00eancia de aquecimento, um escudo r\u00edgido contra nevoeiro e um sensor de temperatura\/humidade<br \/>\nUma gaveta porta-filtro<br \/>\nUm trip\u00e9 ajust\u00e1vel em altura<br \/>\nUma tampa protetora<br \/>\nUm carregador de baterias<\/p>\n","protected":false},"excerpt":{"rendered":"<p>Telesc\u00f3pio Celestron Origin 6&#8243; Rowe-Ackerman (RASA) Ver no youtube \u2022 Abertura: 152mm (6&#8243;) \u2022 Dist\u00e2ncia focal: 335mm \u2022 Raz\u00e3o Focal: f\/2.2 \u2022 Capacidade de resolu\u00e7\u00e3o: 0,91 \u2022 Magnitude limite: 12.7 \u2022 Revestimento: Starbright XLT \u2022 Peso: 7,7Kg \u2022 Trip\u00e9 de a\u00e7o \u2022 Peso do trip\u00e9: 6,4Kg Ports: Ethernet: One on the optical tube | AUXILIARY<\/p>\n<div class=\"more-link\">\n\t\t\t\t <a href=\"https:\/\/site.astrofoto.com.pt\/welcome\/produto\/telescopio-celestron-origin-6-rowe-ackerman-rasa\/\" class=\"btn theme-btn inverted\"><span>Continuar a Ler <\/span><\/a>\n\t\t\t<\/div>\n","protected":false},"featured_media":9835,"comment_status":"closed","ping_status":"closed","template":"","meta":[],"product_brand":[],"product_cat":[67,6,68],"product_tag":[],"class_list":{"0":"post-9832","1":"product","2":"type-product","3":"status-publish","4":"has-post-thumbnail","6":"product_cat-https-site-astrofoto-com-pt-welcome-categoria-produto-novidade","7":"product_cat-telescopios","8":"product_cat-wi-fi","10":"first","11":"onbackorder","12":"sale","13":"shipping-taxable","14":"purchasable","15":"product-type-simple"},"_links":{"self":[{"href":"https:\/\/site.astrofoto.com.pt\/welcome\/wp-json\/wp\/v2\/product\/9832","targetHints":{"allow":["GET"]}}],"collection":[{"href":"https:\/\/site.astrofoto.com.pt\/welcome\/wp-json\/wp\/v2\/product"}],"about":[{"href":"https:\/\/site.astrofoto.com.pt\/welcome\/wp-json\/wp\/v2\/types\/product"}],"replies":[{"embeddable":true,"href":"https:\/\/site.astrofoto.com.pt\/welcome\/wp-json\/wp\/v2\/comments?post=9832"}],"wp:featuredmedia":[{"embeddable":true,"href":"https:\/\/site.astrofoto.com.pt\/welcome\/wp-json\/wp\/v2\/media\/9835"}],"wp:attachment":[{"href":"https:\/\/site.astrofoto.com.pt\/welcome\/wp-json\/wp\/v2\/media?parent=9832"}],"wp:term":[{"taxonomy":"product_brand","embeddable":true,"href":"https:\/\/site.astrofoto.com.pt\/welcome\/wp-json\/wp\/v2\/product_brand?post=9832"},{"taxonomy":"product_cat","embeddable":true,"href":"https:\/\/site.astrofoto.com.pt\/welcome\/wp-json\/wp\/v2\/product_cat?post=9832"},{"taxonomy":"product_tag","embeddable":true,"href":"https:\/\/site.astrofoto.com.pt\/welcome\/wp-json\/wp\/v2\/product_tag?post=9832"}],"curies":[{"name":"wp","href":"https:\/\/api.w.org\/{rel}","templated":true}]}}