{"id":9827,"date":"2024-07-06T21:50:28","date_gmt":"2024-07-06T21:50:28","guid":{"rendered":"https:\/\/site.astrofoto.com.pt\/welcome\/?post_type=product&#038;p=9827"},"modified":"2026-01-21T16:56:19","modified_gmt":"2026-01-21T16:56:19","slug":"telescopio-evscope-equinox-2","status":"publish","type":"product","link":"https:\/\/site.astrofoto.com.pt\/welcome\/produto\/telescopio-evscope-equinox-2\/","title":{"rendered":"Telescopio eVscope Equinox 2"},"content":{"rendered":"<p><strong>Telescopio eVscope Unistellar Equinox 2<br \/>\n<\/strong>\u25baVer no <a href=\"https:\/\/www.astroshop.eu\/telescopes\/unistellar-smart-telescope-n-114-450-equinox-2\/p,77413#description\">Youtube<\/a><\/p>\n<p><strong>&#x2665;&#x2665;&#x2665; <\/strong>com legendas em espanhol<strong>:<a href=\"https:\/\/www.youtube.com\/watch?v=q9mQUU_9IV0\"> youtube<\/a><\/strong><\/p>\n<p>\u25ba <strong><em>Combina a simplicidade de opera\u00e7\u00e3o dos sistemas &#8220;GoTo&#8221; com as vantagens das imagens &#8220;tratadas&#8221; dos astrofot\u00f3grafos avan\u00e7ados<br \/>\n<\/em><\/strong><em><span class=\"VIiyi\" lang=\"pt\"><span class=\"JLqJ4b\" data-language-for-alternatives=\"pt\" data-language-to-translate-into=\"auto\" data-phrase-index=\"0\">\u25baO Enhanced Vision da Unistellar \u00e9 uma tecnologia que se baseia no acumular de luz em curtos per\u00edodos de tempo usando um sensor muito sensivel, bem como em nossos pr\u00f3prios algoritmos\u00a0 de processamento de imagem que funcionam em um m\u00f3dulo de c\u00e1lculo integrado. A imagem amplificada resultante \u00e9 projectada em foco infinito no olho do observador com uma taxa de contraste extremamente alta, criando uma experi\u00eancia genu\u00edna e ao vivo de observa\u00e7\u00e3o do c\u00e9u. As configura\u00e7\u00f5es do sensor e os par\u00e2metros de processamento de imagem s\u00e3o ajustados automaticamente.<\/span><\/span><\/em><\/p>\n<p><strong><em>\u25baSetup: <a href=\"https:\/\/www.youtube.com\/watch?v=4AHuiwU-NyA&amp;t=4s\">ver no youtube<\/a><br \/>\n\u2022 <a href=\"https:\/\/www.youtube.com\/watch?v=lmWzrkkgBm8\">Ver no Youtube<\/a><br \/>\n<\/em><\/strong><a href=\"https:\/\/www.youtube.com\/watch?v=FrltPtAwKc0\"><strong><em>\u2022 Ver no Youtube<\/em><\/strong><\/a><\/p>\n<p>&#x2665; Telesc\u00f3pio automatizado muito f\u00e1cil de usar<br \/>\n&#x2665; Nenhum pr\u00e9-requisito em Astronomia \u00e9 necess\u00e1rio<br \/>\n&#x2665; Tecnologia patenteada de &#8220;vis\u00e3o ampliada&#8221;<br \/>\n&#x2665; Permite que voc\u00ea comece na capta\u00e7\u00e3o de imagem gra\u00e7as ao visual assistido<br \/>\n&#x2665; Compacto, leve, control\u00e1vel por smartphone \/ tablet<\/p>\n<p>\u2022Tubo \u00f3ptico de constru\u00e7\u00e3o tipo Newton com espelho prim\u00e1rio de 114 mm de di\u00e2metro<br \/>\n\u2022Dist\u00e2ncia focal: 450 mm (f\/3,94)<br \/>\n\u2022Montagem: Altazimuth motorizada de eixo duplo e GoTo (mira autom\u00e1tica)<br \/>\n\u2022Poder de Separa\u00e7\u00e3o: 2seg\/arco<br \/>\n\u2022Limite de magnitude: *&lt;16 em c\u00e9u de qualidade m\u00e9dia num minuto *at\u00e9 18 em condi\u00e7\u00f5es excelentes ao longo de v\u00e1rios minutos<br \/>\n\u2022Aumento: 50x<br \/>\n\u2022Amplia\u00e7\u00e3o digital at\u00e9 400x (m\u00e1ximo 150x recomendado)<br \/>\n\u2022Peso: 9 kg com trip\u00e9 inclu\u00eddo<br \/>\n\u2022Bateria recarreg\u00e1vel embutida: At\u00e9 10 horas de vida \u00fatil da bateria<\/p>\n<p>\u25ba<strong>Caracter\u00edsticas:<\/strong><br \/>\n\u2022Sensor\u00a0 Sony 6.2 Mpx (no espelho secund\u00e1rio)<br \/>\n\u2022Visor:LED de exibi\u00e7\u00e3o direta (contraste ultra alto com True Black)<br \/>\n\u2022Processamento de imagem integrado<br \/>\n\u2022Redu\u00e7\u00e3o do ru\u00eddo digital e polui\u00e7\u00e3o luminosa<br \/>\n\u2022B\u00fassola integrada<br \/>\n\u2022Aceler\u00f4metro de 3 eixos integrado<br \/>\n\u2022Liga\u00e7\u00e3o a smartphone \/ tablet via Wifi com APP &#8220;Unistellar&#8221;<br \/>\n\u2022Mochila Opcional<a href=\"https:\/\/site.astrofoto.com.pt\/welcome\/produto\/saco-mochila-evscope\/\"><em> ver<\/em><\/a><\/p>\n<p>\u25ba<strong>Capacidades:<\/strong><br \/>\n\u2022 Reconhecimento de campo e alinhamento totalmente autom\u00e1tico em 10 segundos<br \/>\n\u2022 Rastreamento do C\u00e9u automatizado<br \/>\n\u2022 Apontamento e seguimento automatizado (GoTo)<br \/>\n\u2022 Banco de dados mais de 5.000 objetos na mem\u00f3ria<br \/>\n\u2022 Informa\u00e7\u00f5es detalhadas sobre 120 objetos celestes<br \/>\n\u2022 Sugest\u00e3o de &#8220;tour&#8221; objetos a ver &#8211; dependendo da hora, data e posi\u00e7\u00e3o (localiza\u00e7\u00e3o) do smartphone que controla o telesc\u00f3pio<br \/>\n\u2022 Eventos de oculta\u00e7\u00e3o de aster\u00f3ides, etc<\/p>\n<p><strong><em>\u25ba<a href=\"https:\/\/help.unistellar.com\/hc\/en-us\">Suporte<\/a><\/em><\/strong><\/p>\n","protected":false},"excerpt":{"rendered":"<p>Telescopio eVscope Unistellar Equinox 2 \u25baVer no Youtube &#x2665;&#x2665;&#x2665; com legendas em espanhol: youtube \u25ba Combina a simplicidade de opera\u00e7\u00e3o dos sistemas &#8220;GoTo&#8221; com as vantagens das imagens &#8220;tratadas&#8221; dos astrofot\u00f3grafos avan\u00e7ados \u25baO Enhanced Vision da Unistellar \u00e9 uma tecnologia que se baseia no acumular de luz em curtos per\u00edodos de tempo usando um sensor<\/p>\n<div class=\"more-link\">\n\t\t\t\t <a href=\"https:\/\/site.astrofoto.com.pt\/welcome\/produto\/telescopio-evscope-equinox-2\/\" class=\"btn theme-btn inverted\"><span>Continuar a Ler <\/span><\/a>\n\t\t\t<\/div>\n","protected":false},"featured_media":6914,"comment_status":"closed","ping_status":"closed","template":"","meta":[],"product_brand":[],"product_cat":[84,15,68],"product_tag":[],"class_list":{"0":"post-9827","1":"product","2":"type-product","3":"status-publish","4":"has-post-thumbnail","6":"product_cat-goto","7":"product_cat-telescopios-reflectores","8":"product_cat-wi-fi","10":"first","11":"onbackorder","12":"shipping-taxable","13":"purchasable","14":"product-type-simple"},"_links":{"self":[{"href":"https:\/\/site.astrofoto.com.pt\/welcome\/wp-json\/wp\/v2\/product\/9827","targetHints":{"allow":["GET"]}}],"collection":[{"href":"https:\/\/site.astrofoto.com.pt\/welcome\/wp-json\/wp\/v2\/product"}],"about":[{"href":"https:\/\/site.astrofoto.com.pt\/welcome\/wp-json\/wp\/v2\/types\/product"}],"replies":[{"embeddable":true,"href":"https:\/\/site.astrofoto.com.pt\/welcome\/wp-json\/wp\/v2\/comments?post=9827"}],"wp:featuredmedia":[{"embeddable":true,"href":"https:\/\/site.astrofoto.com.pt\/welcome\/wp-json\/wp\/v2\/media\/6914"}],"wp:attachment":[{"href":"https:\/\/site.astrofoto.com.pt\/welcome\/wp-json\/wp\/v2\/media?parent=9827"}],"wp:term":[{"taxonomy":"product_brand","embeddable":true,"href":"https:\/\/site.astrofoto.com.pt\/welcome\/wp-json\/wp\/v2\/product_brand?post=9827"},{"taxonomy":"product_cat","embeddable":true,"href":"https:\/\/site.astrofoto.com.pt\/welcome\/wp-json\/wp\/v2\/product_cat?post=9827"},{"taxonomy":"product_tag","embeddable":true,"href":"https:\/\/site.astrofoto.com.pt\/welcome\/wp-json\/wp\/v2\/product_tag?post=9827"}],"curies":[{"name":"wp","href":"https:\/\/api.w.org\/{rel}","templated":true}]}}