{"id":9809,"date":"2024-07-03T09:19:11","date_gmt":"2024-07-03T09:19:11","guid":{"rendered":"https:\/\/site.astrofoto.com.pt\/welcome\/?post_type=product&#038;p=9809"},"modified":"2025-04-13T20:34:39","modified_gmt":"2025-04-13T20:34:39","slug":"telescopio-solar-lunt-h-alpha-40-b1200","status":"publish","type":"product","link":"https:\/\/site.astrofoto.com.pt\/welcome\/produto\/telescopio-solar-lunt-h-alpha-40-b1200\/","title":{"rendered":"Telescopio Solar Lunt H-alpha 40 B1200"},"content":{"rendered":"<p><strong>Telescopio Solar Lunt H-alpha 40 B1200<br \/>\n<\/strong><\/p>\n<p>\u2022 Diametro da objetiva: 40mm<br \/>\n\u2022 Focal: 400mm<br \/>\n\u2022 Raz\u00e3o focal: f\/10<br \/>\n\u2022 Banda passante &lt; 0.7\u00c5 (sem obstru\u00e7\u00e3o)<br \/>\n\u2022 Blocking filter: 1200 (12mm)<br \/>\n\u2022 Acerto mecanico por inclina\u00e7\u00e3o<br \/>\n\u2022 Buscador solar seguro<br \/>\n\u2022 Dovetail tipo vixen<br \/>\n\u2022 Focador helicoidal 1.25&#8243;<br \/>\n\u2022 Peso:\u00a0 1.3kg<br \/>\n\u2022 Comprimento: 40cm<\/p>\n","protected":false},"excerpt":{"rendered":"<p>Telescopio Solar Lunt H-alpha 40 B1200 \u2022 Diametro da objetiva: 40mm \u2022 Focal: 400mm \u2022 Raz\u00e3o focal: f\/10 \u2022 Banda passante &lt; 0.7\u00c5 (sem obstru\u00e7\u00e3o) \u2022 Blocking filter: 1200 (12mm) \u2022 Acerto mecanico por inclina\u00e7\u00e3o \u2022 Buscador solar seguro \u2022 Dovetail tipo vixen \u2022 Focador helicoidal 1.25&#8243; \u2022 Peso:\u00a0 1.3kg \u2022 Comprimento: 40cm<\/p>\n","protected":false},"featured_media":8349,"comment_status":"closed","ping_status":"closed","template":"","meta":[],"product_brand":[],"product_cat":[19],"product_tag":[],"class_list":{"0":"post-9809","1":"product","2":"type-product","3":"status-publish","4":"has-post-thumbnail","6":"product_cat-telescopios-solares","8":"first","9":"onbackorder","10":"shipping-taxable","11":"purchasable","12":"product-type-simple"},"_links":{"self":[{"href":"https:\/\/site.astrofoto.com.pt\/welcome\/wp-json\/wp\/v2\/product\/9809","targetHints":{"allow":["GET"]}}],"collection":[{"href":"https:\/\/site.astrofoto.com.pt\/welcome\/wp-json\/wp\/v2\/product"}],"about":[{"href":"https:\/\/site.astrofoto.com.pt\/welcome\/wp-json\/wp\/v2\/types\/product"}],"replies":[{"embeddable":true,"href":"https:\/\/site.astrofoto.com.pt\/welcome\/wp-json\/wp\/v2\/comments?post=9809"}],"wp:featuredmedia":[{"embeddable":true,"href":"https:\/\/site.astrofoto.com.pt\/welcome\/wp-json\/wp\/v2\/media\/8349"}],"wp:attachment":[{"href":"https:\/\/site.astrofoto.com.pt\/welcome\/wp-json\/wp\/v2\/media?parent=9809"}],"wp:term":[{"taxonomy":"product_brand","embeddable":true,"href":"https:\/\/site.astrofoto.com.pt\/welcome\/wp-json\/wp\/v2\/product_brand?post=9809"},{"taxonomy":"product_cat","embeddable":true,"href":"https:\/\/site.astrofoto.com.pt\/welcome\/wp-json\/wp\/v2\/product_cat?post=9809"},{"taxonomy":"product_tag","embeddable":true,"href":"https:\/\/site.astrofoto.com.pt\/welcome\/wp-json\/wp\/v2\/product_tag?post=9809"}],"curies":[{"name":"wp","href":"https:\/\/api.w.org\/{rel}","templated":true}]}}