{"id":9804,"date":"2024-07-02T11:13:16","date_gmt":"2024-07-02T11:13:16","guid":{"rendered":"https:\/\/site.astrofoto.com.pt\/welcome\/?post_type=product&#038;p=9804"},"modified":"2025-09-09T15:45:52","modified_gmt":"2025-09-09T15:45:52","slug":"camara-zwo-asi-585-mc-color","status":"publish","type":"product","link":"https:\/\/site.astrofoto.com.pt\/welcome\/produto\/camara-zwo-asi-585-mc-color\/","title":{"rendered":"C\u00e2mara ZWO ASI 585 MC\u00a0 Color"},"content":{"rendered":"<p><strong>C\u00e2mara ZWO ASI 585 MC\u00a0 Color<\/strong><\/p>\n<p>\u2022 Sensor: CMOS Chip (Sony IMX585)<br \/>\n\u2022 Megapixel: 8,3<br \/>\n\u2022 Resolu\u00e7\u00e3o: 3840 x 2160 pixeis<br \/>\n\u2022 Tamanho de pixel: 2,9<br \/>\n\u2022 Interfaces: USB 3.0 ST4<br \/>\n\u2022 Bit: 12<br \/>\n\u2022 Tempo de exposi\u00e7\u00e3o m\u00e1xima: 33,3 minutos<br \/>\n\u2022 Tempo de exposi\u00e7\u00e3o min.: 32 \u00b5s<br \/>\n\u2022 Reading noise: 0,8<br \/>\n\u2022 Imagens por segundo: 47<br \/>\n\u2022 Chip \u2013 Diagonal: 12,8mm<br \/>\n\u2022 Tamanho do chip: 11,1 x 6,3mm<br \/>\n\u2022 Eficiencia Quantica: 91%<br \/>\n\u2022 Liga\u00e7\u00f5es: 1,25\u2033 \/ 2\u2033 \/ T2<br \/>\n\u2022 Sistema operativos: Windows, Mac, Linux<br \/>\n\u2022 Peso: 126gr<\/p>\n","protected":false},"excerpt":{"rendered":"<p>C\u00e2mara ZWO ASI 585 MC\u00a0 Color \u2022 Sensor: CMOS Chip (Sony IMX585) \u2022 Megapixel: 8,3 \u2022 Resolu\u00e7\u00e3o: 3840 x 2160 pixeis \u2022 Tamanho de pixel: 2,9 \u2022 Interfaces: USB 3.0 ST4 \u2022 Bit: 12 \u2022 Tempo de exposi\u00e7\u00e3o m\u00e1xima: 33,3 minutos \u2022 Tempo de exposi\u00e7\u00e3o min.: 32 \u00b5s \u2022 Reading noise: 0,8 \u2022 Imagens por<\/p>\n<div class=\"more-link\">\n\t\t\t\t <a href=\"https:\/\/site.astrofoto.com.pt\/welcome\/produto\/camara-zwo-asi-585-mc-color\/\" class=\"btn theme-btn inverted\"><span>Continuar a Ler <\/span><\/a>\n\t\t\t<\/div>\n","protected":false},"featured_media":9805,"comment_status":"closed","ping_status":"closed","template":"","meta":[],"product_brand":[],"product_cat":[24],"product_tag":[],"class_list":{"0":"post-9804","1":"product","2":"type-product","3":"status-publish","4":"has-post-thumbnail","6":"product_cat-fotografia-astronomica","8":"first","9":"onbackorder","10":"shipping-taxable","11":"purchasable","12":"product-type-simple"},"_links":{"self":[{"href":"https:\/\/site.astrofoto.com.pt\/welcome\/wp-json\/wp\/v2\/product\/9804","targetHints":{"allow":["GET"]}}],"collection":[{"href":"https:\/\/site.astrofoto.com.pt\/welcome\/wp-json\/wp\/v2\/product"}],"about":[{"href":"https:\/\/site.astrofoto.com.pt\/welcome\/wp-json\/wp\/v2\/types\/product"}],"replies":[{"embeddable":true,"href":"https:\/\/site.astrofoto.com.pt\/welcome\/wp-json\/wp\/v2\/comments?post=9804"}],"wp:featuredmedia":[{"embeddable":true,"href":"https:\/\/site.astrofoto.com.pt\/welcome\/wp-json\/wp\/v2\/media\/9805"}],"wp:attachment":[{"href":"https:\/\/site.astrofoto.com.pt\/welcome\/wp-json\/wp\/v2\/media?parent=9804"}],"wp:term":[{"taxonomy":"product_brand","embeddable":true,"href":"https:\/\/site.astrofoto.com.pt\/welcome\/wp-json\/wp\/v2\/product_brand?post=9804"},{"taxonomy":"product_cat","embeddable":true,"href":"https:\/\/site.astrofoto.com.pt\/welcome\/wp-json\/wp\/v2\/product_cat?post=9804"},{"taxonomy":"product_tag","embeddable":true,"href":"https:\/\/site.astrofoto.com.pt\/welcome\/wp-json\/wp\/v2\/product_tag?post=9804"}],"curies":[{"name":"wp","href":"https:\/\/api.w.org\/{rel}","templated":true}]}}