{"id":9797,"date":"2024-07-02T10:43:31","date_gmt":"2024-07-02T10:43:31","guid":{"rendered":"https:\/\/site.astrofoto.com.pt\/welcome\/?post_type=product&#038;p=9797"},"modified":"2025-08-28T16:32:24","modified_gmt":"2025-08-28T16:32:24","slug":"camara-zwo-asi-585-mc-pro-color","status":"publish","type":"product","link":"https:\/\/site.astrofoto.com.pt\/welcome\/produto\/camara-zwo-asi-585-mc-pro-color\/","title":{"rendered":"C\u00e2mara ZWO ASI 585 MC Pro Color ***NOVA"},"content":{"rendered":"<p><strong>C\u00e2mara ZWO ASI 585 MC Pro Color<\/strong><\/p>\n<p>\u2022 Sensor: CMOS Chip (Sony IMX585)<br \/>\n\u2022 Megapixel: 8,29<br \/>\n\u2022 Resolu\u00e7\u00e3o: 3840 x 2160 pixeis<br \/>\n\u2022 Tamanho de pixel: 2,9<br \/>\n\u2022 Interfaces: USB 2.0, USB 3.0<br \/>\n\u2022 Bit: 12<br \/>\n\u2022 Arrefecimento activo: -35\u00ba abaixo da temperatura ambiente<br \/>\n\u2022 Tempo de exposi\u00e7\u00e3o m\u00e1xima: 33,3 minutos<br \/>\n\u2022 Tempo de exposi\u00e7\u00e3o min.: 32 \u00b5s<br \/>\n\u2022 Reading noise: 0,7<br \/>\n\u2022 Imagens por segundo: 47<br \/>\n\u2022 Chip \u2013 Diagonal: 12,84mm<br \/>\n\u2022 Tamanho do chip: 11,2 x 6,3mm<br \/>\n\u2022 Memoria interna: DDR3 RAM<br \/>\n\u2022 Eficiencia Quantica: 91%<br \/>\n\u2022 \u201cBuffer\u201d de memoria: 512 Mb<br \/>\n\u2022 Liga\u00e7\u00f5es: 1,25&#8243; \/ 2&#8243; \/ T2<br \/>\n\u2022 Sistema operativos: Windows, Mac, Linux<br \/>\n\u2022 Peso: 410gr<\/p>\n<p>&nbsp;<\/p>\n","protected":false},"excerpt":{"rendered":"<p>C\u00e2mara ZWO ASI 585 MC Pro Color \u2022 Sensor: CMOS Chip (Sony IMX585) \u2022 Megapixel: 8,29 \u2022 Resolu\u00e7\u00e3o: 3840 x 2160 pixeis \u2022 Tamanho de pixel: 2,9 \u2022 Interfaces: USB 2.0, USB 3.0 \u2022 Bit: 12 \u2022 Arrefecimento activo: -35\u00ba abaixo da temperatura ambiente \u2022 Tempo de exposi\u00e7\u00e3o m\u00e1xima: 33,3 minutos \u2022 Tempo de exposi\u00e7\u00e3o<\/p>\n<div class=\"more-link\">\n\t\t\t\t <a href=\"https:\/\/site.astrofoto.com.pt\/welcome\/produto\/camara-zwo-asi-585-mc-pro-color\/\" class=\"btn theme-btn inverted\"><span>Continuar a Ler <\/span><\/a>\n\t\t\t<\/div>\n","protected":false},"featured_media":9799,"comment_status":"closed","ping_status":"closed","template":"","meta":[],"product_brand":[],"product_cat":[24,67],"product_tag":[],"class_list":{"0":"post-9797","1":"product","2":"type-product","3":"status-publish","4":"has-post-thumbnail","6":"product_cat-fotografia-astronomica","7":"product_cat-https-site-astrofoto-com-pt-welcome-categoria-produto-novidade","9":"first","10":"onbackorder","11":"shipping-taxable","12":"purchasable","13":"product-type-simple"},"_links":{"self":[{"href":"https:\/\/site.astrofoto.com.pt\/welcome\/wp-json\/wp\/v2\/product\/9797","targetHints":{"allow":["GET"]}}],"collection":[{"href":"https:\/\/site.astrofoto.com.pt\/welcome\/wp-json\/wp\/v2\/product"}],"about":[{"href":"https:\/\/site.astrofoto.com.pt\/welcome\/wp-json\/wp\/v2\/types\/product"}],"replies":[{"embeddable":true,"href":"https:\/\/site.astrofoto.com.pt\/welcome\/wp-json\/wp\/v2\/comments?post=9797"}],"wp:featuredmedia":[{"embeddable":true,"href":"https:\/\/site.astrofoto.com.pt\/welcome\/wp-json\/wp\/v2\/media\/9799"}],"wp:attachment":[{"href":"https:\/\/site.astrofoto.com.pt\/welcome\/wp-json\/wp\/v2\/media?parent=9797"}],"wp:term":[{"taxonomy":"product_brand","embeddable":true,"href":"https:\/\/site.astrofoto.com.pt\/welcome\/wp-json\/wp\/v2\/product_brand?post=9797"},{"taxonomy":"product_cat","embeddable":true,"href":"https:\/\/site.astrofoto.com.pt\/welcome\/wp-json\/wp\/v2\/product_cat?post=9797"},{"taxonomy":"product_tag","embeddable":true,"href":"https:\/\/site.astrofoto.com.pt\/welcome\/wp-json\/wp\/v2\/product_tag?post=9797"}],"curies":[{"name":"wp","href":"https:\/\/api.w.org\/{rel}","templated":true}]}}