{"id":9790,"date":"2024-07-01T16:45:28","date_gmt":"2024-07-01T16:45:28","guid":{"rendered":"https:\/\/site.astrofoto.com.pt\/welcome\/?post_type=product&#038;p=9790"},"modified":"2025-09-09T12:33:17","modified_gmt":"2025-09-09T12:33:17","slug":"9790","status":"publish","type":"product","link":"https:\/\/site.astrofoto.com.pt\/welcome\/produto\/9790\/","title":{"rendered":"Camara ZWO ASI 664MC Cor"},"content":{"rendered":"<p><strong>Camara ZWO ASI 664MC Cor<\/strong><\/p>\n<p>Com seu sensor de cor de 1\/1,8&#8243;, a c\u00e2mara ZWO ASI664MC \u00e9 adequada para imagens planet\u00e1rias de alta velocidade. Dessa forma, voc\u00ea obter\u00e1 magn\u00edficas fotografias coloridas dos planetas, libertando-se dos caprichos da turbul\u00eancia atmosf\u00e9rica. Gra\u00e7as \u00e0 sua sensibilidade \u00e0 baixa luminosidade, a 664MC oferece excelentes resultados em imagens visuais assistidas ou de c\u00e9u profundo, utilizando a t\u00e9cnica de &#8220;lucky imaging&#8221; (aquisi\u00e7\u00e3o r\u00e1pida de imagens em sequ\u00eancia e, em seguida, empilhamento de um grande n\u00famero de imagens de c\u00e9u profundo).<\/p>\n<p>\u2022 Sensor: CMOS Sony IMX664<br \/>\n\u2022 Megapixel: 4,15<br \/>\n\u2022 Resolu\u00e7\u00e3o: 2704 x 1536 px<br \/>\n\u2022 Tamanho de pixel: 2,9 \u00b5m<br \/>\n\u2022 USB 3.0<br \/>\n\u2022 Bit: 12<br \/>\n\u2022 Temperatura de funcionamento: -5\u00ba a +45\u00ba<br \/>\n\u2022 Tempo de exposi\u00e7\u00e3o m\u00e1xima: 33,3m<br \/>\n\u2022 Tempo de exposi\u00e7\u00e3o min.: 32 \u00b5s<br \/>\n\u2022 Imagens por segundo: 95<br \/>\n\u2022 Chip \u2013 Diagonal: 9,02 mm<br \/>\n\u2022 Tamanho do chip: 7,84 x 4,45 mm<br \/>\n\u2022 Autoguider: RJ12 compativel ST4<br \/>\n\u2022 Quantal efficiency: 91%<br \/>\n\u2022 Alimenta\u00e7\u00e3o 5v (USB)<br \/>\n\u2022 Entrada (Telescopio): 1.25&#8243;_T2<br \/>\n\u2022 Peso: 126gr<\/p>\n","protected":false},"excerpt":{"rendered":"<p>Camara ZWO ASI 664MC Cor Com seu sensor de cor de 1\/1,8&#8243;, a c\u00e2mara ZWO ASI664MC \u00e9 adequada para imagens planet\u00e1rias de alta velocidade. Dessa forma, voc\u00ea obter\u00e1 magn\u00edficas fotografias coloridas dos planetas, libertando-se dos caprichos da turbul\u00eancia atmosf\u00e9rica. Gra\u00e7as \u00e0 sua sensibilidade \u00e0 baixa luminosidade, a 664MC oferece excelentes resultados em imagens visuais assistidas<\/p>\n<div class=\"more-link\">\n\t\t\t\t <a href=\"https:\/\/site.astrofoto.com.pt\/welcome\/produto\/9790\/\" class=\"btn theme-btn inverted\"><span>Continuar a Ler <\/span><\/a>\n\t\t\t<\/div>\n","protected":false},"featured_media":9791,"comment_status":"closed","ping_status":"closed","template":"","meta":[],"product_brand":[],"product_cat":[24],"product_tag":[],"class_list":{"0":"post-9790","1":"product","2":"type-product","3":"status-publish","4":"has-post-thumbnail","6":"product_cat-fotografia-astronomica","8":"first","9":"onbackorder","10":"shipping-taxable","11":"purchasable","12":"product-type-simple"},"_links":{"self":[{"href":"https:\/\/site.astrofoto.com.pt\/welcome\/wp-json\/wp\/v2\/product\/9790","targetHints":{"allow":["GET"]}}],"collection":[{"href":"https:\/\/site.astrofoto.com.pt\/welcome\/wp-json\/wp\/v2\/product"}],"about":[{"href":"https:\/\/site.astrofoto.com.pt\/welcome\/wp-json\/wp\/v2\/types\/product"}],"replies":[{"embeddable":true,"href":"https:\/\/site.astrofoto.com.pt\/welcome\/wp-json\/wp\/v2\/comments?post=9790"}],"wp:featuredmedia":[{"embeddable":true,"href":"https:\/\/site.astrofoto.com.pt\/welcome\/wp-json\/wp\/v2\/media\/9791"}],"wp:attachment":[{"href":"https:\/\/site.astrofoto.com.pt\/welcome\/wp-json\/wp\/v2\/media?parent=9790"}],"wp:term":[{"taxonomy":"product_brand","embeddable":true,"href":"https:\/\/site.astrofoto.com.pt\/welcome\/wp-json\/wp\/v2\/product_brand?post=9790"},{"taxonomy":"product_cat","embeddable":true,"href":"https:\/\/site.astrofoto.com.pt\/welcome\/wp-json\/wp\/v2\/product_cat?post=9790"},{"taxonomy":"product_tag","embeddable":true,"href":"https:\/\/site.astrofoto.com.pt\/welcome\/wp-json\/wp\/v2\/product_tag?post=9790"}],"curies":[{"name":"wp","href":"https:\/\/api.w.org\/{rel}","templated":true}]}}