{"id":977,"date":"2015-09-18T19:04:48","date_gmt":"2015-09-18T19:04:48","guid":{"rendered":"http:\/\/site.astrofoto.com.pt\/welcome\/?post_type=product&#038;p=977"},"modified":"2025-08-21T15:09:48","modified_gmt":"2025-08-21T15:09:48","slug":"montagem-neq5","status":"publish","type":"product","link":"https:\/\/site.astrofoto.com.pt\/welcome\/produto\/montagem-neq5\/","title":{"rendered":"Montagem SW NEQ5"},"content":{"rendered":"<p>Montagem SkyWatcher NEQ5<\/p>\n<p>\u2022 Motoriza\u00e7\u00e3o opcional em ambos os eixos<br \/>\n\u2022 Buscador polar opcional<br \/>\n\u2022 Rodas dentadas de 144 dentes em ambos os eixos<br \/>\n\u2022 Movimento milim\u00e9trico de rota\u00e7\u00e3o infinita em ambos os eixos Dec. e A.R.<br \/>\n\u2022 Dois contrapesos de 3 kg inclu\u00eddos<br \/>\n\u2022 Peso maximo: 10Kg<br \/>\n\u2022 maximo em astrofotografia: 7 Kg<br \/>\n\u2022 Peso: 12 kg (com trip\u00e9)<br \/>\n\u2022 Trip\u00e9 de A\u00c7O<\/p>\n<p>&nbsp;<\/p>\n","protected":false},"excerpt":{"rendered":"<p>Montagem SkyWatcher NEQ5 \u2022 Motoriza\u00e7\u00e3o opcional em ambos os eixos \u2022 Buscador polar opcional \u2022 Rodas dentadas de 144 dentes em ambos os eixos \u2022 Movimento milim\u00e9trico de rota\u00e7\u00e3o infinita em ambos os eixos Dec. e A.R. \u2022 Dois contrapesos de 3 kg inclu\u00eddos \u2022 Peso maximo: 10Kg \u2022 maximo em astrofotografia: 7 Kg \u2022<\/p>\n<div class=\"more-link\">\n\t\t\t\t <a href=\"https:\/\/site.astrofoto.com.pt\/welcome\/produto\/montagem-neq5\/\" class=\"btn theme-btn inverted\"><span>Continuar a Ler <\/span><\/a>\n\t\t\t<\/div>\n","protected":false},"featured_media":3285,"comment_status":"open","ping_status":"closed","template":"","meta":[],"product_brand":[],"product_cat":[14,92],"product_tag":[],"class_list":{"0":"post-977","1":"product","2":"type-product","3":"status-publish","4":"has-post-thumbnail","6":"product_cat-montagens","7":"product_cat-swpromo","8":"product_shipping_class-taxa-media","10":"first","11":"onbackorder","12":"sale","13":"shipping-taxable","14":"purchasable","15":"product-type-simple"},"_links":{"self":[{"href":"https:\/\/site.astrofoto.com.pt\/welcome\/wp-json\/wp\/v2\/product\/977","targetHints":{"allow":["GET"]}}],"collection":[{"href":"https:\/\/site.astrofoto.com.pt\/welcome\/wp-json\/wp\/v2\/product"}],"about":[{"href":"https:\/\/site.astrofoto.com.pt\/welcome\/wp-json\/wp\/v2\/types\/product"}],"replies":[{"embeddable":true,"href":"https:\/\/site.astrofoto.com.pt\/welcome\/wp-json\/wp\/v2\/comments?post=977"}],"wp:featuredmedia":[{"embeddable":true,"href":"https:\/\/site.astrofoto.com.pt\/welcome\/wp-json\/wp\/v2\/media\/3285"}],"wp:attachment":[{"href":"https:\/\/site.astrofoto.com.pt\/welcome\/wp-json\/wp\/v2\/media?parent=977"}],"wp:term":[{"taxonomy":"product_brand","embeddable":true,"href":"https:\/\/site.astrofoto.com.pt\/welcome\/wp-json\/wp\/v2\/product_brand?post=977"},{"taxonomy":"product_cat","embeddable":true,"href":"https:\/\/site.astrofoto.com.pt\/welcome\/wp-json\/wp\/v2\/product_cat?post=977"},{"taxonomy":"product_tag","embeddable":true,"href":"https:\/\/site.astrofoto.com.pt\/welcome\/wp-json\/wp\/v2\/product_tag?post=977"}],"curies":[{"name":"wp","href":"https:\/\/api.w.org\/{rel}","templated":true}]}}