{"id":972,"date":"2015-09-18T18:52:00","date_gmt":"2015-09-18T18:52:00","guid":{"rendered":"http:\/\/site.astrofoto.com.pt\/welcome\/?post_type=product&#038;p=972"},"modified":"2022-08-10T12:55:33","modified_gmt":"2022-08-10T12:55:33","slug":"montagem-multifuncoes-skywatcheracuter","status":"publish","type":"product","link":"https:\/\/site.astrofoto.com.pt\/welcome\/produto\/montagem-multifuncoes-skywatcheracuter\/","title":{"rendered":"Montagem multifun\u00e7\u00f5es SkyWatcher\/Acuter"},"content":{"rendered":"<p><a href=\"http:\/\/site.astrofoto.com.pt\/welcome\/wp-content\/uploads\/2015\/09\/m9.jpg\"><img fetchpriority=\"high\" decoding=\"async\" class=\"alignleft size-medium wp-image-973\" src=\"http:\/\/site.astrofoto.com.pt\/welcome\/wp-content\/uploads\/2015\/09\/m9-300x300.jpg\" alt=\"m9\" width=\"300\" height=\"300\" srcset=\"https:\/\/site.astrofoto.com.pt\/welcome\/wp-content\/uploads\/2015\/09\/m9-300x300.jpg 300w, https:\/\/site.astrofoto.com.pt\/welcome\/wp-content\/uploads\/2015\/09\/m9-100x100.jpg 100w, https:\/\/site.astrofoto.com.pt\/welcome\/wp-content\/uploads\/2015\/09\/m9-150x150.jpg 150w, https:\/\/site.astrofoto.com.pt\/welcome\/wp-content\/uploads\/2015\/09\/m9.jpg 400w\" sizes=\"(max-width: 300px) 100vw, 300px\" \/><\/a><\/p>\n<p>Montagem vers\u00e1til motorizada com velocidades adequadas ao seguimento astron\u00f3mico.<\/p>\n<p>Aplica\u00e7\u00f5es Terrestres de observa\u00e7\u00e3o e Vigil\u00e2ncia.<\/p>\n<p><strong><u>Caracter\u00edsticas:<\/u><\/strong><\/p>\n<ul>\n<li>Ideal para uso Terrestre e Astron\u00f3mico<\/li>\n<li>Bra\u00e7o unico altazimutal<\/li>\n<li>Poderoso motor<\/li>\n<li>Encoder IR com controle \u00f3ptico<\/li>\n<li>Comando multifun\u00e7\u00f5es<\/li>\n<li>Velocidades Slow (32x), Medium (64x)\u00a0e High-Speed (800x) Alt-Azimuth Slewing, para imagens\u00a0 Memoriza\u00e7\u00e3o de posi\u00e7\u00f5es terrestres para GOTO.<\/li>\n<li>Escala de Latitude<\/li>\n<li>Rosca standard de trip\u00e9 (1\/4&#8243;)<\/li>\n<li>&#8216;Cruise &amp; Shoot&#8217; Auto-Imaging*\u00a0para posi\u00e7\u00f5es terrestres.<br \/>\n(*Controla o Software\u00a0do Acuter &#8216;Explorer&#8217; Digital Spotting Scope\u00a0e da\u00a0Canon EOS\u00a0 via porta\u00a0AUX)<\/li>\n<li>Velocidades variadas\u00a0(1x, 4x &amp; 8x sideral) Seguimento sideral automatico<br \/>\nnivel adequado a seguimento astronomico<\/li>\n<li>Recomendada para telescopios curtos e spotting scopes at\u00e9 102mm de objectiva e 400mm de comprimento.<\/li>\n<li>Peso m\u00e1ximo suportado: 4 Kg<\/li>\n<li>Leve e simple de usar<\/li>\n<li>Trp\u00e9 de aluminio com 3 sec\u00e7\u00f5es e coluna central de 25mm<\/li>\n<li>Tripe com altura maxima de: 156cm<\/li>\n<\/ul>\n<p>&nbsp;<\/p>\n","protected":false},"excerpt":{"rendered":"<p>Montagem vers\u00e1til motorizada com velocidades adequadas ao seguimento astron\u00f3mico. Aplica\u00e7\u00f5es Terrestres de observa\u00e7\u00e3o e Vigil\u00e2ncia. Caracter\u00edsticas: Ideal para uso Terrestre e Astron\u00f3mico Bra\u00e7o unico altazimutal Poderoso motor Encoder IR com controle \u00f3ptico Comando multifun\u00e7\u00f5es Velocidades Slow (32x), Medium (64x)\u00a0e High-Speed (800x) Alt-Azimuth Slewing, para imagens\u00a0 Memoriza\u00e7\u00e3o de posi\u00e7\u00f5es terrestres para GOTO. Escala de Latitude Rosca<\/p>\n<div class=\"more-link\">\n\t\t\t\t <a href=\"https:\/\/site.astrofoto.com.pt\/welcome\/produto\/montagem-multifuncoes-skywatcheracuter\/\" class=\"btn theme-btn inverted\"><span>Continuar a Ler <\/span><\/a>\n\t\t\t<\/div>\n","protected":false},"featured_media":973,"comment_status":"open","ping_status":"closed","template":"","meta":[],"product_brand":[],"product_cat":[14],"product_tag":[],"class_list":{"0":"post-972","1":"product","2":"type-product","3":"status-publish","4":"has-post-thumbnail","6":"product_cat-montagens","7":"product_shipping_class-taxa-media","9":"first","10":"outofstock","11":"shipping-taxable","12":"purchasable","13":"product-type-simple"},"_links":{"self":[{"href":"https:\/\/site.astrofoto.com.pt\/welcome\/wp-json\/wp\/v2\/product\/972","targetHints":{"allow":["GET"]}}],"collection":[{"href":"https:\/\/site.astrofoto.com.pt\/welcome\/wp-json\/wp\/v2\/product"}],"about":[{"href":"https:\/\/site.astrofoto.com.pt\/welcome\/wp-json\/wp\/v2\/types\/product"}],"replies":[{"embeddable":true,"href":"https:\/\/site.astrofoto.com.pt\/welcome\/wp-json\/wp\/v2\/comments?post=972"}],"wp:featuredmedia":[{"embeddable":true,"href":"https:\/\/site.astrofoto.com.pt\/welcome\/wp-json\/wp\/v2\/media\/973"}],"wp:attachment":[{"href":"https:\/\/site.astrofoto.com.pt\/welcome\/wp-json\/wp\/v2\/media?parent=972"}],"wp:term":[{"taxonomy":"product_brand","embeddable":true,"href":"https:\/\/site.astrofoto.com.pt\/welcome\/wp-json\/wp\/v2\/product_brand?post=972"},{"taxonomy":"product_cat","embeddable":true,"href":"https:\/\/site.astrofoto.com.pt\/welcome\/wp-json\/wp\/v2\/product_cat?post=972"},{"taxonomy":"product_tag","embeddable":true,"href":"https:\/\/site.astrofoto.com.pt\/welcome\/wp-json\/wp\/v2\/product_tag?post=972"}],"curies":[{"name":"wp","href":"https:\/\/api.w.org\/{rel}","templated":true}]}}