{"id":9712,"date":"2024-05-27T21:39:29","date_gmt":"2024-05-27T21:39:29","guid":{"rendered":"https:\/\/site.astrofoto.com.pt\/welcome\/?post_type=product&#038;p=9712"},"modified":"2024-05-27T21:53:28","modified_gmt":"2024-05-27T21:53:28","slug":"silica-gel-hama","status":"publish","type":"product","link":"https:\/\/site.astrofoto.com.pt\/welcome\/produto\/silica-gel-hama\/","title":{"rendered":"Silica Gel Hama"},"content":{"rendered":"<p>&nbsp;<\/p>\n<p>O S\u00edlica Gel da Hama, sacos de 3 x 10 gramas, \u00e9 uma forma granular, v\u00edtrea e porosa de di\u00f3xido de sil\u00edcio feito sinteticamente a partir de silicato de s\u00f3dio. Ele vem na forma s\u00f3lida e \u00e9 um mineral natural que \u00e9 purificado e processado na forma granular ou em contas. Como dessecante, tem tamanho m\u00e9dio de poro de 2,4 nan\u00f4metros e forte afinidade com mol\u00e9culas de \u00e1gua. A s\u00edlica gel \u00e9 mais comumente encontrada na vida cotidiana como contas embaladas em pl\u00e1stico. Nesta forma, \u00e9 utilizado como dessecante para controlar a umidade local, evitando a deteriora\u00e7\u00e3o ou degrada\u00e7\u00e3o de alguns produtos. Devido aos dopantes venenosos (veja abaixo) e \u00e0 sua alta absor\u00e7\u00e3o de umidade, os pacotes de s\u00edlica gel geralmente trazem avisos para o usu\u00e1rio n\u00e3o ingerir o conte\u00fado.<\/p>\n<p>Ao colocar um dos pacotes a granel de s\u00edlica gel (3 inclu\u00eddos) em sua bolsa ou outros produtos, evitar\u00e1 que seus produtos se degradem ao absorver qualquer umidade, mas permane\u00e7am fisicamente inalterados. Isso garantir\u00e1 que seus produtos sejam mantidos nas mesmas condi\u00e7\u00f5es em que foram trazidos.<\/p>\n<p>&nbsp;<\/p>\n","protected":false},"excerpt":{"rendered":"<p>&nbsp; O S\u00edlica Gel da Hama, sacos de 3 x 10 gramas, \u00e9 uma forma granular, v\u00edtrea e porosa de di\u00f3xido de sil\u00edcio feito sinteticamente a partir de silicato de s\u00f3dio. Ele vem na forma s\u00f3lida e \u00e9 um mineral natural que \u00e9 purificado e processado na forma granular ou em contas. Como dessecante, tem<\/p>\n<div class=\"more-link\">\n\t\t\t\t <a href=\"https:\/\/site.astrofoto.com.pt\/welcome\/produto\/silica-gel-hama\/\" class=\"btn theme-btn inverted\"><span>Continuar a Ler <\/span><\/a>\n\t\t\t<\/div>\n","protected":false},"featured_media":9714,"comment_status":"closed","ping_status":"closed","template":"","meta":[],"product_brand":[],"product_cat":[34,91],"product_tag":[],"class_list":{"0":"post-9712","1":"product","2":"type-product","3":"status-publish","4":"has-post-thumbnail","6":"product_cat-acessoriosfotografia","7":"product_cat-humidade","9":"first","10":"instock","11":"shipping-taxable","12":"purchasable","13":"product-type-simple"},"_links":{"self":[{"href":"https:\/\/site.astrofoto.com.pt\/welcome\/wp-json\/wp\/v2\/product\/9712","targetHints":{"allow":["GET"]}}],"collection":[{"href":"https:\/\/site.astrofoto.com.pt\/welcome\/wp-json\/wp\/v2\/product"}],"about":[{"href":"https:\/\/site.astrofoto.com.pt\/welcome\/wp-json\/wp\/v2\/types\/product"}],"replies":[{"embeddable":true,"href":"https:\/\/site.astrofoto.com.pt\/welcome\/wp-json\/wp\/v2\/comments?post=9712"}],"wp:featuredmedia":[{"embeddable":true,"href":"https:\/\/site.astrofoto.com.pt\/welcome\/wp-json\/wp\/v2\/media\/9714"}],"wp:attachment":[{"href":"https:\/\/site.astrofoto.com.pt\/welcome\/wp-json\/wp\/v2\/media?parent=9712"}],"wp:term":[{"taxonomy":"product_brand","embeddable":true,"href":"https:\/\/site.astrofoto.com.pt\/welcome\/wp-json\/wp\/v2\/product_brand?post=9712"},{"taxonomy":"product_cat","embeddable":true,"href":"https:\/\/site.astrofoto.com.pt\/welcome\/wp-json\/wp\/v2\/product_cat?post=9712"},{"taxonomy":"product_tag","embeddable":true,"href":"https:\/\/site.astrofoto.com.pt\/welcome\/wp-json\/wp\/v2\/product_tag?post=9712"}],"curies":[{"name":"wp","href":"https:\/\/api.w.org\/{rel}","templated":true}]}}