{"id":970,"date":"2015-09-18T17:23:13","date_gmt":"2015-09-18T17:23:13","guid":{"rendered":"http:\/\/site.astrofoto.com.pt\/welcome\/?post_type=product&#038;p=970"},"modified":"2025-09-02T13:41:48","modified_gmt":"2025-09-02T13:41:48","slug":"montagem-heq5-pro-goto","status":"publish","type":"product","link":"https:\/\/site.astrofoto.com.pt\/welcome\/produto\/montagem-heq5-pro-goto\/","title":{"rendered":"Montagem HEQ5 Pro Synscan GOTO"},"content":{"rendered":"<p><a href=\"http:\/\/site.astrofoto.com.pt\/welcome\/wp-content\/uploads\/2015\/09\/m71.jpg\"><img fetchpriority=\"high\" decoding=\"async\" class=\"alignleft size-medium wp-image-971\" src=\"http:\/\/site.astrofoto.com.pt\/welcome\/wp-content\/uploads\/2015\/09\/m71-300x300.jpg\" alt=\"m7\" width=\"300\" height=\"300\" srcset=\"https:\/\/site.astrofoto.com.pt\/welcome\/wp-content\/uploads\/2015\/09\/m71-300x300.jpg 300w, https:\/\/site.astrofoto.com.pt\/welcome\/wp-content\/uploads\/2015\/09\/m71-100x100.jpg 100w, https:\/\/site.astrofoto.com.pt\/welcome\/wp-content\/uploads\/2015\/09\/m71-150x150.jpg 150w, https:\/\/site.astrofoto.com.pt\/welcome\/wp-content\/uploads\/2015\/09\/m71.jpg 450w\" sizes=\"(max-width: 300px) 100vw, 300px\" \/><\/a><strong>Montagem HEQ5 Pro Synscan GOTO<br \/>\n<\/strong><\/p>\n<p><strong><em>\u25baA montagem SkyWatcher SynScan GOTO encarrega-se de mover o instrumento em dire\u00e7\u00e3o ao alvo que voc\u00ea deseja observar e at\u00e9 vai sugerindo objetos disponiveis na sua zona de observa\u00e7\u00e3o e na data em que est\u00e1.<\/em><\/strong><\/p>\n<p><strong>\u2022<\/strong>Velocidade de guiagem:0.25X, 0.50X, 0.75X, ou 1X.<br \/>\n\u202249.200 objectos em mem\u00f3ria catalogo Messier, NGC e IC<br \/>\n\u2022actualiza\u00e7\u00e3o pela internet<br \/>\n\u2022compensa\u00e7\u00e3o do erro periodico (PEC)<br \/>\n\u2022 motores paso a passo resolu\u00e7\u00e3o: 0,144 seg\/arco<br \/>\n\u2022 seguimentos: sideral, lunar ou solar<br \/>\n\u2022 capacidade de carga: 14 Kg<br \/>\n\u2022 alimenta\u00e7\u00e3o: 12V 2A<br \/>\n\u2022 compativel PC<br \/>\n\u2022 visor polar<br \/>\n\u2022 2 contrapesos de 5,1Kg<br \/>\n\u2022 com trip\u00e9 de a\u00e7o<br \/>\n\u2022 peso da montagem: 10Kg<br \/>\n\u2022 peso do trip\u00e9: 5,6Kg<br \/>\n\u008f Base de dados:<br \/>\n\u2022 Cat\u00e1logos completos Messier, NGC e IC num total de <span class=\"PBLongTxt PBItemDesc ng-scope ng-isolate-scope c-app-product-tabs c-app-product-tabs--tabs c-app-product-tabs--horizontal c-app-product-tabs--left\">42 900<\/span> objectos<br \/>\n\u2022 25 objectos definidos pelo utilizador<br \/>\n\u2022 Comando de m\u00e3o synscan<\/p>\n<p>\u25ba<strong>Op\u00e7\u00e3o de condu\u00e7\u00e3o por wi-fi <a href=\"https:\/\/site.astrofoto.com.pt\/welcome\/produto\/modulo-sw-wifi-synscan\/\">(EXTRA)<\/a><\/strong><\/p>\n<p><em>\u25ba Controle por Wi-Fi<\/em><br \/>\n<em>\u25ba<span class=\"VIiyi\" lang=\"pt\"><span class=\"JLqJ4b\" data-language-for-alternatives=\"pt\" data-language-to-translate-into=\"auto\" data-phrase-index=\"0\"> Isso \u00e9 feito por meio da WLAN (WiFi) integrada. A montagem gera um sinal Wi-Fi que permite a liga\u00e7\u00e3o ao seu smartphone ou tablet. Pode controlar o telesc\u00f3pio via aplicativo SynScan do Skywatcher para Android ou via iOS.<\/span><\/span><\/em><br \/>\n<em>\u2022 controlador gratuito Synscan app (android e IOS)<\/em><br \/>\n<em>\u2022 linguagem multipla (portugues incluido)<\/em><\/p>\n<p class=\"style1\">\n","protected":false},"excerpt":{"rendered":"<p>Montagem HEQ5 Pro Synscan GOTO \u25baA montagem SkyWatcher SynScan GOTO encarrega-se de mover o instrumento em dire\u00e7\u00e3o ao alvo que voc\u00ea deseja observar e at\u00e9 vai sugerindo objetos disponiveis na sua zona de observa\u00e7\u00e3o e na data em que est\u00e1. \u2022Velocidade de guiagem:0.25X, 0.50X, 0.75X, ou 1X. \u202249.200 objectos em mem\u00f3ria catalogo Messier, NGC e<\/p>\n<div class=\"more-link\">\n\t\t\t\t <a href=\"https:\/\/site.astrofoto.com.pt\/welcome\/produto\/montagem-heq5-pro-goto\/\" class=\"btn theme-btn inverted\"><span>Continuar a Ler <\/span><\/a>\n\t\t\t<\/div>\n","protected":false},"featured_media":1853,"comment_status":"open","ping_status":"closed","template":"","meta":[],"product_brand":[],"product_cat":[14,68],"product_tag":[],"class_list":{"0":"post-970","1":"product","2":"type-product","3":"status-publish","4":"has-post-thumbnail","6":"product_cat-montagens","7":"product_cat-wi-fi","8":"product_shipping_class-taxa-media","10":"first","11":"onbackorder","12":"sale","13":"shipping-taxable","14":"purchasable","15":"product-type-simple"},"_links":{"self":[{"href":"https:\/\/site.astrofoto.com.pt\/welcome\/wp-json\/wp\/v2\/product\/970","targetHints":{"allow":["GET"]}}],"collection":[{"href":"https:\/\/site.astrofoto.com.pt\/welcome\/wp-json\/wp\/v2\/product"}],"about":[{"href":"https:\/\/site.astrofoto.com.pt\/welcome\/wp-json\/wp\/v2\/types\/product"}],"replies":[{"embeddable":true,"href":"https:\/\/site.astrofoto.com.pt\/welcome\/wp-json\/wp\/v2\/comments?post=970"}],"wp:featuredmedia":[{"embeddable":true,"href":"https:\/\/site.astrofoto.com.pt\/welcome\/wp-json\/wp\/v2\/media\/1853"}],"wp:attachment":[{"href":"https:\/\/site.astrofoto.com.pt\/welcome\/wp-json\/wp\/v2\/media?parent=970"}],"wp:term":[{"taxonomy":"product_brand","embeddable":true,"href":"https:\/\/site.astrofoto.com.pt\/welcome\/wp-json\/wp\/v2\/product_brand?post=970"},{"taxonomy":"product_cat","embeddable":true,"href":"https:\/\/site.astrofoto.com.pt\/welcome\/wp-json\/wp\/v2\/product_cat?post=970"},{"taxonomy":"product_tag","embeddable":true,"href":"https:\/\/site.astrofoto.com.pt\/welcome\/wp-json\/wp\/v2\/product_tag?post=970"}],"curies":[{"name":"wp","href":"https:\/\/api.w.org\/{rel}","templated":true}]}}