{"id":9690,"date":"2024-05-20T19:23:36","date_gmt":"2024-05-20T19:23:36","guid":{"rendered":"https:\/\/site.astrofoto.com.pt\/welcome\/?post_type=product&#038;p=9690"},"modified":"2024-05-20T19:23:37","modified_gmt":"2024-05-20T19:23:37","slug":"binoculo-omegon-argus-25x100","status":"publish","type":"product","link":"https:\/\/site.astrofoto.com.pt\/welcome\/produto\/binoculo-omegon-argus-25x100\/","title":{"rendered":"Binoculo Omegon Argus 25&#215;100"},"content":{"rendered":"<p><strong>Binoculo Omegon Argus 25&#215;10<\/strong><\/p>\n<p>Amplia\u00e7\u00e3o: 25x<br \/>\nDi\u00e2metro da Objectiva: 100mm<br \/>\nSaida de pupila: 4mm<br \/>\nDist\u00e2ncia Interpuliar: 56-70mm<br \/>\nPrimas <strong>BaK4 (Barium)<\/strong><br \/>\nRevestimento das lentes:Tiotal e multiplas camadas (Fully Multicoated)<br \/>\nFocagem individual das oculares<br \/>\nBorracha dobravel nas oculares<br \/>\n\u00c0 prova de agua e embaciamento: cheio a azoto<br \/>\nEstrutura em magnesio: leves e robustos<\/p>\n","protected":false},"excerpt":{"rendered":"<p>Binoculo Omegon Argus 25&#215;10 Amplia\u00e7\u00e3o: 25x Di\u00e2metro da Objectiva: 100mm Saida de pupila: 4mm Dist\u00e2ncia Interpuliar: 56-70mm Primas BaK4 (Barium) Revestimento das lentes:Tiotal e multiplas camadas (Fully Multicoated) Focagem individual das oculares Borracha dobravel nas oculares \u00c0 prova de agua e embaciamento: cheio a azoto Estrutura em magnesio: leves e robustos<\/p>\n","protected":false},"featured_media":9691,"comment_status":"closed","ping_status":"closed","template":"","meta":[],"product_brand":[],"product_cat":[13],"product_tag":[],"class_list":{"0":"post-9690","1":"product","2":"type-product","3":"status-publish","4":"has-post-thumbnail","6":"product_cat-binoculos","8":"first","9":"onbackorder","10":"shipping-taxable","11":"purchasable","12":"product-type-simple"},"_links":{"self":[{"href":"https:\/\/site.astrofoto.com.pt\/welcome\/wp-json\/wp\/v2\/product\/9690","targetHints":{"allow":["GET"]}}],"collection":[{"href":"https:\/\/site.astrofoto.com.pt\/welcome\/wp-json\/wp\/v2\/product"}],"about":[{"href":"https:\/\/site.astrofoto.com.pt\/welcome\/wp-json\/wp\/v2\/types\/product"}],"replies":[{"embeddable":true,"href":"https:\/\/site.astrofoto.com.pt\/welcome\/wp-json\/wp\/v2\/comments?post=9690"}],"wp:featuredmedia":[{"embeddable":true,"href":"https:\/\/site.astrofoto.com.pt\/welcome\/wp-json\/wp\/v2\/media\/9691"}],"wp:attachment":[{"href":"https:\/\/site.astrofoto.com.pt\/welcome\/wp-json\/wp\/v2\/media?parent=9690"}],"wp:term":[{"taxonomy":"product_brand","embeddable":true,"href":"https:\/\/site.astrofoto.com.pt\/welcome\/wp-json\/wp\/v2\/product_brand?post=9690"},{"taxonomy":"product_cat","embeddable":true,"href":"https:\/\/site.astrofoto.com.pt\/welcome\/wp-json\/wp\/v2\/product_cat?post=9690"},{"taxonomy":"product_tag","embeddable":true,"href":"https:\/\/site.astrofoto.com.pt\/welcome\/wp-json\/wp\/v2\/product_tag?post=9690"}],"curies":[{"name":"wp","href":"https:\/\/api.w.org\/{rel}","templated":true}]}}