{"id":9680,"date":"2024-05-20T17:48:41","date_gmt":"2024-05-20T17:48:41","guid":{"rendered":"https:\/\/site.astrofoto.com.pt\/welcome\/?post_type=product&#038;p=9680"},"modified":"2024-05-20T17:48:41","modified_gmt":"2024-05-20T17:48:41","slug":"montagem-de-garfo-omegon","status":"publish","type":"product","link":"https:\/\/site.astrofoto.com.pt\/welcome\/produto\/montagem-de-garfo-omegon\/","title":{"rendered":"Montagem de Garfo Omegon"},"content":{"rendered":"<p><strong>Montagem de Garfo Omegon<\/strong><\/p>\n<p>\u25baBase robusta para equipamentos at\u00e9 12Kg<\/p>\n<p>Capacidade: 12 Kg<br \/>\nLiga\u00e7\u00e3o ao trip\u00e9: 3\/8&#8243;<br \/>\nLiga\u00e7\u00e3o ao equipamento: Dovetail tipo vixen f\u00eamea<br \/>\nRota\u00e7\u00e3o: 360\u00ba<br \/>\nMedidas Internas: 20&#215;25,5x22cm<br \/>\nMedidas externas: 200x300x220mm<br \/>\nPeso: 4Kg<\/p>\n<p>Trip\u00e9 aconselhado: <a href=\"https:\/\/site.astrofoto.com.pt\/welcome\/produto\/tripe-omegon-titania-600-sem-cabeca\/\">Titania 600<\/a><\/p>\n","protected":false},"excerpt":{"rendered":"<p>Montagem de Garfo Omegon \u25baBase robusta para equipamentos at\u00e9 12Kg Capacidade: 12 Kg Liga\u00e7\u00e3o ao trip\u00e9: 3\/8&#8243; Liga\u00e7\u00e3o ao equipamento: Dovetail tipo vixen f\u00eamea Rota\u00e7\u00e3o: 360\u00ba Medidas Internas: 20&#215;25,5x22cm Medidas externas: 200x300x220mm Peso: 4Kg Trip\u00e9 aconselhado: Titania 600<\/p>\n","protected":false},"featured_media":9681,"comment_status":"closed","ping_status":"closed","template":"","meta":[],"product_brand":[],"product_cat":[13,25],"product_tag":[],"class_list":{"0":"post-9680","1":"product","2":"type-product","3":"status-publish","4":"has-post-thumbnail","6":"product_cat-binoculos","7":"product_cat-tripes","9":"first","10":"onbackorder","11":"shipping-taxable","12":"purchasable","13":"product-type-simple"},"_links":{"self":[{"href":"https:\/\/site.astrofoto.com.pt\/welcome\/wp-json\/wp\/v2\/product\/9680","targetHints":{"allow":["GET"]}}],"collection":[{"href":"https:\/\/site.astrofoto.com.pt\/welcome\/wp-json\/wp\/v2\/product"}],"about":[{"href":"https:\/\/site.astrofoto.com.pt\/welcome\/wp-json\/wp\/v2\/types\/product"}],"replies":[{"embeddable":true,"href":"https:\/\/site.astrofoto.com.pt\/welcome\/wp-json\/wp\/v2\/comments?post=9680"}],"wp:featuredmedia":[{"embeddable":true,"href":"https:\/\/site.astrofoto.com.pt\/welcome\/wp-json\/wp\/v2\/media\/9681"}],"wp:attachment":[{"href":"https:\/\/site.astrofoto.com.pt\/welcome\/wp-json\/wp\/v2\/media?parent=9680"}],"wp:term":[{"taxonomy":"product_brand","embeddable":true,"href":"https:\/\/site.astrofoto.com.pt\/welcome\/wp-json\/wp\/v2\/product_brand?post=9680"},{"taxonomy":"product_cat","embeddable":true,"href":"https:\/\/site.astrofoto.com.pt\/welcome\/wp-json\/wp\/v2\/product_cat?post=9680"},{"taxonomy":"product_tag","embeddable":true,"href":"https:\/\/site.astrofoto.com.pt\/welcome\/wp-json\/wp\/v2\/product_tag?post=9680"}],"curies":[{"name":"wp","href":"https:\/\/api.w.org\/{rel}","templated":true}]}}