{"id":9669,"date":"2024-05-17T12:03:48","date_gmt":"2024-05-17T12:03:48","guid":{"rendered":"https:\/\/site.astrofoto.com.pt\/welcome\/?post_type=product&#038;p=9669"},"modified":"2024-05-17T12:47:11","modified_gmt":"2024-05-17T12:47:11","slug":"9669","status":"publish","type":"product","link":"https:\/\/site.astrofoto.com.pt\/welcome\/produto\/9669\/","title":{"rendered":"C\u00e2mara Zwo ASI 678MM"},"content":{"rendered":"<p>C\u00e2mara Zwo ASI 678MM Mono<\/p>\n<p>\u2022 Sensor: CMOS (Sony IMX678)<br \/>\n\u2022 Megapixel: 8,3<br \/>\n\u2022 Resolu\u00e7\u00e3o: 3840 x 2160 px<br \/>\n\u2022 Tamanho de pixel: 2 x 2 \u00b5m<br \/>\n\u2022 Interfaces:USB 3.0 ST4<br \/>\n\u2022 Bit: 12<br \/>\n\u2022 Temperatura de funcionamento: -5\u00ba a +45\u00ba<br \/>\n\u2022 Tempo de exposi\u00e7\u00e3o m\u00e1xima: 33,3 m<br \/>\n\u2022 Tempo de exposi\u00e7\u00e3o min.: 32 \u00b5s<br \/>\n\u2022 Imagens por segundo: 47,5<br \/>\n\u2022 Chip \u2013 Diagonal: 6,4 mm<br \/>\n\u2022 Reading noise: 0,6<br \/>\n\u2022 Full Well Capacity: 11270<br \/>\n\u2022 Folga focal: 12,5mm<br \/>\n\u2022 Tamanho do chip: 5,6 x 3,1 mm<br \/>\n\u2022 Alimenta\u00e7\u00e3o 5v (USB)<br \/>\n\u2022 Entrada (Telescopio): T2<br \/>\n\u2022 Peso: 126gr<\/p>\n","protected":false},"excerpt":{"rendered":"<p>C\u00e2mara Zwo ASI 678MM Mono \u2022 Sensor: CMOS (Sony IMX678) \u2022 Megapixel: 8,3 \u2022 Resolu\u00e7\u00e3o: 3840 x 2160 px \u2022 Tamanho de pixel: 2 x 2 \u00b5m \u2022 Interfaces:USB 3.0 ST4 \u2022 Bit: 12 \u2022 Temperatura de funcionamento: -5\u00ba a +45\u00ba \u2022 Tempo de exposi\u00e7\u00e3o m\u00e1xima: 33,3 m \u2022 Tempo de exposi\u00e7\u00e3o min.: 32 \u00b5s<\/p>\n<div class=\"more-link\">\n\t\t\t\t <a href=\"https:\/\/site.astrofoto.com.pt\/welcome\/produto\/9669\/\" class=\"btn theme-btn inverted\"><span>Continuar a Ler <\/span><\/a>\n\t\t\t<\/div>\n","protected":false},"featured_media":9673,"comment_status":"closed","ping_status":"closed","template":"","meta":[],"product_brand":[],"product_cat":[24],"product_tag":[],"class_list":{"0":"post-9669","1":"product","2":"type-product","3":"status-publish","4":"has-post-thumbnail","6":"product_cat-fotografia-astronomica","8":"first","9":"onbackorder","10":"sale","11":"shipping-taxable","12":"purchasable","13":"product-type-simple"},"_links":{"self":[{"href":"https:\/\/site.astrofoto.com.pt\/welcome\/wp-json\/wp\/v2\/product\/9669","targetHints":{"allow":["GET"]}}],"collection":[{"href":"https:\/\/site.astrofoto.com.pt\/welcome\/wp-json\/wp\/v2\/product"}],"about":[{"href":"https:\/\/site.astrofoto.com.pt\/welcome\/wp-json\/wp\/v2\/types\/product"}],"replies":[{"embeddable":true,"href":"https:\/\/site.astrofoto.com.pt\/welcome\/wp-json\/wp\/v2\/comments?post=9669"}],"wp:featuredmedia":[{"embeddable":true,"href":"https:\/\/site.astrofoto.com.pt\/welcome\/wp-json\/wp\/v2\/media\/9673"}],"wp:attachment":[{"href":"https:\/\/site.astrofoto.com.pt\/welcome\/wp-json\/wp\/v2\/media?parent=9669"}],"wp:term":[{"taxonomy":"product_brand","embeddable":true,"href":"https:\/\/site.astrofoto.com.pt\/welcome\/wp-json\/wp\/v2\/product_brand?post=9669"},{"taxonomy":"product_cat","embeddable":true,"href":"https:\/\/site.astrofoto.com.pt\/welcome\/wp-json\/wp\/v2\/product_cat?post=9669"},{"taxonomy":"product_tag","embeddable":true,"href":"https:\/\/site.astrofoto.com.pt\/welcome\/wp-json\/wp\/v2\/product_tag?post=9669"}],"curies":[{"name":"wp","href":"https:\/\/api.w.org\/{rel}","templated":true}]}}