{"id":9649,"date":"2024-05-03T10:10:48","date_gmt":"2024-05-03T10:10:48","guid":{"rendered":"https:\/\/site.astrofoto.com.pt\/welcome\/?post_type=product&#038;p=9649"},"modified":"2024-05-03T10:14:27","modified_gmt":"2024-05-03T10:14:27","slug":"tsoptics-photoline-apo-80-f-7","status":"publish","type":"product","link":"https:\/\/site.astrofoto.com.pt\/welcome\/produto\/tsoptics-photoline-apo-80-f-7\/","title":{"rendered":"TSoptics Photoline APO 80 f\/7"},"content":{"rendered":"<p><strong>TSoptics Photoline APO 80 f\/7<\/strong><\/p>\n<p>\u2022 Abertura: 80mm<br \/>\n\u2022 Dist\u00e2ncia Focal: 560 mm<br \/>\n\u2022 Raz\u00e3o focal: f\/7<br \/>\n\u2022 Doublet ajust\u00e1vel em c\u00e9lula com compensa\u00e7\u00e3o de temperatura<br \/>\n\u2022 Imagem sem aberra\u00e7\u00e3o crom\u00e1tica atrav\u00e9s do elemento FPL53 apo &#8220;Extra Low\u00a0\u00a0Dispersion&#8221; de Ohara (Jap\u00e3o) e vidro de lant\u00e2nio como segundo elemento<br \/>\n\u2022 Defletores internos (Baffles)<br \/>\n\u2022 Focador 2,5&#8243; Pinh\u00e3o e cremalheira com rolamentos<br \/>\n\u2022 Saida de 2&#8243; com rosca f\u00eamea M63x1 para adapta\u00e7\u00f5es de rosca<br \/>\n\u2022 An\u00e9is CNC de alta qualidade e \u00a0cauda de andorinha macho tipo GP<br \/>\n\u2022 Sapata de buscador tipo vixen no focador<\/p>\n","protected":false},"excerpt":{"rendered":"<p>TSoptics Photoline APO 80 f\/7 \u2022 Abertura: 80mm \u2022 Dist\u00e2ncia Focal: 560 mm \u2022 Raz\u00e3o focal: f\/7 \u2022 Doublet ajust\u00e1vel em c\u00e9lula com compensa\u00e7\u00e3o de temperatura \u2022 Imagem sem aberra\u00e7\u00e3o crom\u00e1tica atrav\u00e9s do elemento FPL53 apo &#8220;Extra Low\u00a0\u00a0Dispersion&#8221; de Ohara (Jap\u00e3o) e vidro de lant\u00e2nio como segundo elemento \u2022 Defletores internos (Baffles) \u2022 Focador 2,5&#8243;<\/p>\n<div class=\"more-link\">\n\t\t\t\t <a href=\"https:\/\/site.astrofoto.com.pt\/welcome\/produto\/tsoptics-photoline-apo-80-f-7\/\" class=\"btn theme-btn inverted\"><span>Continuar a Ler <\/span><\/a>\n\t\t\t<\/div>\n","protected":false},"featured_media":9650,"comment_status":"closed","ping_status":"closed","template":"","meta":[],"product_brand":[],"product_cat":[16],"product_tag":[],"class_list":{"0":"post-9649","1":"product","2":"type-product","3":"status-publish","4":"has-post-thumbnail","6":"product_cat-telescopios-refractores","8":"first","9":"onbackorder","10":"shipping-taxable","11":"purchasable","12":"product-type-simple"},"_links":{"self":[{"href":"https:\/\/site.astrofoto.com.pt\/welcome\/wp-json\/wp\/v2\/product\/9649","targetHints":{"allow":["GET"]}}],"collection":[{"href":"https:\/\/site.astrofoto.com.pt\/welcome\/wp-json\/wp\/v2\/product"}],"about":[{"href":"https:\/\/site.astrofoto.com.pt\/welcome\/wp-json\/wp\/v2\/types\/product"}],"replies":[{"embeddable":true,"href":"https:\/\/site.astrofoto.com.pt\/welcome\/wp-json\/wp\/v2\/comments?post=9649"}],"wp:featuredmedia":[{"embeddable":true,"href":"https:\/\/site.astrofoto.com.pt\/welcome\/wp-json\/wp\/v2\/media\/9650"}],"wp:attachment":[{"href":"https:\/\/site.astrofoto.com.pt\/welcome\/wp-json\/wp\/v2\/media?parent=9649"}],"wp:term":[{"taxonomy":"product_brand","embeddable":true,"href":"https:\/\/site.astrofoto.com.pt\/welcome\/wp-json\/wp\/v2\/product_brand?post=9649"},{"taxonomy":"product_cat","embeddable":true,"href":"https:\/\/site.astrofoto.com.pt\/welcome\/wp-json\/wp\/v2\/product_cat?post=9649"},{"taxonomy":"product_tag","embeddable":true,"href":"https:\/\/site.astrofoto.com.pt\/welcome\/wp-json\/wp\/v2\/product_tag?post=9649"}],"curies":[{"name":"wp","href":"https:\/\/api.w.org\/{rel}","templated":true}]}}