{"id":9630,"date":"2024-04-22T21:44:20","date_gmt":"2024-04-22T21:44:20","guid":{"rendered":"https:\/\/site.astrofoto.com.pt\/welcome\/?post_type=product&#038;p=9630"},"modified":"2025-03-17T15:57:01","modified_gmt":"2025-03-17T15:57:01","slug":"dewshield-omegon-para-seestar-50","status":"publish","type":"product","link":"https:\/\/site.astrofoto.com.pt\/welcome\/produto\/dewshield-omegon-para-seestar-50\/","title":{"rendered":"Dewshield Omegon para Seestar 50"},"content":{"rendered":"<p><strong>Dewshield Omegon para Seestar 50<\/strong><\/p>\n<p>\u2022 atrasa a condensa\u00e7\u00e3o na objetiva<\/p>\n<p>Di\u00e2metro: 65mm<br \/>\nCor: preto<br \/>\nPeso: 75gr<br \/>\nAltura: 37mm<br \/>\nComprimento: 44mm<br \/>\nRosca frontal: 62mm<br \/>\nMaterial: Alum\u00ednio<br \/>\nTampa extra<br \/>\n\u25ba extra: adaptador para filtros<a href=\"https:\/\/site.astrofoto.com.pt\/welcome\/produto\/adaptador-62mm-a-48mm\/\"><em> VER<\/em><\/a><\/p>\n","protected":false},"excerpt":{"rendered":"<p>Dewshield Omegon para Seestar 50 \u2022 atrasa a condensa\u00e7\u00e3o na objetiva Di\u00e2metro: 65mm Cor: preto Peso: 75gr Altura: 37mm Comprimento: 44mm Rosca frontal: 62mm Material: Alum\u00ednio Tampa extra \u25ba extra: adaptador para filtros VER<\/p>\n","protected":false},"featured_media":10187,"comment_status":"closed","ping_status":"closed","template":"","meta":[],"product_brand":[],"product_cat":[91],"product_tag":[],"class_list":{"0":"post-9630","1":"product","2":"type-product","3":"status-publish","4":"has-post-thumbnail","6":"product_cat-humidade","8":"first","9":"onbackorder","10":"shipping-taxable","11":"purchasable","12":"product-type-simple"},"_links":{"self":[{"href":"https:\/\/site.astrofoto.com.pt\/welcome\/wp-json\/wp\/v2\/product\/9630","targetHints":{"allow":["GET"]}}],"collection":[{"href":"https:\/\/site.astrofoto.com.pt\/welcome\/wp-json\/wp\/v2\/product"}],"about":[{"href":"https:\/\/site.astrofoto.com.pt\/welcome\/wp-json\/wp\/v2\/types\/product"}],"replies":[{"embeddable":true,"href":"https:\/\/site.astrofoto.com.pt\/welcome\/wp-json\/wp\/v2\/comments?post=9630"}],"wp:featuredmedia":[{"embeddable":true,"href":"https:\/\/site.astrofoto.com.pt\/welcome\/wp-json\/wp\/v2\/media\/10187"}],"wp:attachment":[{"href":"https:\/\/site.astrofoto.com.pt\/welcome\/wp-json\/wp\/v2\/media?parent=9630"}],"wp:term":[{"taxonomy":"product_brand","embeddable":true,"href":"https:\/\/site.astrofoto.com.pt\/welcome\/wp-json\/wp\/v2\/product_brand?post=9630"},{"taxonomy":"product_cat","embeddable":true,"href":"https:\/\/site.astrofoto.com.pt\/welcome\/wp-json\/wp\/v2\/product_cat?post=9630"},{"taxonomy":"product_tag","embeddable":true,"href":"https:\/\/site.astrofoto.com.pt\/welcome\/wp-json\/wp\/v2\/product_tag?post=9630"}],"curies":[{"name":"wp","href":"https:\/\/api.w.org\/{rel}","templated":true}]}}