{"id":9622,"date":"2024-04-11T22:11:55","date_gmt":"2024-04-11T22:11:55","guid":{"rendered":"https:\/\/site.astrofoto.com.pt\/welcome\/?post_type=product&#038;p=9622"},"modified":"2025-06-03T13:16:04","modified_gmt":"2025-06-03T13:16:04","slug":"camara-zwo-asi220mini","status":"publish","type":"product","link":"https:\/\/site.astrofoto.com.pt\/welcome\/produto\/camara-zwo-asi220mini\/","title":{"rendered":"C\u00e2mara ZWO ASI220MM MINI"},"content":{"rendered":"<p>ZWO ASI220MINI mono<\/p>\n<p>Tipo de sensor: CMOS SmartSens SC2210<br \/>\nMegapixel 2,07MP<br \/>\nResolu\u00e7\u00e3o fotografica(Pixel): 1920&#215;1080<br \/>\nTamanho do pixel: 7,68 x 4,32<br \/>\nInterfaces: USB 2.0<br \/>\nBit depth (Bit) 12<br \/>\nAdapta\u00e7\u00e3o ao telescopio: 1,25\u2033<br \/>\nTemperatura de opera\u00e7\u00e3o: -5\u00ba a 45\u00ba<br \/>\nTempo de exposi\u00e7\u00e3o max: 16 minutos<br \/>\nTempo de exposi\u00e7\u00e3o min: 32\u00b5s<br \/>\nImagens \/seg: 14<br \/>\nEficiencia quantica: 92%<br \/>\nChip \u2013 Diagonal 8,8mm<br \/>\nReading noise 0,6-3,2<br \/>\nAlimenta\u00e7\u00e3o: 5V (USB)<br \/>\nSuper leve: 60g<br \/>\nmadidas: 36mm x 61mm<\/p>\n","protected":false},"excerpt":{"rendered":"<p>ZWO ASI220MINI mono Tipo de sensor: CMOS SmartSens SC2210 Megapixel 2,07MP Resolu\u00e7\u00e3o fotografica(Pixel): 1920&#215;1080 Tamanho do pixel: 7,68 x 4,32 Interfaces: USB 2.0 Bit depth (Bit) 12 Adapta\u00e7\u00e3o ao telescopio: 1,25\u2033 Temperatura de opera\u00e7\u00e3o: -5\u00ba a 45\u00ba Tempo de exposi\u00e7\u00e3o max: 16 minutos Tempo de exposi\u00e7\u00e3o min: 32\u00b5s Imagens \/seg: 14 Eficiencia quantica: 92% Chip<\/p>\n<div class=\"more-link\">\n\t\t\t\t <a href=\"https:\/\/site.astrofoto.com.pt\/welcome\/produto\/camara-zwo-asi220mini\/\" class=\"btn theme-btn inverted\"><span>Continuar a Ler <\/span><\/a>\n\t\t\t<\/div>\n","protected":false},"featured_media":9623,"comment_status":"closed","ping_status":"closed","template":"","meta":[],"product_brand":[],"product_cat":[24],"product_tag":[],"class_list":{"0":"post-9622","1":"product","2":"type-product","3":"status-publish","4":"has-post-thumbnail","6":"product_cat-fotografia-astronomica","8":"first","9":"onbackorder","10":"shipping-taxable","11":"purchasable","12":"product-type-simple"},"_links":{"self":[{"href":"https:\/\/site.astrofoto.com.pt\/welcome\/wp-json\/wp\/v2\/product\/9622","targetHints":{"allow":["GET"]}}],"collection":[{"href":"https:\/\/site.astrofoto.com.pt\/welcome\/wp-json\/wp\/v2\/product"}],"about":[{"href":"https:\/\/site.astrofoto.com.pt\/welcome\/wp-json\/wp\/v2\/types\/product"}],"replies":[{"embeddable":true,"href":"https:\/\/site.astrofoto.com.pt\/welcome\/wp-json\/wp\/v2\/comments?post=9622"}],"wp:featuredmedia":[{"embeddable":true,"href":"https:\/\/site.astrofoto.com.pt\/welcome\/wp-json\/wp\/v2\/media\/9623"}],"wp:attachment":[{"href":"https:\/\/site.astrofoto.com.pt\/welcome\/wp-json\/wp\/v2\/media?parent=9622"}],"wp:term":[{"taxonomy":"product_brand","embeddable":true,"href":"https:\/\/site.astrofoto.com.pt\/welcome\/wp-json\/wp\/v2\/product_brand?post=9622"},{"taxonomy":"product_cat","embeddable":true,"href":"https:\/\/site.astrofoto.com.pt\/welcome\/wp-json\/wp\/v2\/product_cat?post=9622"},{"taxonomy":"product_tag","embeddable":true,"href":"https:\/\/site.astrofoto.com.pt\/welcome\/wp-json\/wp\/v2\/product_tag?post=9622"}],"curies":[{"name":"wp","href":"https:\/\/api.w.org\/{rel}","templated":true}]}}