{"id":9611,"date":"2024-04-07T15:25:45","date_gmt":"2024-04-07T15:25:45","guid":{"rendered":"https:\/\/site.astrofoto.com.pt\/welcome\/?post_type=product&#038;p=9611"},"modified":"2024-04-07T15:25:45","modified_gmt":"2024-04-07T15:25:45","slug":"corretor-de-coma-baader-mpcc-markiii","status":"publish","type":"product","link":"https:\/\/site.astrofoto.com.pt\/welcome\/produto\/corretor-de-coma-baader-mpcc-markiii\/","title":{"rendered":"Corretor de Coma Baader MPCC MarkIII"},"content":{"rendered":"<p><strong>Corretor de coma Baader MPCC MarkIII<\/strong><\/p>\n<p>\u25bapara Newton (refletores)<br \/>\n\u25bapara astrofotografia e visual<br \/>\n\u2022 corretor de coma sem afetar a dist\u00e2ncia focal<br \/>\n\u2022 Liga\u00e7\u00e3o ao telescopio: 2&#8243;<br \/>\n\u2022 Liga\u00e7\u00e3o \u00e0 c\u00e2mara: T2<br \/>\n\u2022 Passagem livre 44mm<br \/>\n\u2022 Optica multirevestida<\/p>\n","protected":false},"excerpt":{"rendered":"<p>Corretor de coma Baader MPCC MarkIII \u25bapara Newton (refletores) \u25bapara astrofotografia e visual \u2022 corretor de coma sem afetar a dist\u00e2ncia focal \u2022 Liga\u00e7\u00e3o ao telescopio: 2&#8243; \u2022 Liga\u00e7\u00e3o \u00e0 c\u00e2mara: T2 \u2022 Passagem livre 44mm \u2022 Optica multirevestida<\/p>\n","protected":false},"featured_media":9612,"comment_status":"closed","ping_status":"closed","template":"","meta":[],"product_brand":[],"product_cat":[51,34],"product_tag":[],"class_list":{"0":"post-9611","1":"product","2":"type-product","3":"status-publish","4":"has-post-thumbnail","6":"product_cat-acessorios-para-telescopios","7":"product_cat-acessoriosfotografia","9":"first","10":"onbackorder","11":"shipping-taxable","12":"purchasable","13":"product-type-simple"},"_links":{"self":[{"href":"https:\/\/site.astrofoto.com.pt\/welcome\/wp-json\/wp\/v2\/product\/9611","targetHints":{"allow":["GET"]}}],"collection":[{"href":"https:\/\/site.astrofoto.com.pt\/welcome\/wp-json\/wp\/v2\/product"}],"about":[{"href":"https:\/\/site.astrofoto.com.pt\/welcome\/wp-json\/wp\/v2\/types\/product"}],"replies":[{"embeddable":true,"href":"https:\/\/site.astrofoto.com.pt\/welcome\/wp-json\/wp\/v2\/comments?post=9611"}],"wp:featuredmedia":[{"embeddable":true,"href":"https:\/\/site.astrofoto.com.pt\/welcome\/wp-json\/wp\/v2\/media\/9612"}],"wp:attachment":[{"href":"https:\/\/site.astrofoto.com.pt\/welcome\/wp-json\/wp\/v2\/media?parent=9611"}],"wp:term":[{"taxonomy":"product_brand","embeddable":true,"href":"https:\/\/site.astrofoto.com.pt\/welcome\/wp-json\/wp\/v2\/product_brand?post=9611"},{"taxonomy":"product_cat","embeddable":true,"href":"https:\/\/site.astrofoto.com.pt\/welcome\/wp-json\/wp\/v2\/product_cat?post=9611"},{"taxonomy":"product_tag","embeddable":true,"href":"https:\/\/site.astrofoto.com.pt\/welcome\/wp-json\/wp\/v2\/product_tag?post=9611"}],"curies":[{"name":"wp","href":"https:\/\/api.w.org\/{rel}","templated":true}]}}