{"id":958,"date":"2015-09-16T15:52:07","date_gmt":"2015-09-16T15:52:07","guid":{"rendered":"http:\/\/site.astrofoto.com.pt\/welcome\/?post_type=product&#038;p=958"},"modified":"2022-11-25T15:53:10","modified_gmt":"2022-11-25T15:53:10","slug":"gps-para-montagens-sw-scanpro","status":"publish","type":"product","link":"https:\/\/site.astrofoto.com.pt\/welcome\/produto\/gps-para-montagens-sw-scanpro\/","title":{"rendered":"GPS para Montagens SW ScanPro"},"content":{"rendered":"<p>&nbsp;<\/p>\n<p><strong>GPS para Montagens SkyWatcher GOTO<\/strong><\/p>\n<p>O modulo GPS funciona em todos os comandos Sky-Watcher SynScan a partir da vers\u00e3o 3.0. A instala\u00e7\u00e3o \u00e9 muito simples: o cabo \u00e9 ligado ao comando de m\u00e3o e fica pronto para uso.<\/p>\n<p>Pode usar o m\u00f3dulo com estes telesc\u00f3pios:<\/p>\n<p>telesc\u00f3pios com montagens NEQ-3 Pro, NEQ-5 Pro, HEQ-5 Pro ou Pro EQ-6<br \/>\ntelesc\u00f3pios com montagens Sky-Watcher AZ GoTo<br \/>\nFlexTube GoTo Dobsonians<\/p>\n<p>*n\u00e3o h\u00e1 necessidade de inserir local e hora<br \/>\n*aumento na precis\u00e3o de posicionamento<br \/>\n*kit de cabo dispon\u00edvel para liga\u00e7\u00e3o ao PC<\/p>\n<p>&nbsp;<\/p>\n","protected":false},"excerpt":{"rendered":"<p>&nbsp; GPS para Montagens SkyWatcher GOTO O modulo GPS funciona em todos os comandos Sky-Watcher SynScan a partir da vers\u00e3o 3.0. A instala\u00e7\u00e3o \u00e9 muito simples: o cabo \u00e9 ligado ao comando de m\u00e3o e fica pronto para uso. Pode usar o m\u00f3dulo com estes telesc\u00f3pios: telesc\u00f3pios com montagens NEQ-3 Pro, NEQ-5 Pro, HEQ-5 Pro<\/p>\n<div class=\"more-link\">\n\t\t\t\t <a href=\"https:\/\/site.astrofoto.com.pt\/welcome\/produto\/gps-para-montagens-sw-scanpro\/\" class=\"btn theme-btn inverted\"><span>Continuar a Ler <\/span><\/a>\n\t\t\t<\/div>\n","protected":false},"featured_media":8688,"comment_status":"open","ping_status":"closed","template":"","meta":[],"product_brand":[],"product_cat":[14,79],"product_tag":[],"class_list":{"0":"post-958","1":"product","2":"type-product","3":"status-publish","4":"has-post-thumbnail","6":"product_cat-montagens","7":"product_cat-montagens-goto","8":"product_shipping_class-taxa-minima","10":"first","11":"onbackorder","12":"shipping-taxable","13":"purchasable","14":"product-type-simple"},"_links":{"self":[{"href":"https:\/\/site.astrofoto.com.pt\/welcome\/wp-json\/wp\/v2\/product\/958","targetHints":{"allow":["GET"]}}],"collection":[{"href":"https:\/\/site.astrofoto.com.pt\/welcome\/wp-json\/wp\/v2\/product"}],"about":[{"href":"https:\/\/site.astrofoto.com.pt\/welcome\/wp-json\/wp\/v2\/types\/product"}],"replies":[{"embeddable":true,"href":"https:\/\/site.astrofoto.com.pt\/welcome\/wp-json\/wp\/v2\/comments?post=958"}],"wp:featuredmedia":[{"embeddable":true,"href":"https:\/\/site.astrofoto.com.pt\/welcome\/wp-json\/wp\/v2\/media\/8688"}],"wp:attachment":[{"href":"https:\/\/site.astrofoto.com.pt\/welcome\/wp-json\/wp\/v2\/media?parent=958"}],"wp:term":[{"taxonomy":"product_brand","embeddable":true,"href":"https:\/\/site.astrofoto.com.pt\/welcome\/wp-json\/wp\/v2\/product_brand?post=958"},{"taxonomy":"product_cat","embeddable":true,"href":"https:\/\/site.astrofoto.com.pt\/welcome\/wp-json\/wp\/v2\/product_cat?post=958"},{"taxonomy":"product_tag","embeddable":true,"href":"https:\/\/site.astrofoto.com.pt\/welcome\/wp-json\/wp\/v2\/product_tag?post=958"}],"curies":[{"name":"wp","href":"https:\/\/api.w.org\/{rel}","templated":true}]}}