{"id":9573,"date":"2024-03-18T22:28:07","date_gmt":"2024-03-18T22:28:07","guid":{"rendered":"https:\/\/site.astrofoto.com.pt\/welcome\/?post_type=product&#038;p=9573"},"modified":"2024-03-18T22:31:34","modified_gmt":"2024-03-18T22:31:34","slug":"telescopio-guia-omegon-50mm-usado","status":"publish","type":"product","link":"https:\/\/site.astrofoto.com.pt\/welcome\/produto\/telescopio-guia-omegon-50mm-usado\/","title":{"rendered":"Telescopio Guia Omegon 50mm Usado"},"content":{"rendered":"<p><strong>Telescopio Guia Omegon 50mm Usado<br \/>\n<\/strong><em>\u25baAs negocia\u00e7\u00f5es ser\u00e3o diretas entre vendedor e comprador<br \/>\nApenas garantimos o estado do equipamento e, neste caso, a idoneidade do vendedor.<br \/>\n\u25baN\u00e3o\u00a0 efetue pagamentos antes da conclus\u00e3o das negocia\u00e7\u00f5es.<\/em><strong><br \/>\n<\/strong><\/p>\n<p>Diametro da objetiva: 50mm<br \/>\nDist\u00e2ncia focal: 200mm<br \/>\nRevestiento: Multicoat<br \/>\nAjustes finos<br \/>\nBra\u00e7adeiras<br \/>\nComprimento: 200mm<br \/>\nPeso: 610gr<\/p>\n<p>&nbsp;<\/p>\n<p>*JBicudo<\/p>\n<p>&nbsp;<\/p>\n","protected":false},"excerpt":{"rendered":"<p>Telescopio Guia Omegon 50mm Usado \u25baAs negocia\u00e7\u00f5es ser\u00e3o diretas entre vendedor e comprador Apenas garantimos o estado do equipamento e, neste caso, a idoneidade do vendedor. \u25baN\u00e3o\u00a0 efetue pagamentos antes da conclus\u00e3o das negocia\u00e7\u00f5es. Diametro da objetiva: 50mm Dist\u00e2ncia focal: 200mm Revestiento: Multicoat Ajustes finos Bra\u00e7adeiras Comprimento: 200mm Peso: 610gr &nbsp; *JBicudo &nbsp;<\/p>\n","protected":false},"featured_media":9569,"comment_status":"closed","ping_status":"closed","template":"","meta":[],"product_brand":[],"product_cat":[51,34,46],"product_tag":[],"class_list":{"0":"post-9573","1":"product","2":"type-product","3":"status-publish","4":"has-post-thumbnail","6":"product_cat-acessorios-para-telescopios","7":"product_cat-acessoriosfotografia","8":"product_cat-usados","10":"first","11":"instock","12":"sale","13":"shipping-taxable","14":"purchasable","15":"product-type-simple"},"_links":{"self":[{"href":"https:\/\/site.astrofoto.com.pt\/welcome\/wp-json\/wp\/v2\/product\/9573","targetHints":{"allow":["GET"]}}],"collection":[{"href":"https:\/\/site.astrofoto.com.pt\/welcome\/wp-json\/wp\/v2\/product"}],"about":[{"href":"https:\/\/site.astrofoto.com.pt\/welcome\/wp-json\/wp\/v2\/types\/product"}],"replies":[{"embeddable":true,"href":"https:\/\/site.astrofoto.com.pt\/welcome\/wp-json\/wp\/v2\/comments?post=9573"}],"wp:featuredmedia":[{"embeddable":true,"href":"https:\/\/site.astrofoto.com.pt\/welcome\/wp-json\/wp\/v2\/media\/9569"}],"wp:attachment":[{"href":"https:\/\/site.astrofoto.com.pt\/welcome\/wp-json\/wp\/v2\/media?parent=9573"}],"wp:term":[{"taxonomy":"product_brand","embeddable":true,"href":"https:\/\/site.astrofoto.com.pt\/welcome\/wp-json\/wp\/v2\/product_brand?post=9573"},{"taxonomy":"product_cat","embeddable":true,"href":"https:\/\/site.astrofoto.com.pt\/welcome\/wp-json\/wp\/v2\/product_cat?post=9573"},{"taxonomy":"product_tag","embeddable":true,"href":"https:\/\/site.astrofoto.com.pt\/welcome\/wp-json\/wp\/v2\/product_tag?post=9573"}],"curies":[{"name":"wp","href":"https:\/\/api.w.org\/{rel}","templated":true}]}}