{"id":9553,"date":"2024-03-18T20:57:07","date_gmt":"2024-03-18T20:57:07","guid":{"rendered":"https:\/\/site.astrofoto.com.pt\/welcome\/?post_type=product&#038;p=9553"},"modified":"2024-03-19T13:18:41","modified_gmt":"2024-03-19T13:18:41","slug":"focador-helicoidal-zwo","status":"publish","type":"product","link":"https:\/\/site.astrofoto.com.pt\/welcome\/produto\/focador-helicoidal-zwo\/","title":{"rendered":"Focador Helicoidal Zwo"},"content":{"rendered":"<p><strong>Focador Helicoidal Zwo<\/strong><\/p>\n<p>\u25baSem rota\u00e7\u00e3o da c\u00e2mara<\/p>\n<p>\u2022 Diametro interno: 1.25&#8243; 31.75mm<br \/>\n\u2022 Curso: 6mm (gradua\u00e7\u00e3o 0.1mm)<br \/>\n\u2022 Rosca M42x0.75 (entrada e saida)<br \/>\n\u2022 Altura minima: 48.1mm<br \/>\n\u2022 Largura: 46mm<br \/>\n\u2022 compativel com o OAG ZWO e as camaras ASI mini<br \/>\n\u2022 compativel com Mak127 (focar sem mover o espelho prim\u00e1rio)<\/p>\n","protected":false},"excerpt":{"rendered":"<p>Focador Helicoidal Zwo \u25baSem rota\u00e7\u00e3o da c\u00e2mara \u2022 Diametro interno: 1.25&#8243; 31.75mm \u2022 Curso: 6mm (gradua\u00e7\u00e3o 0.1mm) \u2022 Rosca M42x0.75 (entrada e saida) \u2022 Altura minima: 48.1mm \u2022 Largura: 46mm \u2022 compativel com o OAG ZWO e as camaras ASI mini \u2022 compativel com Mak127 (focar sem mover o espelho prim\u00e1rio)<\/p>\n","protected":false},"featured_media":9554,"comment_status":"closed","ping_status":"closed","template":"","meta":[],"product_brand":[],"product_cat":[34],"product_tag":[],"class_list":{"0":"post-9553","1":"product","2":"type-product","3":"status-publish","4":"has-post-thumbnail","6":"product_cat-acessoriosfotografia","8":"first","9":"onbackorder","10":"shipping-taxable","11":"purchasable","12":"product-type-simple"},"_links":{"self":[{"href":"https:\/\/site.astrofoto.com.pt\/welcome\/wp-json\/wp\/v2\/product\/9553","targetHints":{"allow":["GET"]}}],"collection":[{"href":"https:\/\/site.astrofoto.com.pt\/welcome\/wp-json\/wp\/v2\/product"}],"about":[{"href":"https:\/\/site.astrofoto.com.pt\/welcome\/wp-json\/wp\/v2\/types\/product"}],"replies":[{"embeddable":true,"href":"https:\/\/site.astrofoto.com.pt\/welcome\/wp-json\/wp\/v2\/comments?post=9553"}],"wp:featuredmedia":[{"embeddable":true,"href":"https:\/\/site.astrofoto.com.pt\/welcome\/wp-json\/wp\/v2\/media\/9554"}],"wp:attachment":[{"href":"https:\/\/site.astrofoto.com.pt\/welcome\/wp-json\/wp\/v2\/media?parent=9553"}],"wp:term":[{"taxonomy":"product_brand","embeddable":true,"href":"https:\/\/site.astrofoto.com.pt\/welcome\/wp-json\/wp\/v2\/product_brand?post=9553"},{"taxonomy":"product_cat","embeddable":true,"href":"https:\/\/site.astrofoto.com.pt\/welcome\/wp-json\/wp\/v2\/product_cat?post=9553"},{"taxonomy":"product_tag","embeddable":true,"href":"https:\/\/site.astrofoto.com.pt\/welcome\/wp-json\/wp\/v2\/product_tag?post=9553"}],"curies":[{"name":"wp","href":"https:\/\/api.w.org\/{rel}","templated":true}]}}