{"id":9532,"date":"2024-03-13T18:31:04","date_gmt":"2024-03-13T18:31:04","guid":{"rendered":"https:\/\/site.astrofoto.com.pt\/welcome\/?post_type=product&#038;p=9532"},"modified":"2024-05-03T12:22:42","modified_gmt":"2024-05-03T12:22:42","slug":"filtro-solar-em-vidro-astrozap-p-nexstar-4se","status":"publish","type":"product","link":"https:\/\/site.astrofoto.com.pt\/welcome\/produto\/filtro-solar-em-vidro-astrozap-p-nexstar-4se\/","title":{"rendered":"Filtro Solar em vidro Astrozap\u00a0 p\/Nexstar 4SE"},"content":{"rendered":"<p>&nbsp;<\/p>\n<p><strong>Filtro Solar em vidro Astrozap\u00a0 p\/Nexstar 4SE<\/strong><\/p>\n<div class=\" pad-2v clearfix\">\n<div class=\"fix-2c float-left\">\n<div class=\"float-left\">\u2022 em vidro com caixilho em aluminio<\/div>\n<\/div>\n<\/div>\n<div class=\"bgcl-01 pad-2v clearfix\">\n<div class=\"fix-2c float-left\">\n<div class=\"float-left\">\u2022 di\u00e2metro interno:\u00a0 117-124mm<br \/>\n\u2022 ajuste de fixa\u00e7\u00e3o<br \/>\n\u2022 filtro de densidade 5 (visual e foto)<br \/>\n\u2022 bloqueia os raios UV e IR<\/div>\n<div>\u2022 outros: Celestron FirstScope 76, NexStar 4\/4SE, C4, 102HD \/ Meade ETX 105, DSX 102, 2045 StellarVue SV102ED \/ SkyWatcher 80 ED, Evostar 80 ED \/ Questar 4.75\u201d \/ Takahashi FSQ-106 NUH\/FSQ-106 ED Tele Vue 101, 102 \/ Vixen VMC110L<\/div>\n<div class=\"float-left\">\u25ba \u00e9 seguro para observa\u00e7\u00e3o solar (manchas solares)<\/div>\n<div>\u25ba apropriado para: Celestron FirstScope 76, NexStar 4\/4SE, C4, 102HD \/ Meade ETX 105, DSX 102, 2045 StellarVue SV102ED \/ SkyWatcher 80 ED, Evostar 80 ED \/ Questar 4.75\u201d \/ Takahashi FSQ-106 NUH\/FSQ-106 ED Tele Vue 101, 102 \/ Vixen VMC110L<\/div>\n<\/div>\n<\/div>\n","protected":false},"excerpt":{"rendered":"<p>&nbsp; Filtro Solar em vidro Astrozap\u00a0 p\/Nexstar 4SE \u2022 em vidro com caixilho em aluminio \u2022 di\u00e2metro interno:\u00a0 117-124mm \u2022 ajuste de fixa\u00e7\u00e3o \u2022 filtro de densidade 5 (visual e foto) \u2022 bloqueia os raios UV e IR \u2022 outros: Celestron FirstScope 76, NexStar 4\/4SE, C4, 102HD \/ Meade ETX 105, DSX 102, 2045 StellarVue<\/p>\n<div class=\"more-link\">\n\t\t\t\t <a href=\"https:\/\/site.astrofoto.com.pt\/welcome\/produto\/filtro-solar-em-vidro-astrozap-p-nexstar-4se\/\" class=\"btn theme-btn inverted\"><span>Continuar a Ler <\/span><\/a>\n\t\t\t<\/div>\n","protected":false},"featured_media":9301,"comment_status":"closed","ping_status":"closed","template":"","meta":[],"product_brand":[],"product_cat":[20],"product_tag":[],"class_list":{"0":"post-9532","1":"product","2":"type-product","3":"status-publish","4":"has-post-thumbnail","6":"product_cat-filtros-solares","8":"first","9":"onbackorder","10":"shipping-taxable","11":"purchasable","12":"product-type-simple"},"_links":{"self":[{"href":"https:\/\/site.astrofoto.com.pt\/welcome\/wp-json\/wp\/v2\/product\/9532","targetHints":{"allow":["GET"]}}],"collection":[{"href":"https:\/\/site.astrofoto.com.pt\/welcome\/wp-json\/wp\/v2\/product"}],"about":[{"href":"https:\/\/site.astrofoto.com.pt\/welcome\/wp-json\/wp\/v2\/types\/product"}],"replies":[{"embeddable":true,"href":"https:\/\/site.astrofoto.com.pt\/welcome\/wp-json\/wp\/v2\/comments?post=9532"}],"wp:featuredmedia":[{"embeddable":true,"href":"https:\/\/site.astrofoto.com.pt\/welcome\/wp-json\/wp\/v2\/media\/9301"}],"wp:attachment":[{"href":"https:\/\/site.astrofoto.com.pt\/welcome\/wp-json\/wp\/v2\/media?parent=9532"}],"wp:term":[{"taxonomy":"product_brand","embeddable":true,"href":"https:\/\/site.astrofoto.com.pt\/welcome\/wp-json\/wp\/v2\/product_brand?post=9532"},{"taxonomy":"product_cat","embeddable":true,"href":"https:\/\/site.astrofoto.com.pt\/welcome\/wp-json\/wp\/v2\/product_cat?post=9532"},{"taxonomy":"product_tag","embeddable":true,"href":"https:\/\/site.astrofoto.com.pt\/welcome\/wp-json\/wp\/v2\/product_tag?post=9532"}],"curies":[{"name":"wp","href":"https:\/\/api.w.org\/{rel}","templated":true}]}}