{"id":9511,"date":"2024-03-04T14:56:33","date_gmt":"2024-03-04T14:56:33","guid":{"rendered":"https:\/\/site.astrofoto.com.pt\/welcome\/?post_type=product&#038;p=9511"},"modified":"2024-03-04T14:59:22","modified_gmt":"2024-03-04T14:59:22","slug":"telegizmos-para-8-s-c-garfo","status":"publish","type":"product","link":"https:\/\/site.astrofoto.com.pt\/welcome\/produto\/telegizmos-para-8-s-c-garfo\/","title":{"rendered":"Telegizmos para 8&#8243; S\/C garfo"},"content":{"rendered":"<p><a href=\"http:\/\/site.astrofoto.com.pt\/welcome\/wp-content\/uploads\/2019\/10\/TG08.jpg\"><img fetchpriority=\"high\" decoding=\"async\" class=\"alignleft size-medium wp-image-4492\" src=\"http:\/\/site.astrofoto.com.pt\/welcome\/wp-content\/uploads\/2019\/10\/TG08-215x300.jpg\" alt=\"\" width=\"215\" height=\"300\" srcset=\"https:\/\/site.astrofoto.com.pt\/welcome\/wp-content\/uploads\/2019\/10\/TG08.jpg 215w, https:\/\/site.astrofoto.com.pt\/welcome\/wp-content\/uploads\/2019\/10\/TG08-150x209.jpg 150w\" sizes=\"(max-width: 215px) 100vw, 215px\" \/><\/a><strong>Telegizmos para 8&#8243; S\/C garfo<\/strong><\/p>\n<p><span style=\"font-size: small;\">\u25baPara telescopios: 8&#8243; SCT, binoculos at\u00e9 100mm c\/tripe, Celestron NexStar 5\/5i\/6\/8i, Celestron NexStar 8GPS, Intes \/ Intes Micro 5&#8243;\/6&#8243;\/7&#8243; Maksutov Cassegrain, Meade LX90 (all), Meade LX200 8&#8243;, Orion SkyQuest XT Dobsonian 4.5&#8243;,\u00a0 SW Mak127 Synscan.<br \/>\n<\/span><\/p>\n<p>\u2022 resguarda do Sol e da chuva<br \/>\n\u2022 \u00e0 prova de \u00e1gua<br \/>\n\u2022 lav\u00e1vel<br \/>\n\u2022 no ver\u00e3o resguarda do calor<br \/>\n\u2022 cord\u00e3o elastico que previne do vento<br \/>\n\u2022 termicamente est\u00e1vel.<\/p>\n<p>\u25baAs coberturas Telegizmos s\u00e3o leves e duram mais do que qualquer cobertura de telesc\u00f3pio no mercado hoje em dia.<br \/>\nSe usado como a maioria dos clientes, de 2 a 3 dias a 2 a 3 semanas de cada vez, as capas durar\u00e3o anos.\u00a0 N\u00e3o \u00e9 apenas um saco pl\u00e1stico, mas um isolador de v\u00e1rias camadas.<br \/>\nO poder reflectivo do calor da capa \u00e9 semelhante ao Mylar.<br \/>\nO material foi originalmente desenvolvido para a NASA como isolante de naves espaciais. \u00c9 muito forte, leve, resistente a rasgos e perfura\u00e7\u00f5es e \u00e9 altamente superior ao Mylar em durabilidade.<br \/>\nA maioria das capas de Telegizmos \u00e9 aberta no final. Todas t\u00eam uma tira costurada para fechar a extremidade aberta.<\/p>\n","protected":false},"excerpt":{"rendered":"<p>Telegizmos para 8&#8243; S\/C garfo \u25baPara telescopios: 8&#8243; SCT, binoculos at\u00e9 100mm c\/tripe, Celestron NexStar 5\/5i\/6\/8i, Celestron NexStar 8GPS, Intes \/ Intes Micro 5&#8243;\/6&#8243;\/7&#8243; Maksutov Cassegrain, Meade LX90 (all), Meade LX200 8&#8243;, Orion SkyQuest XT Dobsonian 4.5&#8243;,\u00a0 SW Mak127 Synscan. \u2022 resguarda do Sol e da chuva \u2022 \u00e0 prova de \u00e1gua \u2022 lav\u00e1vel \u2022<\/p>\n<div class=\"more-link\">\n\t\t\t\t <a href=\"https:\/\/site.astrofoto.com.pt\/welcome\/produto\/telegizmos-para-8-s-c-garfo\/\" class=\"btn theme-btn inverted\"><span>Continuar a Ler <\/span><\/a>\n\t\t\t<\/div>\n","protected":false},"featured_media":4492,"comment_status":"closed","ping_status":"closed","template":"","meta":[],"product_brand":[],"product_cat":[51,31,65],"product_tag":[],"class_list":{"0":"post-9511","1":"product","2":"type-product","3":"status-publish","4":"has-post-thumbnail","6":"product_cat-acessorios-para-telescopios","7":"product_cat-miscelanea","8":"product_cat-sacos-e-malas","10":"first","11":"onbackorder","12":"shipping-taxable","13":"purchasable","14":"product-type-simple"},"_links":{"self":[{"href":"https:\/\/site.astrofoto.com.pt\/welcome\/wp-json\/wp\/v2\/product\/9511","targetHints":{"allow":["GET"]}}],"collection":[{"href":"https:\/\/site.astrofoto.com.pt\/welcome\/wp-json\/wp\/v2\/product"}],"about":[{"href":"https:\/\/site.astrofoto.com.pt\/welcome\/wp-json\/wp\/v2\/types\/product"}],"replies":[{"embeddable":true,"href":"https:\/\/site.astrofoto.com.pt\/welcome\/wp-json\/wp\/v2\/comments?post=9511"}],"wp:featuredmedia":[{"embeddable":true,"href":"https:\/\/site.astrofoto.com.pt\/welcome\/wp-json\/wp\/v2\/media\/4492"}],"wp:attachment":[{"href":"https:\/\/site.astrofoto.com.pt\/welcome\/wp-json\/wp\/v2\/media?parent=9511"}],"wp:term":[{"taxonomy":"product_brand","embeddable":true,"href":"https:\/\/site.astrofoto.com.pt\/welcome\/wp-json\/wp\/v2\/product_brand?post=9511"},{"taxonomy":"product_cat","embeddable":true,"href":"https:\/\/site.astrofoto.com.pt\/welcome\/wp-json\/wp\/v2\/product_cat?post=9511"},{"taxonomy":"product_tag","embeddable":true,"href":"https:\/\/site.astrofoto.com.pt\/welcome\/wp-json\/wp\/v2\/product_tag?post=9511"}],"curies":[{"name":"wp","href":"https:\/\/api.w.org\/{rel}","templated":true}]}}