{"id":9466,"date":"2024-02-04T18:26:15","date_gmt":"2024-02-04T18:26:15","guid":{"rendered":"https:\/\/site.astrofoto.com.pt\/welcome\/?post_type=product&#038;p=9466"},"modified":"2024-12-25T12:48:21","modified_gmt":"2024-12-25T12:48:21","slug":"camara-zwo-asi-2600mc-p-pro","status":"publish","type":"product","link":"https:\/\/site.astrofoto.com.pt\/welcome\/produto\/camara-zwo-asi-2600mc-p-pro\/","title":{"rendered":"C\u00e2mara Zwo ASI 2600MC-P pro COR"},"content":{"rendered":"<p><strong>ZWO ASI 2600MC PRO color<\/strong><\/p>\n<p>Sensor: CMOS Chip Sony IMX571<br \/>\nTamanho do Chip: 23,5 x 15,7 APS-C format color sensor<br \/>\nMegapixel 26Mp<br \/>\nPixel size 3.76\u00b5<br \/>\nResolution Photograph 6248 x 4176 pixeis<br \/>\nArrefecimento activo<br \/>\nInterfaces USB 3.0 &amp; USB 2.0<br \/>\nLiga\u00e7\u00e3o ao Telescopio: T2<br \/>\nCamara a cores<br \/>\nTemperatura de opera\u00e7\u00e3o -5\u00ba a 45\u00ba<br \/>\nMax. arrefecimento em rela\u00e7\u00e3o ao ambiente: 35\u00ba<br \/>\nImagens por Segundo 3.5\/s a 16bits<br \/>\nReading noise 1,0 &#8211; 3,3<br \/>\nFull Well Capacity 50.000<br \/>\nBack Focus: 17,5mm<br \/>\nAlimenta\u00e7\u00e3o: 12 (3A)<br \/>\nChip \u2013 Diagonal 28,3mm<br \/>\nbuffer da memoria: 256MB<br \/>\nMemoria interna: DDR3 RAM<br \/>\nPeso 700g<br \/>\nDiametro: 90mm<br \/>\nComprimento: 97mm<\/p>\n","protected":false},"excerpt":{"rendered":"<p>ZWO ASI 2600MC PRO color Sensor: CMOS Chip Sony IMX571 Tamanho do Chip: 23,5 x 15,7 APS-C format color sensor Megapixel 26Mp Pixel size 3.76\u00b5 Resolution Photograph 6248 x 4176 pixeis Arrefecimento activo Interfaces USB 3.0 &amp; USB 2.0 Liga\u00e7\u00e3o ao Telescopio: T2 Camara a cores Temperatura de opera\u00e7\u00e3o -5\u00ba a 45\u00ba Max. arrefecimento em<\/p>\n<div class=\"more-link\">\n\t\t\t\t <a href=\"https:\/\/site.astrofoto.com.pt\/welcome\/produto\/camara-zwo-asi-2600mc-p-pro\/\" class=\"btn theme-btn inverted\"><span>Continuar a Ler <\/span><\/a>\n\t\t\t<\/div>\n","protected":false},"featured_media":9467,"comment_status":"closed","ping_status":"closed","template":"","meta":[],"product_brand":[],"product_cat":[24],"product_tag":[],"class_list":{"0":"post-9466","1":"product","2":"type-product","3":"status-publish","4":"has-post-thumbnail","6":"product_cat-fotografia-astronomica","8":"first","9":"onbackorder","10":"sale","11":"shipping-taxable","12":"purchasable","13":"product-type-simple"},"_links":{"self":[{"href":"https:\/\/site.astrofoto.com.pt\/welcome\/wp-json\/wp\/v2\/product\/9466","targetHints":{"allow":["GET"]}}],"collection":[{"href":"https:\/\/site.astrofoto.com.pt\/welcome\/wp-json\/wp\/v2\/product"}],"about":[{"href":"https:\/\/site.astrofoto.com.pt\/welcome\/wp-json\/wp\/v2\/types\/product"}],"replies":[{"embeddable":true,"href":"https:\/\/site.astrofoto.com.pt\/welcome\/wp-json\/wp\/v2\/comments?post=9466"}],"wp:featuredmedia":[{"embeddable":true,"href":"https:\/\/site.astrofoto.com.pt\/welcome\/wp-json\/wp\/v2\/media\/9467"}],"wp:attachment":[{"href":"https:\/\/site.astrofoto.com.pt\/welcome\/wp-json\/wp\/v2\/media?parent=9466"}],"wp:term":[{"taxonomy":"product_brand","embeddable":true,"href":"https:\/\/site.astrofoto.com.pt\/welcome\/wp-json\/wp\/v2\/product_brand?post=9466"},{"taxonomy":"product_cat","embeddable":true,"href":"https:\/\/site.astrofoto.com.pt\/welcome\/wp-json\/wp\/v2\/product_cat?post=9466"},{"taxonomy":"product_tag","embeddable":true,"href":"https:\/\/site.astrofoto.com.pt\/welcome\/wp-json\/wp\/v2\/product_tag?post=9466"}],"curies":[{"name":"wp","href":"https:\/\/api.w.org\/{rel}","templated":true}]}}