{"id":944,"date":"2015-09-14T18:10:36","date_gmt":"2015-09-14T18:10:36","guid":{"rendered":"http:\/\/site.astrofoto.com.pt\/welcome\/?post_type=product&#038;p=944"},"modified":"2016-10-14T16:35:55","modified_gmt":"2016-10-14T16:35:55","slug":"optica-adaptativa-starlight-sxv-ao","status":"publish","type":"product","link":"https:\/\/site.astrofoto.com.pt\/welcome\/produto\/optica-adaptativa-starlight-sxv-ao\/","title":{"rendered":"Optica Adaptativa Starlight SXV &#8211; AO"},"content":{"rendered":"<p><a href=\"http:\/\/site.astrofoto.com.pt\/welcome\/wp-content\/uploads\/2015\/09\/ft241.jpg\"><img fetchpriority=\"high\" decoding=\"async\" class=\"alignleft size-medium wp-image-945\" src=\"http:\/\/site.astrofoto.com.pt\/welcome\/wp-content\/uploads\/2015\/09\/ft241-300x226.jpg\" alt=\"ft24\" width=\"300\" height=\"226\" srcset=\"https:\/\/site.astrofoto.com.pt\/welcome\/wp-content\/uploads\/2015\/09\/ft241-300x226.jpg 300w, https:\/\/site.astrofoto.com.pt\/welcome\/wp-content\/uploads\/2015\/09\/ft241-450x339.jpg 450w, https:\/\/site.astrofoto.com.pt\/welcome\/wp-content\/uploads\/2015\/09\/ft241.jpg 454w\" sizes=\"(max-width: 300px) 100vw, 300px\" \/><\/a>\u2022 Estabiliza\u00e7\u00e3o da imagem usando uma janela \u00f3ptica &#8220;tip-tilt &#8221; de alta velocidade<br \/>\n\u2022 Alta velocidade de seguimento (5mS por incremento)<br \/>\n\u2022 Compensa pequenos erros de motores em montagens mais dif\u00edceis<br \/>\n\u2022 Sa\u00edda de informa\u00e7\u00e3o para correc\u00e7\u00e3o de erros maiores enquanto mantem a estabiliza\u00e7\u00e3o<br \/>\n\u2022 Corre\u00e7\u00e3o do &#8220;shift&#8221; de imagem independente do sistema \u00f3ptico ou folgas do focador<br \/>\n\u2022 Off-axis guider incluido para ser usado com o autoguider SXV<br \/>\n\u2022 Compat\u00edvel com o STAR2000<br \/>\n\u2022 Pode ser usada para estabilizar a imagem de muitos outros tipos de c\u00e2maras com o software adequado<br \/>\n\u2022 Boa abertura de 37mm para chips maiores at\u00e9 ao formato APS<br \/>\n\u2022 Curta dist\u00e2ncia focal &#8211; 64mm com OAG, (38mm sem)<br \/>\n\u2022 Baixa perda de luz (2%) devido aos multi-revestimentos das \u00f3pticas<br \/>\n\u2022 Espa\u00e7o nos filtros para poder usar os de banda estreita IR blocking ou de polui\u00e7\u00e3o sem afectar a sensibilidade da c\u00e2mara guia<br \/>\n\u2022 Controle Serial RS232 via computador ou SXV splitter box. Controle de porta paralela tamb\u00e9m poss\u00edvel<br \/>\n\u2022 Baixo consumo: menos de 600 mA a 12V DC em movimento &#8211; 50mA em descanso<br \/>\n\u2022 Compacta e leve: di?metro de 112mm x 32mm de comprimento e menos de 500 gr no telesc\u00f3pio<\/p>\n","protected":false},"excerpt":{"rendered":"<p>\u2022 Estabiliza\u00e7\u00e3o da imagem usando uma janela \u00f3ptica &#8220;tip-tilt &#8221; de alta velocidade \u2022 Alta velocidade de seguimento (5mS por incremento) \u2022 Compensa pequenos erros de motores em montagens mais dif\u00edceis \u2022 Sa\u00edda de informa\u00e7\u00e3o para correc\u00e7\u00e3o de erros maiores enquanto mantem a estabiliza\u00e7\u00e3o \u2022 Corre\u00e7\u00e3o do &#8220;shift&#8221; de imagem independente do sistema \u00f3ptico ou<\/p>\n<div class=\"more-link\">\n\t\t\t\t <a href=\"https:\/\/site.astrofoto.com.pt\/welcome\/produto\/optica-adaptativa-starlight-sxv-ao\/\" class=\"btn theme-btn inverted\"><span>Continuar a Ler <\/span><\/a>\n\t\t\t<\/div>\n","protected":false},"featured_media":945,"comment_status":"open","ping_status":"closed","template":"","meta":[],"product_brand":[],"product_cat":[34],"product_tag":[],"class_list":{"0":"post-944","1":"product","2":"type-product","3":"status-publish","4":"has-post-thumbnail","6":"product_cat-acessoriosfotografia","7":"product_shipping_class-taxa-minima","9":"first","10":"onbackorder","11":"shipping-taxable","12":"purchasable","13":"product-type-simple"},"_links":{"self":[{"href":"https:\/\/site.astrofoto.com.pt\/welcome\/wp-json\/wp\/v2\/product\/944","targetHints":{"allow":["GET"]}}],"collection":[{"href":"https:\/\/site.astrofoto.com.pt\/welcome\/wp-json\/wp\/v2\/product"}],"about":[{"href":"https:\/\/site.astrofoto.com.pt\/welcome\/wp-json\/wp\/v2\/types\/product"}],"replies":[{"embeddable":true,"href":"https:\/\/site.astrofoto.com.pt\/welcome\/wp-json\/wp\/v2\/comments?post=944"}],"wp:featuredmedia":[{"embeddable":true,"href":"https:\/\/site.astrofoto.com.pt\/welcome\/wp-json\/wp\/v2\/media\/945"}],"wp:attachment":[{"href":"https:\/\/site.astrofoto.com.pt\/welcome\/wp-json\/wp\/v2\/media?parent=944"}],"wp:term":[{"taxonomy":"product_brand","embeddable":true,"href":"https:\/\/site.astrofoto.com.pt\/welcome\/wp-json\/wp\/v2\/product_brand?post=944"},{"taxonomy":"product_cat","embeddable":true,"href":"https:\/\/site.astrofoto.com.pt\/welcome\/wp-json\/wp\/v2\/product_cat?post=944"},{"taxonomy":"product_tag","embeddable":true,"href":"https:\/\/site.astrofoto.com.pt\/welcome\/wp-json\/wp\/v2\/product_tag?post=944"}],"curies":[{"name":"wp","href":"https:\/\/api.w.org\/{rel}","templated":true}]}}