{"id":9439,"date":"2024-01-05T22:31:16","date_gmt":"2024-01-05T22:31:16","guid":{"rendered":"https:\/\/site.astrofoto.com.pt\/welcome\/?post_type=product&#038;p=9439"},"modified":"2024-01-06T13:49:22","modified_gmt":"2024-01-06T13:49:22","slug":"anel-omegon-48m-para-t2-42mm","status":"publish","type":"product","link":"https:\/\/site.astrofoto.com.pt\/welcome\/produto\/anel-omegon-48m-para-t2-42mm\/","title":{"rendered":"Anel Omegon 48M para T2 (42mm)"},"content":{"rendered":"<p><strong>Anel Omegon 48M para T2 (42mm)<\/strong><\/p>\n<p>\u2022 Liga\u00e7\u00e3o ao telescopio: M48 Macho<br \/>\n\u2022 Liga\u00e7\u00e3o \u00e0 c\u00e2mara: T2 Macho (42mm)<br \/>\n\u2022 Dist\u00e2ncia optica: 2mm<\/p>\n","protected":false},"excerpt":{"rendered":"<p>Anel Omegon 48M para T2 (42mm) \u2022 Liga\u00e7\u00e3o ao telescopio: M48 Macho \u2022 Liga\u00e7\u00e3o \u00e0 c\u00e2mara: T2 Macho (42mm) \u2022 Dist\u00e2ncia optica: 2mm<\/p>\n","protected":false},"featured_media":9446,"comment_status":"closed","ping_status":"closed","template":"","meta":[],"product_brand":[],"product_cat":[82],"product_tag":[],"class_list":{"0":"post-9439","1":"product","2":"type-product","3":"status-publish","4":"has-post-thumbnail","6":"product_cat-adaptadores","8":"first","9":"instock","10":"shipping-taxable","11":"purchasable","12":"product-type-simple"},"_links":{"self":[{"href":"https:\/\/site.astrofoto.com.pt\/welcome\/wp-json\/wp\/v2\/product\/9439","targetHints":{"allow":["GET"]}}],"collection":[{"href":"https:\/\/site.astrofoto.com.pt\/welcome\/wp-json\/wp\/v2\/product"}],"about":[{"href":"https:\/\/site.astrofoto.com.pt\/welcome\/wp-json\/wp\/v2\/types\/product"}],"replies":[{"embeddable":true,"href":"https:\/\/site.astrofoto.com.pt\/welcome\/wp-json\/wp\/v2\/comments?post=9439"}],"wp:featuredmedia":[{"embeddable":true,"href":"https:\/\/site.astrofoto.com.pt\/welcome\/wp-json\/wp\/v2\/media\/9446"}],"wp:attachment":[{"href":"https:\/\/site.astrofoto.com.pt\/welcome\/wp-json\/wp\/v2\/media?parent=9439"}],"wp:term":[{"taxonomy":"product_brand","embeddable":true,"href":"https:\/\/site.astrofoto.com.pt\/welcome\/wp-json\/wp\/v2\/product_brand?post=9439"},{"taxonomy":"product_cat","embeddable":true,"href":"https:\/\/site.astrofoto.com.pt\/welcome\/wp-json\/wp\/v2\/product_cat?post=9439"},{"taxonomy":"product_tag","embeddable":true,"href":"https:\/\/site.astrofoto.com.pt\/welcome\/wp-json\/wp\/v2\/product_tag?post=9439"}],"curies":[{"name":"wp","href":"https:\/\/api.w.org\/{rel}","templated":true}]}}