{"id":9421,"date":"2024-01-02T15:16:28","date_gmt":"2024-01-02T15:16:28","guid":{"rendered":"https:\/\/site.astrofoto.com.pt\/welcome\/?post_type=product&#038;p=9421"},"modified":"2024-01-15T11:54:51","modified_gmt":"2024-01-15T11:54:51","slug":"acuter-dobson-mak60","status":"publish","type":"product","link":"https:\/\/site.astrofoto.com.pt\/welcome\/produto\/acuter-dobson-mak60\/","title":{"rendered":"Acuter Dobson Mak60"},"content":{"rendered":"<p><strong>Acuter Dobson MaksyGo 60<br \/>\n<\/strong><\/p>\n<p>\u25ba Optimo para inicia\u00e7\u00e3o \u00e0 observa\u00e7\u00e3o astron\u00f3mica<\/p>\n<p>\u2022 Maksutov<br \/>\n\u2022 diametro da objectiva 60mm<br \/>\n\u2022 dist\u00e2ncia focal 750mm<br \/>\n\u2022 raz\u00e3o focal\u00a0 f\/12.5<br \/>\n\u2022 diagonal: 90\u00ba<br \/>\n\u2022 oculares:\u00a0 20mm e 10mm 1.25\u2033<br \/>\n\u2022 buscador: 6x21mm<br \/>\n\u2022 montagem dobson (de mesa)<br \/>\n\u2022 adaptador a smartphone<br \/>\n\u2022 peso: 1,250Kg<br \/>\n\u2022 altura: 40cm<br \/>\n\u25baeducativo na compreens\u00e3o do desenho optico Maksutov<\/p>\n<p>&nbsp;<\/p>\n","protected":false},"excerpt":{"rendered":"<p>Acuter Dobson MaksyGo 60 \u25ba Optimo para inicia\u00e7\u00e3o \u00e0 observa\u00e7\u00e3o astron\u00f3mica \u2022 Maksutov \u2022 diametro da objectiva 60mm \u2022 dist\u00e2ncia focal 750mm \u2022 raz\u00e3o focal\u00a0 f\/12.5 \u2022 diagonal: 90\u00ba \u2022 oculares:\u00a0 20mm e 10mm 1.25\u2033 \u2022 buscador: 6x21mm \u2022 montagem dobson (de mesa) \u2022 adaptador a smartphone \u2022 peso: 1,250Kg \u2022 altura: 40cm \u25baeducativo na<\/p>\n<div class=\"more-link\">\n\t\t\t\t <a href=\"https:\/\/site.astrofoto.com.pt\/welcome\/produto\/acuter-dobson-mak60\/\" class=\"btn theme-btn inverted\"><span>Continuar a Ler <\/span><\/a>\n\t\t\t<\/div>\n","protected":false},"featured_media":9423,"comment_status":"closed","ping_status":"closed","template":"","meta":[],"product_brand":[],"product_cat":[48,17],"product_tag":[],"class_list":{"0":"post-9421","1":"product","2":"type-product","3":"status-publish","4":"has-post-thumbnail","6":"product_cat-natal","7":"product_cat-telescopios-catadioptricos","9":"first","10":"onbackorder","11":"shipping-taxable","12":"purchasable","13":"product-type-simple"},"_links":{"self":[{"href":"https:\/\/site.astrofoto.com.pt\/welcome\/wp-json\/wp\/v2\/product\/9421","targetHints":{"allow":["GET"]}}],"collection":[{"href":"https:\/\/site.astrofoto.com.pt\/welcome\/wp-json\/wp\/v2\/product"}],"about":[{"href":"https:\/\/site.astrofoto.com.pt\/welcome\/wp-json\/wp\/v2\/types\/product"}],"replies":[{"embeddable":true,"href":"https:\/\/site.astrofoto.com.pt\/welcome\/wp-json\/wp\/v2\/comments?post=9421"}],"wp:featuredmedia":[{"embeddable":true,"href":"https:\/\/site.astrofoto.com.pt\/welcome\/wp-json\/wp\/v2\/media\/9423"}],"wp:attachment":[{"href":"https:\/\/site.astrofoto.com.pt\/welcome\/wp-json\/wp\/v2\/media?parent=9421"}],"wp:term":[{"taxonomy":"product_brand","embeddable":true,"href":"https:\/\/site.astrofoto.com.pt\/welcome\/wp-json\/wp\/v2\/product_brand?post=9421"},{"taxonomy":"product_cat","embeddable":true,"href":"https:\/\/site.astrofoto.com.pt\/welcome\/wp-json\/wp\/v2\/product_cat?post=9421"},{"taxonomy":"product_tag","embeddable":true,"href":"https:\/\/site.astrofoto.com.pt\/welcome\/wp-json\/wp\/v2\/product_tag?post=9421"}],"curies":[{"name":"wp","href":"https:\/\/api.w.org\/{rel}","templated":true}]}}