{"id":9403,"date":"2023-12-27T14:05:23","date_gmt":"2023-12-27T14:05:23","guid":{"rendered":"https:\/\/site.astrofoto.com.pt\/welcome\/?post_type=product&#038;p=9403"},"modified":"2023-12-27T14:05:24","modified_gmt":"2023-12-27T14:05:24","slug":"redutor-corretor-sw-62ed","status":"publish","type":"product","link":"https:\/\/site.astrofoto.com.pt\/welcome\/produto\/redutor-corretor-sw-62ed\/","title":{"rendered":"Redutor\/Corretor SW 62ED"},"content":{"rendered":"<p><strong>Redutor\/Corretor SW 62ED<\/strong><\/p>\n<p>Redutor\/corretor 0.9x<br \/>\nRosca M56 f\u00eamea \u00e0 frente<br \/>\nRosca M48 macho atras<br \/>\nBack focus: 55mm<\/p>\n<p>\u25baEste acess\u00f3rio \u00e9 necess\u00e1rio porque os refratores produzem um plano focal curvo;<br \/>\nEle permite uma imagem corrigida at\u00e9 a borda do campo.<br \/>\nUm adaptador espec\u00edfico permitir\u00e1 que voc\u00ea ligue o redutor\/corretor ao focador<br \/>\ndo seu telesc\u00f3pio, \u00e9 girat\u00f3rio para otimizar o enquadramento e aceita filtros de 50,8 mm.<br \/>\nOtimizado para o telesc\u00f3pio Sky-Watcher Evolux 62ED f\/6.45 (Doublet),<br \/>\neste redutor\/corretor aparafusado reduz a dist\u00e2ncia focal do telesc\u00f3pio por um fator de 0,9x (rela\u00e7\u00e3o focal induzida de f\/5,8 &#8211; campo aparente 5,09\u00b0) .<\/p>\n<p>Usar um redutor focal em astrofotografia tamb\u00e9m reduz o tempo de exposi\u00e7\u00e3o.<br \/>\nSer\u00e1 necess\u00e1rio utilizar um anel T de campo amplo M48 dedicado \u00e0 sua c\u00e2mara,<\/p>\n","protected":false},"excerpt":{"rendered":"<p>Redutor\/Corretor SW 62ED Redutor\/corretor 0.9x Rosca M56 f\u00eamea \u00e0 frente Rosca M48 macho atras Back focus: 55mm \u25baEste acess\u00f3rio \u00e9 necess\u00e1rio porque os refratores produzem um plano focal curvo; Ele permite uma imagem corrigida at\u00e9 a borda do campo. Um adaptador espec\u00edfico permitir\u00e1 que voc\u00ea ligue o redutor\/corretor ao focador do seu telesc\u00f3pio, \u00e9 girat\u00f3rio<\/p>\n<div class=\"more-link\">\n\t\t\t\t <a href=\"https:\/\/site.astrofoto.com.pt\/welcome\/produto\/redutor-corretor-sw-62ed\/\" class=\"btn theme-btn inverted\"><span>Continuar a Ler <\/span><\/a>\n\t\t\t<\/div>\n","protected":false},"featured_media":9404,"comment_status":"closed","ping_status":"closed","template":"","meta":[],"product_brand":[],"product_cat":[34],"product_tag":[],"class_list":{"0":"post-9403","1":"product","2":"type-product","3":"status-publish","4":"has-post-thumbnail","6":"product_cat-acessoriosfotografia","8":"first","9":"onbackorder","10":"shipping-taxable","11":"purchasable","12":"product-type-simple"},"_links":{"self":[{"href":"https:\/\/site.astrofoto.com.pt\/welcome\/wp-json\/wp\/v2\/product\/9403","targetHints":{"allow":["GET"]}}],"collection":[{"href":"https:\/\/site.astrofoto.com.pt\/welcome\/wp-json\/wp\/v2\/product"}],"about":[{"href":"https:\/\/site.astrofoto.com.pt\/welcome\/wp-json\/wp\/v2\/types\/product"}],"replies":[{"embeddable":true,"href":"https:\/\/site.astrofoto.com.pt\/welcome\/wp-json\/wp\/v2\/comments?post=9403"}],"wp:featuredmedia":[{"embeddable":true,"href":"https:\/\/site.astrofoto.com.pt\/welcome\/wp-json\/wp\/v2\/media\/9404"}],"wp:attachment":[{"href":"https:\/\/site.astrofoto.com.pt\/welcome\/wp-json\/wp\/v2\/media?parent=9403"}],"wp:term":[{"taxonomy":"product_brand","embeddable":true,"href":"https:\/\/site.astrofoto.com.pt\/welcome\/wp-json\/wp\/v2\/product_brand?post=9403"},{"taxonomy":"product_cat","embeddable":true,"href":"https:\/\/site.astrofoto.com.pt\/welcome\/wp-json\/wp\/v2\/product_cat?post=9403"},{"taxonomy":"product_tag","embeddable":true,"href":"https:\/\/site.astrofoto.com.pt\/welcome\/wp-json\/wp\/v2\/product_tag?post=9403"}],"curies":[{"name":"wp","href":"https:\/\/api.w.org\/{rel}","templated":true}]}}