{"id":937,"date":"2015-09-14T18:00:41","date_gmt":"2015-09-14T18:00:41","guid":{"rendered":"http:\/\/site.astrofoto.com.pt\/welcome\/?post_type=product&#038;p=937"},"modified":"2018-12-03T17:41:52","modified_gmt":"2018-12-03T17:41:52","slug":"ocular-30mm-projecao-afocal","status":"publish","type":"product","link":"https:\/\/site.astrofoto.com.pt\/welcome\/produto\/ocular-30mm-projecao-afocal\/","title":{"rendered":"Ocular 30mm Proje\u00e7\u00e3o Afocal"},"content":{"rendered":"<p><a href=\"http:\/\/site.astrofoto.com.pt\/welcome\/wp-content\/uploads\/2015\/09\/ft21.jpg\"><img fetchpriority=\"high\" decoding=\"async\" class=\"alignleft size-medium wp-image-938\" src=\"http:\/\/site.astrofoto.com.pt\/welcome\/wp-content\/uploads\/2015\/09\/ft21-300x250.jpg\" alt=\"ft21\" width=\"300\" height=\"250\" srcset=\"https:\/\/site.astrofoto.com.pt\/welcome\/wp-content\/uploads\/2015\/09\/ft21-300x250.jpg 300w, https:\/\/site.astrofoto.com.pt\/welcome\/wp-content\/uploads\/2015\/09\/ft21-450x375.jpg 450w, https:\/\/site.astrofoto.com.pt\/welcome\/wp-content\/uploads\/2015\/09\/ft21.jpg 453w\" sizes=\"(max-width: 300px) 100vw, 300px\" \/><\/a><\/p>\n<p><strong><u>Ocular SuperVuew 30mm Projec\u00e7\u00e3o Afocal<\/u><\/strong><\/p>\n<p>\u2022 ocular ajust\u00e1vel com rosca T<\/p>\n<p>\u2022 elemento independente para usar como ocular visual<\/p>\n<p>\u2022 rosca T em elemento m\u00f3vel ajust\u00e1vel para enquadramento\/ focagem<\/p>\n<p>\u2022 utiliz\u00e1vel em c\u00e2maras DSLR ou compactas*<\/p>\n<p>* nas <u><strong>compactas<\/strong><\/u> ter\u00e1 de haver uma <a href=\"http:\/\/astrofoto.com.pt\/_v2010\/index.php?page=shop.product_details&amp;flypage=shop.flypage&amp;product_id=248&amp;category_id=87&amp;manufacturer_id=0&amp;option=com_virtuemart&amp;Itemid=26\">adapta\u00e7\u00e3o da rosca 52mm \u00e0 rosca T <\/a>e da c\u00e2mara \u00e0 rosca de 52mm<\/p>\n<p>&nbsp;<\/p>\n","protected":false},"excerpt":{"rendered":"<p>Ocular SuperVuew 30mm Projec\u00e7\u00e3o Afocal \u2022 ocular ajust\u00e1vel com rosca T \u2022 elemento independente para usar como ocular visual \u2022 rosca T em elemento m\u00f3vel ajust\u00e1vel para enquadramento\/ focagem \u2022 utiliz\u00e1vel em c\u00e2maras DSLR ou compactas* * nas compactas ter\u00e1 de haver uma adapta\u00e7\u00e3o da rosca 52mm \u00e0 rosca T e da c\u00e2mara \u00e0 rosca<\/p>\n<div class=\"more-link\">\n\t\t\t\t <a href=\"https:\/\/site.astrofoto.com.pt\/welcome\/produto\/ocular-30mm-projecao-afocal\/\" class=\"btn theme-btn inverted\"><span>Continuar a Ler <\/span><\/a>\n\t\t\t<\/div>\n","protected":false},"featured_media":938,"comment_status":"open","ping_status":"closed","template":"","meta":[],"product_brand":[],"product_cat":[34],"product_tag":[],"class_list":{"0":"post-937","1":"product","2":"type-product","3":"status-publish","4":"has-post-thumbnail","6":"product_cat-acessoriosfotografia","7":"product_shipping_class-taxa-minima","9":"first","10":"onbackorder","11":"featured","12":"shipping-taxable","13":"purchasable","14":"product-type-simple"},"_links":{"self":[{"href":"https:\/\/site.astrofoto.com.pt\/welcome\/wp-json\/wp\/v2\/product\/937","targetHints":{"allow":["GET"]}}],"collection":[{"href":"https:\/\/site.astrofoto.com.pt\/welcome\/wp-json\/wp\/v2\/product"}],"about":[{"href":"https:\/\/site.astrofoto.com.pt\/welcome\/wp-json\/wp\/v2\/types\/product"}],"replies":[{"embeddable":true,"href":"https:\/\/site.astrofoto.com.pt\/welcome\/wp-json\/wp\/v2\/comments?post=937"}],"wp:featuredmedia":[{"embeddable":true,"href":"https:\/\/site.astrofoto.com.pt\/welcome\/wp-json\/wp\/v2\/media\/938"}],"wp:attachment":[{"href":"https:\/\/site.astrofoto.com.pt\/welcome\/wp-json\/wp\/v2\/media?parent=937"}],"wp:term":[{"taxonomy":"product_brand","embeddable":true,"href":"https:\/\/site.astrofoto.com.pt\/welcome\/wp-json\/wp\/v2\/product_brand?post=937"},{"taxonomy":"product_cat","embeddable":true,"href":"https:\/\/site.astrofoto.com.pt\/welcome\/wp-json\/wp\/v2\/product_cat?post=937"},{"taxonomy":"product_tag","embeddable":true,"href":"https:\/\/site.astrofoto.com.pt\/welcome\/wp-json\/wp\/v2\/product_tag?post=937"}],"curies":[{"name":"wp","href":"https:\/\/api.w.org\/{rel}","templated":true}]}}