{"id":9369,"date":"2023-11-30T12:40:57","date_gmt":"2023-11-30T12:40:57","guid":{"rendered":"https:\/\/site.astrofoto.com.pt\/welcome\/?post_type=product&#038;p=9369"},"modified":"2024-02-06T17:25:49","modified_gmt":"2024-02-06T17:25:49","slug":"corretor-tilt-zwo","status":"publish","type":"product","link":"https:\/\/site.astrofoto.com.pt\/welcome\/produto\/corretor-tilt-zwo\/","title":{"rendered":"Corretor TILT Zwo para imagens do SOL vers\u00e3o II"},"content":{"rendered":"<p><strong>Corretor TILT Zwo vers\u00e3o II<\/strong><\/p>\n<p>\u2022 Roscas entrada\/saida: T2 (M42x0.75) femea<br \/>\n\u2022 Diametro 78mm<br \/>\n\u2022 Espa\u00e7ador: 11mm<br \/>\n\u2022 Constru\u00e7\u00e3o Aluminio anodizado<br \/>\n\u2022 Compatibilidade: Todas as camaras ASI excepto 071, 2600 e 6200<\/p>\n<p>\u00c9 essencial que um sensor de grande di\u00e2metro (al\u00e9m do formato APS-C) esteja perfeitamente perpendicular ao eixo \u00f3ptico,caso contr\u00e1rio as estrelas ficar\u00e3o fortemente distorcidas na borda do campo.<br \/>\nUma inclina\u00e7\u00e3o (TILT) pode ser introduzida utilizando um adaptador ajust\u00e1vel.<br \/>\n\u25baNas <strong>imagens solares, o efeito chamado \u201cAn\u00e9is de Newton\u201d<\/strong> tamb\u00e9m pode ser corrigido.<\/p>\n<p>Para isso, o fabricante de c\u00e2meras ZWO oferece um corretor de inclina\u00e7\u00e3o no formato M42 (entrada\/sa\u00edda).<br \/>\nAdapta-se \u00e0 maioria das configura\u00e7\u00f5es e \u00e9 f\u00e1cil de usar. 3 parafusos a 120\u00b0 permitem, atrav\u00e9s de uma chave Allen fornecida, ajustar a inclina\u00e7\u00e3o de um primeiro anel em rela\u00e7\u00e3o ao outro. Os outros 3 parafusos s\u00e3o para bloqueio.<br \/>\nV\u00e1rios orif\u00edcios destinam-se a liga\u00e7\u00e3o direta a uma roda de filtro ZWO EFW de 50,8 mm.<br \/>\nUm adaptador macho-macho M42 de 2 mm de espessura est\u00e1 inclu\u00eddo.<\/p>\n","protected":false},"excerpt":{"rendered":"<p>Corretor TILT Zwo vers\u00e3o II \u2022 Roscas entrada\/saida: T2 (M42x0.75) femea \u2022 Diametro 78mm \u2022 Espa\u00e7ador: 11mm \u2022 Constru\u00e7\u00e3o Aluminio anodizado \u2022 Compatibilidade: Todas as camaras ASI excepto 071, 2600 e 6200 \u00c9 essencial que um sensor de grande di\u00e2metro (al\u00e9m do formato APS-C) esteja perfeitamente perpendicular ao eixo \u00f3ptico,caso contr\u00e1rio as estrelas ficar\u00e3o fortemente<\/p>\n<div class=\"more-link\">\n\t\t\t\t <a href=\"https:\/\/site.astrofoto.com.pt\/welcome\/produto\/corretor-tilt-zwo\/\" class=\"btn theme-btn inverted\"><span>Continuar a Ler <\/span><\/a>\n\t\t\t<\/div>\n","protected":false},"featured_media":9371,"comment_status":"closed","ping_status":"closed","template":"","meta":[],"product_brand":[],"product_cat":[34,18],"product_tag":[],"class_list":{"0":"post-9369","1":"product","2":"type-product","3":"status-publish","4":"has-post-thumbnail","6":"product_cat-acessoriosfotografia","7":"product_cat-sol","9":"first","10":"onbackorder","11":"shipping-taxable","12":"purchasable","13":"product-type-simple"},"_links":{"self":[{"href":"https:\/\/site.astrofoto.com.pt\/welcome\/wp-json\/wp\/v2\/product\/9369","targetHints":{"allow":["GET"]}}],"collection":[{"href":"https:\/\/site.astrofoto.com.pt\/welcome\/wp-json\/wp\/v2\/product"}],"about":[{"href":"https:\/\/site.astrofoto.com.pt\/welcome\/wp-json\/wp\/v2\/types\/product"}],"replies":[{"embeddable":true,"href":"https:\/\/site.astrofoto.com.pt\/welcome\/wp-json\/wp\/v2\/comments?post=9369"}],"wp:featuredmedia":[{"embeddable":true,"href":"https:\/\/site.astrofoto.com.pt\/welcome\/wp-json\/wp\/v2\/media\/9371"}],"wp:attachment":[{"href":"https:\/\/site.astrofoto.com.pt\/welcome\/wp-json\/wp\/v2\/media?parent=9369"}],"wp:term":[{"taxonomy":"product_brand","embeddable":true,"href":"https:\/\/site.astrofoto.com.pt\/welcome\/wp-json\/wp\/v2\/product_brand?post=9369"},{"taxonomy":"product_cat","embeddable":true,"href":"https:\/\/site.astrofoto.com.pt\/welcome\/wp-json\/wp\/v2\/product_cat?post=9369"},{"taxonomy":"product_tag","embeddable":true,"href":"https:\/\/site.astrofoto.com.pt\/welcome\/wp-json\/wp\/v2\/product_tag?post=9369"}],"curies":[{"name":"wp","href":"https:\/\/api.w.org\/{rel}","templated":true}]}}