{"id":9358,"date":"2023-11-21T14:07:54","date_gmt":"2023-11-21T14:07:54","guid":{"rendered":"https:\/\/site.astrofoto.com.pt\/welcome\/?post_type=product&#038;p=9358"},"modified":"2024-03-05T13:33:45","modified_gmt":"2024-03-05T13:33:45","slug":"usadomeade-etx-125-usado-com-audiostar-usado","status":"publish","type":"product","link":"https:\/\/site.astrofoto.com.pt\/welcome\/produto\/usadomeade-etx-125-usado-com-audiostar-usado\/","title":{"rendered":"Meade ETX 125 com AUDIOSTAR usado"},"content":{"rendered":"<p><strong>Meade ETX 125 com comando AUDIOSTAR usado<\/strong><\/p>\n<p><em>\u25baAs negocia\u00e7\u00f5es ser\u00e3o diretas entre vendedor e comprador<br \/>\nApenas garantimos o estado do equipamento e, neste caso, a idoneidade do vendedor.<br \/>\n\u25baN\u00e3o\u00a0 efetue pagamentos antes da conclus\u00e3o das negocia\u00e7\u00f5es.<\/em><\/p>\n<p>\u2022 Maksutov\/Cassegrain<br \/>\n\u2022 di\u00e2metro:127 mm (5\u2033)<br \/>\n\u2022 focal: 1900mm f\/14.9<br \/>\n\u2022 vis\u00e3o em diagonal 90\u00ba<br \/>\n\u2022 oculares: PL26mm<br \/>\n\u2022 buscador: 5x24mm<br \/>\n\u2022 montagem de garfo<br \/>\n\u2022 motores AR e DEC<br \/>\n\u2022 comando AUDIOSTAR<br \/>\n\u25baO Meade AudioStar possui arquivos de \u00e1udio e um altifalante interno. Este sistema computadorizado de localiza\u00e7\u00e3o de objetos celestes se liga \u00e0 porta do comando do telesc\u00f3pio, permitindo um r\u00e1pido alinhamento do telesc\u00f3pio.<\/p>\n<p>Uma vez alinhado com o c\u00e9u, o AudioStar est\u00e1 pronto para lev\u00e1-lo a qualquer objeto no banco de dados de mais de 30.000 objetos. Al\u00e9m do GOTO e da capacidade de rastreamento, o AudioStar permite uma ampla gama de fun\u00e7\u00f5es fascinantes e educacionais, como v\u00e1rios passeios guiados, leituras de posi\u00e7\u00e3o digital, a capacidade de se ligar a um PC usando software e cabo dispon\u00edveis opcionalmente.<\/p>\n<p>\u25ba Tripe de campo<\/p>\n<p>&nbsp;<\/p>\n<p>*CCunhaRosa<\/p>\n<p>&nbsp;<\/p>\n","protected":false},"excerpt":{"rendered":"<p>Meade ETX 125 com comando AUDIOSTAR usado \u25baAs negocia\u00e7\u00f5es ser\u00e3o diretas entre vendedor e comprador Apenas garantimos o estado do equipamento e, neste caso, a idoneidade do vendedor. \u25baN\u00e3o\u00a0 efetue pagamentos antes da conclus\u00e3o das negocia\u00e7\u00f5es. \u2022 Maksutov\/Cassegrain \u2022 di\u00e2metro:127 mm (5\u2033) \u2022 focal: 1900mm f\/14.9 \u2022 vis\u00e3o em diagonal 90\u00ba \u2022 oculares: PL26mm \u2022<\/p>\n<div class=\"more-link\">\n\t\t\t\t <a href=\"https:\/\/site.astrofoto.com.pt\/welcome\/produto\/usadomeade-etx-125-usado-com-audiostar-usado\/\" class=\"btn theme-btn inverted\"><span>Continuar a Ler <\/span><\/a>\n\t\t\t<\/div>\n","protected":false},"featured_media":9502,"comment_status":"closed","ping_status":"closed","template":"","meta":[],"product_brand":[],"product_cat":[17,46],"product_tag":[],"class_list":{"0":"post-9358","1":"product","2":"type-product","3":"status-publish","4":"has-post-thumbnail","6":"product_cat-telescopios-catadioptricos","7":"product_cat-usados","9":"first","10":"onbackorder","11":"shipping-taxable","12":"purchasable","13":"product-type-simple"},"_links":{"self":[{"href":"https:\/\/site.astrofoto.com.pt\/welcome\/wp-json\/wp\/v2\/product\/9358","targetHints":{"allow":["GET"]}}],"collection":[{"href":"https:\/\/site.astrofoto.com.pt\/welcome\/wp-json\/wp\/v2\/product"}],"about":[{"href":"https:\/\/site.astrofoto.com.pt\/welcome\/wp-json\/wp\/v2\/types\/product"}],"replies":[{"embeddable":true,"href":"https:\/\/site.astrofoto.com.pt\/welcome\/wp-json\/wp\/v2\/comments?post=9358"}],"wp:featuredmedia":[{"embeddable":true,"href":"https:\/\/site.astrofoto.com.pt\/welcome\/wp-json\/wp\/v2\/media\/9502"}],"wp:attachment":[{"href":"https:\/\/site.astrofoto.com.pt\/welcome\/wp-json\/wp\/v2\/media?parent=9358"}],"wp:term":[{"taxonomy":"product_brand","embeddable":true,"href":"https:\/\/site.astrofoto.com.pt\/welcome\/wp-json\/wp\/v2\/product_brand?post=9358"},{"taxonomy":"product_cat","embeddable":true,"href":"https:\/\/site.astrofoto.com.pt\/welcome\/wp-json\/wp\/v2\/product_cat?post=9358"},{"taxonomy":"product_tag","embeddable":true,"href":"https:\/\/site.astrofoto.com.pt\/welcome\/wp-json\/wp\/v2\/product_tag?post=9358"}],"curies":[{"name":"wp","href":"https:\/\/api.w.org\/{rel}","templated":true}]}}