{"id":933,"date":"2015-09-14T17:54:03","date_gmt":"2015-09-14T17:54:03","guid":{"rendered":"http:\/\/site.astrofoto.com.pt\/welcome\/?post_type=product&#038;p=933"},"modified":"2018-05-18T11:56:41","modified_gmt":"2018-05-18T11:56:41","slug":"kit-de-filtros-planetarios-tal","status":"publish","type":"product","link":"https:\/\/site.astrofoto.com.pt\/welcome\/produto\/kit-de-filtros-planetarios-tal\/","title":{"rendered":"Kit de Filtros Planet\u00e1rios TAL"},"content":{"rendered":"<p><a href=\"http:\/\/site.astrofoto.com.pt\/welcome\/wp-content\/uploads\/2015\/09\/ft19.jpg\"><img fetchpriority=\"high\" decoding=\"async\" class=\"alignleft wp-image-934 size-medium\" src=\"http:\/\/site.astrofoto.com.pt\/welcome\/wp-content\/uploads\/2015\/09\/ft19-300x205.jpg\" alt=\"ft19\" width=\"300\" height=\"205\" \/><\/a>\u008f <strong>Kit 5 de filtros planet\u00e1rios para oculares de 1,25&#8243;<\/strong> (russos)<\/p>\n<p>\u2022<strong>Laranja<\/strong>: 46% de transmiss\u00e3o &#8211; Marte.<br \/>\n\u2022<strong>Azul<\/strong>: 30% de transmiss\u00e3o &#8211; Venus , J\u00fapiter, Saturno e Lua.<br \/>\n\u2022<strong>Verde<\/strong>: 24% de transmiss\u00e3o &#8211; escurece a luz vermelha e azul, atmosfera de J\u00fapiter, aneis de Saturno e nas calotes polares de Marte.<br \/>\n\u2022<strong>Vermelho<\/strong>: 14 % de transmiss\u00e3o &#8211; bloqueia a luz verde e azul, J\u00fapiter, Saturno, V\u00e9nus e as calotes polares de Marte. Em preto e branco, para escurecer o fundo da imagem.<br \/>\n\u2022 <strong>Lunar<\/strong>: Densidade neutra (n\u00e3o altera as cores)<\/p>\n","protected":false},"excerpt":{"rendered":"<p>\u008f Kit 5 de filtros planet\u00e1rios para oculares de 1,25&#8243; (russos) \u2022Laranja: 46% de transmiss\u00e3o &#8211; Marte. \u2022Azul: 30% de transmiss\u00e3o &#8211; Venus , J\u00fapiter, Saturno e Lua. \u2022Verde: 24% de transmiss\u00e3o &#8211; escurece a luz vermelha e azul, atmosfera de J\u00fapiter, aneis de Saturno e nas calotes polares de Marte. \u2022Vermelho: 14 % de<\/p>\n<div class=\"more-link\">\n\t\t\t\t <a href=\"https:\/\/site.astrofoto.com.pt\/welcome\/produto\/kit-de-filtros-planetarios-tal\/\" class=\"btn theme-btn inverted\"><span>Continuar a Ler <\/span><\/a>\n\t\t\t<\/div>\n","protected":false},"featured_media":2594,"comment_status":"open","ping_status":"closed","template":"","meta":[],"product_brand":[],"product_cat":[29],"product_tag":[],"class_list":{"0":"post-933","1":"product","2":"type-product","3":"status-publish","4":"has-post-thumbnail","6":"product_cat-acessorios","7":"product_shipping_class-taxa-minima","9":"first","10":"onbackorder","11":"shipping-taxable","12":"purchasable","13":"product-type-simple"},"_links":{"self":[{"href":"https:\/\/site.astrofoto.com.pt\/welcome\/wp-json\/wp\/v2\/product\/933","targetHints":{"allow":["GET"]}}],"collection":[{"href":"https:\/\/site.astrofoto.com.pt\/welcome\/wp-json\/wp\/v2\/product"}],"about":[{"href":"https:\/\/site.astrofoto.com.pt\/welcome\/wp-json\/wp\/v2\/types\/product"}],"replies":[{"embeddable":true,"href":"https:\/\/site.astrofoto.com.pt\/welcome\/wp-json\/wp\/v2\/comments?post=933"}],"wp:featuredmedia":[{"embeddable":true,"href":"https:\/\/site.astrofoto.com.pt\/welcome\/wp-json\/wp\/v2\/media\/2594"}],"wp:attachment":[{"href":"https:\/\/site.astrofoto.com.pt\/welcome\/wp-json\/wp\/v2\/media?parent=933"}],"wp:term":[{"taxonomy":"product_brand","embeddable":true,"href":"https:\/\/site.astrofoto.com.pt\/welcome\/wp-json\/wp\/v2\/product_brand?post=933"},{"taxonomy":"product_cat","embeddable":true,"href":"https:\/\/site.astrofoto.com.pt\/welcome\/wp-json\/wp\/v2\/product_cat?post=933"},{"taxonomy":"product_tag","embeddable":true,"href":"https:\/\/site.astrofoto.com.pt\/welcome\/wp-json\/wp\/v2\/product_tag?post=933"}],"curies":[{"name":"wp","href":"https:\/\/api.w.org\/{rel}","templated":true}]}}