{"id":9319,"date":"2023-11-01T21:20:06","date_gmt":"2023-11-01T21:20:06","guid":{"rendered":"https:\/\/site.astrofoto.com.pt\/welcome\/?post_type=product&#038;p=9319"},"modified":"2026-01-12T16:09:27","modified_gmt":"2026-01-12T16:09:27","slug":"telescopio-takahashi-mewlon-180c","status":"publish","type":"product","link":"https:\/\/site.astrofoto.com.pt\/welcome\/produto\/telescopio-takahashi-mewlon-180c\/","title":{"rendered":"Telesc\u00f3pio Takahashi Mewlon-180C"},"content":{"rendered":"<p><strong>Telesc\u00f3pio Takahashi Mewlon-180C<\/strong><\/p>\n<p>Formula optica: Dall-Kirkham<br \/>\nOpticas: Espelho primario ellipso\u00efdal + espelho secundario esf\u00e9rico<br \/>\nDiametro \u00fatil real: 180 mm<br \/>\nDist\u00e2ncia focal: 2160 mm<br \/>\nRacio focal: F\/D 12<br \/>\nBackfocus: 67,2 mm<br \/>\nBackfocus: 56,2 mm<br \/>\nComprimento do tubo: 625 mm<br \/>\nDi\u00e2metro do tubo: 210 mm<br \/>\nPeso: 6,2 kg<br \/>\nFocagem: Transla\u00e7\u00e3o do espelho prim\u00e1rio<\/p>\n<p>\u25baOs telesc\u00f3pios Dall-Kirkham da s\u00e9rie Mewlon s\u00e3o instrumentos de longa dist\u00e2ncia focal, com altas rela\u00e7\u00f5es F\/D, da mesma fam\u00edlia do telesc\u00f3pio Cassegrain. O espelho prim\u00e1rio \u00e9 elipsoidal enquanto o secund\u00e1rio \u00e9 esf\u00e9rico. A precis\u00e3o da superf\u00edcie da \u00f3ptica \u00e9 de pelo menos \u03bb\/20.<\/p>\n<p>O Mewlon-180C \u00e9 o mais compacto da linha. Facilmente transport\u00e1vel, n\u00e3o necessita de grande montagem para ser utilizado. A rela\u00e7\u00e3o F\/D 12 destina-se principalmente a imagens planet\u00e1rias, mas permanece vers\u00e1til durante as observa\u00e7\u00f5es.<br \/>\nA focagem, conseguida pela transla\u00e7\u00e3o do espelho prim\u00e1rio, \u00e9 muito suave e precisa. O buscador 6&#215;30 integrado n\u00e3o \u00e9 ajust\u00e1vel e servir\u00e1 como al\u00e7a para transporte.<\/p>\n<p>O telesc\u00f3pio vem com uma cauda de andorinha macho e uma cauda de andorinha femea do tipo Vixen.<\/p>\n","protected":false},"excerpt":{"rendered":"<p>Telesc\u00f3pio Takahashi Mewlon-180C Formula optica: Dall-Kirkham Opticas: Espelho primario ellipso\u00efdal + espelho secundario esf\u00e9rico Diametro \u00fatil real: 180 mm Dist\u00e2ncia focal: 2160 mm Racio focal: F\/D 12 Backfocus: 67,2 mm Backfocus: 56,2 mm Comprimento do tubo: 625 mm Di\u00e2metro do tubo: 210 mm Peso: 6,2 kg Focagem: Transla\u00e7\u00e3o do espelho prim\u00e1rio \u25baOs telesc\u00f3pios Dall-Kirkham da<\/p>\n<div class=\"more-link\">\n\t\t\t\t <a href=\"https:\/\/site.astrofoto.com.pt\/welcome\/produto\/telescopio-takahashi-mewlon-180c\/\" class=\"btn theme-btn inverted\"><span>Continuar a Ler <\/span><\/a>\n\t\t\t<\/div>\n","protected":false},"featured_media":9322,"comment_status":"closed","ping_status":"closed","template":"","meta":[],"product_brand":[],"product_cat":[17],"product_tag":[],"class_list":{"0":"post-9319","1":"product","2":"type-product","3":"status-publish","4":"has-post-thumbnail","6":"product_cat-telescopios-catadioptricos","8":"first","9":"onbackorder","10":"shipping-taxable","11":"purchasable","12":"product-type-simple"},"_links":{"self":[{"href":"https:\/\/site.astrofoto.com.pt\/welcome\/wp-json\/wp\/v2\/product\/9319","targetHints":{"allow":["GET"]}}],"collection":[{"href":"https:\/\/site.astrofoto.com.pt\/welcome\/wp-json\/wp\/v2\/product"}],"about":[{"href":"https:\/\/site.astrofoto.com.pt\/welcome\/wp-json\/wp\/v2\/types\/product"}],"replies":[{"embeddable":true,"href":"https:\/\/site.astrofoto.com.pt\/welcome\/wp-json\/wp\/v2\/comments?post=9319"}],"wp:featuredmedia":[{"embeddable":true,"href":"https:\/\/site.astrofoto.com.pt\/welcome\/wp-json\/wp\/v2\/media\/9322"}],"wp:attachment":[{"href":"https:\/\/site.astrofoto.com.pt\/welcome\/wp-json\/wp\/v2\/media?parent=9319"}],"wp:term":[{"taxonomy":"product_brand","embeddable":true,"href":"https:\/\/site.astrofoto.com.pt\/welcome\/wp-json\/wp\/v2\/product_brand?post=9319"},{"taxonomy":"product_cat","embeddable":true,"href":"https:\/\/site.astrofoto.com.pt\/welcome\/wp-json\/wp\/v2\/product_cat?post=9319"},{"taxonomy":"product_tag","embeddable":true,"href":"https:\/\/site.astrofoto.com.pt\/welcome\/wp-json\/wp\/v2\/product_tag?post=9319"}],"curies":[{"name":"wp","href":"https:\/\/api.w.org\/{rel}","templated":true}]}}