{"id":9305,"date":"2023-10-19T12:23:12","date_gmt":"2023-10-19T12:23:12","guid":{"rendered":"https:\/\/site.astrofoto.com.pt\/welcome\/?post_type=product&#038;p=9305"},"modified":"2024-05-03T12:20:46","modified_gmt":"2024-05-03T12:20:46","slug":"filtro-solar-astrozap-para-mak127","status":"publish","type":"product","link":"https:\/\/site.astrofoto.com.pt\/welcome\/produto\/filtro-solar-astrozap-para-mak127\/","title":{"rendered":"Filtro Solar Astrozap para Mak127"},"content":{"rendered":"<p><strong>Filtro Solar em vidro Astrozap Mak127\/ETX125<\/strong><\/p>\n<div class=\" pad-2v clearfix\">\n<div class=\"fix-2c float-left\">\n<div class=\"float-left\">\u2022 em vidro com caixilho em aluminio<\/div>\n<\/div>\n<\/div>\n<div class=\"bgcl-01 pad-2v clearfix\">\n<div class=\"fix-2c float-left\">\n<div class=\"float-left\">\u2022 di\u00e2metro interno: 143-149mm<br \/>\n\u2022 ajuste de fixa\u00e7\u00e3o<br \/>\n\u2022 filtro de densidade 5 (visual e foto)<br \/>\n\u2022 bloqueia os raios UV e IR<\/div>\n<div><\/div>\n<div class=\"float-left\">\u25ba \u00e9 seguro para observa\u00e7\u00e3o solar (manchas solares)<\/div>\n<\/div>\n<div>\u25ba apropriado para: Celestron C4.5&#8243;, C5\/5i, FirstScope 114, NexStar 5\/5SE, NexStar 114, 130GT \/ Meade ETX 125, 114 EQ Orion ShortTube 4.5&#8243;, SkyQuest XT4.5, Mak127<\/div>\n<\/div>\n","protected":false},"excerpt":{"rendered":"<p>Filtro Solar em vidro Astrozap Mak127\/ETX125 \u2022 em vidro com caixilho em aluminio \u2022 di\u00e2metro interno: 143-149mm \u2022 ajuste de fixa\u00e7\u00e3o \u2022 filtro de densidade 5 (visual e foto) \u2022 bloqueia os raios UV e IR \u25ba \u00e9 seguro para observa\u00e7\u00e3o solar (manchas solares) \u25ba apropriado para: Celestron C4.5&#8243;, C5\/5i, FirstScope 114, NexStar 5\/5SE, NexStar<\/p>\n<div class=\"more-link\">\n\t\t\t\t <a href=\"https:\/\/site.astrofoto.com.pt\/welcome\/produto\/filtro-solar-astrozap-para-mak127\/\" class=\"btn theme-btn inverted\"><span>Continuar a Ler <\/span><\/a>\n\t\t\t<\/div>\n","protected":false},"featured_media":9301,"comment_status":"closed","ping_status":"closed","template":"","meta":[],"product_brand":[],"product_cat":[20],"product_tag":[],"class_list":{"0":"post-9305","1":"product","2":"type-product","3":"status-publish","4":"has-post-thumbnail","6":"product_cat-filtros-solares","8":"first","9":"onbackorder","10":"shipping-taxable","11":"purchasable","12":"product-type-simple"},"_links":{"self":[{"href":"https:\/\/site.astrofoto.com.pt\/welcome\/wp-json\/wp\/v2\/product\/9305","targetHints":{"allow":["GET"]}}],"collection":[{"href":"https:\/\/site.astrofoto.com.pt\/welcome\/wp-json\/wp\/v2\/product"}],"about":[{"href":"https:\/\/site.astrofoto.com.pt\/welcome\/wp-json\/wp\/v2\/types\/product"}],"replies":[{"embeddable":true,"href":"https:\/\/site.astrofoto.com.pt\/welcome\/wp-json\/wp\/v2\/comments?post=9305"}],"wp:featuredmedia":[{"embeddable":true,"href":"https:\/\/site.astrofoto.com.pt\/welcome\/wp-json\/wp\/v2\/media\/9301"}],"wp:attachment":[{"href":"https:\/\/site.astrofoto.com.pt\/welcome\/wp-json\/wp\/v2\/media?parent=9305"}],"wp:term":[{"taxonomy":"product_brand","embeddable":true,"href":"https:\/\/site.astrofoto.com.pt\/welcome\/wp-json\/wp\/v2\/product_brand?post=9305"},{"taxonomy":"product_cat","embeddable":true,"href":"https:\/\/site.astrofoto.com.pt\/welcome\/wp-json\/wp\/v2\/product_cat?post=9305"},{"taxonomy":"product_tag","embeddable":true,"href":"https:\/\/site.astrofoto.com.pt\/welcome\/wp-json\/wp\/v2\/product_tag?post=9305"}],"curies":[{"name":"wp","href":"https:\/\/api.w.org\/{rel}","templated":true}]}}