{"id":9300,"date":"2023-10-19T11:59:01","date_gmt":"2023-10-19T11:59:01","guid":{"rendered":"https:\/\/site.astrofoto.com.pt\/welcome\/?post_type=product&#038;p=9300"},"modified":"2024-05-03T12:18:00","modified_gmt":"2024-05-03T12:18:00","slug":"filtro-solar-astrozap-para-mak90-etx90","status":"publish","type":"product","link":"https:\/\/site.astrofoto.com.pt\/welcome\/produto\/filtro-solar-astrozap-para-mak90-etx90\/","title":{"rendered":"Filtro Solar Astrozap para Mak90\/Etx90"},"content":{"rendered":"<p><strong>Filtro Solar em vidro Astrozap\u00a0<\/strong><\/p>\n<div class=\" pad-2v clearfix\">\n<div class=\"fix-2c float-left\">\n<div class=\"float-left\">\u2022 em vidro com caixilho em aluminio<\/div>\n<\/div>\n<\/div>\n<div class=\"bgcl-01 pad-2v clearfix\">\n<div class=\"fix-2c float-left\">\n<div class=\"float-left\">\u2022 di\u00e2metro interno: 98-105mm<br \/>\n\u2022 ajuste de fixa\u00e7\u00e3o<br \/>\n\u2022 filtro de densidade 5 (visual e foto)<\/div>\n<div class=\"float-left\">\u2022 bloqueia os raios UV e IR<\/div>\n<div><\/div>\n<div class=\"float-left\">\u25ba \u00e9 seguro para observa\u00e7\u00e3o solar (manchas solares)<\/div>\n<\/div>\n<\/div>\n<div><\/div>\n<div>\u25baapropriado para: Meade ETX 90 \/ Celestron NexStar 60\/80\/80GT, FirstScope 90EQ \/ Orion StarMax 90, Apex 90<br \/>\nQuestar 3.5&#8243; \/ Williams Optics ZS80 II ED, Megrez 80<\/div>\n","protected":false},"excerpt":{"rendered":"<p>Filtro Solar em vidro Astrozap\u00a0 \u2022 em vidro com caixilho em aluminio \u2022 di\u00e2metro interno: 98-105mm \u2022 ajuste de fixa\u00e7\u00e3o \u2022 filtro de densidade 5 (visual e foto) \u2022 bloqueia os raios UV e IR \u25ba \u00e9 seguro para observa\u00e7\u00e3o solar (manchas solares) \u25baapropriado para: Meade ETX 90 \/ Celestron NexStar 60\/80\/80GT, FirstScope 90EQ \/<\/p>\n<div class=\"more-link\">\n\t\t\t\t <a href=\"https:\/\/site.astrofoto.com.pt\/welcome\/produto\/filtro-solar-astrozap-para-mak90-etx90\/\" class=\"btn theme-btn inverted\"><span>Continuar a Ler <\/span><\/a>\n\t\t\t<\/div>\n","protected":false},"featured_media":9301,"comment_status":"closed","ping_status":"closed","template":"","meta":[],"product_brand":[],"product_cat":[20],"product_tag":[],"class_list":{"0":"post-9300","1":"product","2":"type-product","3":"status-publish","4":"has-post-thumbnail","6":"product_cat-filtros-solares","8":"first","9":"onbackorder","10":"shipping-taxable","11":"purchasable","12":"product-type-simple"},"_links":{"self":[{"href":"https:\/\/site.astrofoto.com.pt\/welcome\/wp-json\/wp\/v2\/product\/9300","targetHints":{"allow":["GET"]}}],"collection":[{"href":"https:\/\/site.astrofoto.com.pt\/welcome\/wp-json\/wp\/v2\/product"}],"about":[{"href":"https:\/\/site.astrofoto.com.pt\/welcome\/wp-json\/wp\/v2\/types\/product"}],"replies":[{"embeddable":true,"href":"https:\/\/site.astrofoto.com.pt\/welcome\/wp-json\/wp\/v2\/comments?post=9300"}],"wp:featuredmedia":[{"embeddable":true,"href":"https:\/\/site.astrofoto.com.pt\/welcome\/wp-json\/wp\/v2\/media\/9301"}],"wp:attachment":[{"href":"https:\/\/site.astrofoto.com.pt\/welcome\/wp-json\/wp\/v2\/media?parent=9300"}],"wp:term":[{"taxonomy":"product_brand","embeddable":true,"href":"https:\/\/site.astrofoto.com.pt\/welcome\/wp-json\/wp\/v2\/product_brand?post=9300"},{"taxonomy":"product_cat","embeddable":true,"href":"https:\/\/site.astrofoto.com.pt\/welcome\/wp-json\/wp\/v2\/product_cat?post=9300"},{"taxonomy":"product_tag","embeddable":true,"href":"https:\/\/site.astrofoto.com.pt\/welcome\/wp-json\/wp\/v2\/product_tag?post=9300"}],"curies":[{"name":"wp","href":"https:\/\/api.w.org\/{rel}","templated":true}]}}