{"id":93,"date":"2015-03-04T11:36:42","date_gmt":"2015-03-04T11:36:42","guid":{"rendered":"http:\/\/site.astrofoto.com.pt\/welcome\/?post_type=product&#038;p=93"},"modified":"2020-07-21T12:13:55","modified_gmt":"2020-07-21T12:13:55","slug":"telescopio-orion-skyquest-xx14i-truss","status":"publish","type":"product","link":"https:\/\/site.astrofoto.com.pt\/welcome\/produto\/telescopio-orion-skyquest-xx14i-truss\/","title":{"rendered":"Telescopio Orion SkyQuest XX14i TRUSS"},"content":{"rendered":"<p class=\"style5 style15\"><strong><a href=\"http:\/\/site.astrofoto.com.pt\/welcome\/wp-content\/uploads\/2015\/03\/XX14I.jpg\"><img fetchpriority=\"high\" decoding=\"async\" class=\"alignleft size-medium wp-image-94\" src=\"http:\/\/site.astrofoto.com.pt\/welcome\/wp-content\/uploads\/2015\/03\/XX14I-247x300.jpg\" alt=\"XX14I\" width=\"247\" height=\"300\" srcset=\"https:\/\/site.astrofoto.com.pt\/welcome\/wp-content\/uploads\/2015\/03\/XX14I-247x300.jpg 247w, https:\/\/site.astrofoto.com.pt\/welcome\/wp-content\/uploads\/2015\/03\/XX14I-150x182.jpg 150w, https:\/\/site.astrofoto.com.pt\/welcome\/wp-content\/uploads\/2015\/03\/XX14I-300x364.jpg 300w, https:\/\/site.astrofoto.com.pt\/welcome\/wp-content\/uploads\/2015\/03\/XX14I.jpg 420w\" sizes=\"(max-width: 247px) 100vw, 247px\" \/><\/a>Orion SkyQuest XT14i \u2022diametro: 356mm (14&#8243;)<\/strong><br \/>\n\u2022focal: 1500mm f\/4.8<br \/>\n\u2022buscador: 9&#215;50<br \/>\n\u2022oculares: Deep View 2&#8243; 35mm e PL10mm<br \/>\n\u2022montagem: Dobson Truss com intelliscope<\/p>\n<p class=\"style16\">\u008f Localiza mais de 14.000 objectos no C\u00e9u com o controlador incluido<strong> Intelliscope<br \/>\n<\/strong>\u008f Edi\u00e7\u00e3o gratis do programa Starry Night<\/p>\n<p class=\"style1\">** os portes dos telesc\u00f3pios n\u00e3o est\u00e3o incluidos na taxa de 5 \u20ac:<br \/>\n<a href=\"http:\/\/astrofoto.com.pt\/envios.htm\">http:\/\/astrofoto.com.pt\/envios.htm<\/a><\/p>\n","protected":false},"excerpt":{"rendered":"<p>Orion SkyQuest XT14i \u2022diametro: 356mm (14&#8243;) \u2022focal: 1500mm f\/4.8 \u2022buscador: 9&#215;50 \u2022oculares: Deep View 2&#8243; 35mm e PL10mm \u2022montagem: Dobson Truss com intelliscope \u008f Localiza mais de 14.000 objectos no C\u00e9u com o controlador incluido Intelliscope \u008f Edi\u00e7\u00e3o gratis do programa Starry Night ** os portes dos telesc\u00f3pios n\u00e3o est\u00e3o incluidos na taxa de 5<\/p>\n<div class=\"more-link\">\n\t\t\t\t <a href=\"https:\/\/site.astrofoto.com.pt\/welcome\/produto\/telescopio-orion-skyquest-xx14i-truss\/\" class=\"btn theme-btn inverted\"><span>Continuar a Ler <\/span><\/a>\n\t\t\t<\/div>\n","protected":false},"featured_media":94,"comment_status":"open","ping_status":"closed","template":"","meta":[],"product_brand":[],"product_cat":[6,15],"product_tag":[],"class_list":{"0":"post-93","1":"product","2":"type-product","3":"status-publish","4":"has-post-thumbnail","6":"product_cat-telescopios","7":"product_cat-telescopios-reflectores","8":"product_shipping_class-taxa-media","10":"first","11":"outofstock","12":"shipping-taxable","13":"purchasable","14":"product-type-simple"},"_links":{"self":[{"href":"https:\/\/site.astrofoto.com.pt\/welcome\/wp-json\/wp\/v2\/product\/93","targetHints":{"allow":["GET"]}}],"collection":[{"href":"https:\/\/site.astrofoto.com.pt\/welcome\/wp-json\/wp\/v2\/product"}],"about":[{"href":"https:\/\/site.astrofoto.com.pt\/welcome\/wp-json\/wp\/v2\/types\/product"}],"replies":[{"embeddable":true,"href":"https:\/\/site.astrofoto.com.pt\/welcome\/wp-json\/wp\/v2\/comments?post=93"}],"wp:featuredmedia":[{"embeddable":true,"href":"https:\/\/site.astrofoto.com.pt\/welcome\/wp-json\/wp\/v2\/media\/94"}],"wp:attachment":[{"href":"https:\/\/site.astrofoto.com.pt\/welcome\/wp-json\/wp\/v2\/media?parent=93"}],"wp:term":[{"taxonomy":"product_brand","embeddable":true,"href":"https:\/\/site.astrofoto.com.pt\/welcome\/wp-json\/wp\/v2\/product_brand?post=93"},{"taxonomy":"product_cat","embeddable":true,"href":"https:\/\/site.astrofoto.com.pt\/welcome\/wp-json\/wp\/v2\/product_cat?post=93"},{"taxonomy":"product_tag","embeddable":true,"href":"https:\/\/site.astrofoto.com.pt\/welcome\/wp-json\/wp\/v2\/product_tag?post=93"}],"curies":[{"name":"wp","href":"https:\/\/api.w.org\/{rel}","templated":true}]}}