{"id":9295,"date":"2023-10-18T17:41:48","date_gmt":"2023-10-18T17:41:48","guid":{"rendered":"https:\/\/site.astrofoto.com.pt\/welcome\/?post_type=product&#038;p=9295"},"modified":"2024-02-06T12:50:38","modified_gmt":"2024-02-06T12:50:38","slug":"filtro-optolong-l-2-extreme","status":"publish","type":"product","link":"https:\/\/site.astrofoto.com.pt\/welcome\/produto\/filtro-optolong-l-2-extreme\/","title":{"rendered":"Filtro Optolong  L- Extreme 2&#8243;"},"content":{"rendered":"<p><strong>Filtro Optolong L- extreme 2&#8221;<\/strong><\/p>\n<p>Este filtro serve para melhorar o contraste de objetos de c\u00e9u profundo.<br \/>\nIsso \u00e9 obtido permitindo a passagem das bandas de objetos do c\u00e9u profundo, mas suprimindo as muitas fontes de polui\u00e7\u00e3o luminosa como lampadas de merc\u00fario e s\u00f3dio.<br \/>\nAl\u00e9m disso \u00e9 reduzido o &#8220;skyglow&#8221; presente na atmosfera.<br \/>\n\u25baeficaz tanto em visual como fotograficamente.<\/p>\n<p>Optolong L-eXtreme \u00e9 um filtro duplo de banda passante de 7nm\u00a0 que pode ser usado com c\u00e2maras a cores de disparo \u00fanico, como DSLRs (SLR digital) e c\u00e2maras CCD monocrom\u00e1ticas, tamb\u00e9m \u00e9 mais adequado para sistemas r\u00e1pidos. A conveni\u00eancia e a rela\u00e7\u00e3o custo-benef\u00edcio deste filtro permitem que os amadores obtenham imagens de nebulosas ricas em emiss\u00f5es, mesmo em c\u00e9us brilhantes e com polui\u00e7\u00e3o luminosa. A Optolong acredita que o design do filtro L-eXtreme seria a melhor escolha para sistemas r\u00e1pidos a pre\u00e7os competitivos. Ele isola as linhas de emiss\u00e3o das nebulosas H-Alfa e Oxigenio III para que o contraste e a rela\u00e7\u00e3o sinal-ru\u00eddo entre as nebulosas sejam maximizados. Para pessoas que vivem em \u00e1reas muito polu\u00eddas ou quando a lua est\u00e1 aparecendo, o L-eXtreme ser\u00e1 um bom filtro.<\/p>\n<p>A vantagem do filtro L-eXtreme \u00e9 que n\u00e3o h\u00e1 transmiss\u00e3o entre as linhas H-beta e OIII, pois ali n\u00e3o h\u00e1 linhas de emiss\u00e3o de nebulosas. Nesse caso, n\u00e3o permite a passagem da polui\u00e7\u00e3o luminosa, maximizando o sinal das nebulosas e tornando o fundo do c\u00e9u mais escuro durante a gera\u00e7\u00e3o de imagens. O filtro L-eXtreme deve isolar melhor apenas as linhas de emiss\u00e3o e proteger melhor da polui\u00e7\u00e3o luminosa.<\/p>\n<p>Ao contr\u00e1rio do filtro L-eNhance, que \u00e9 uma banda tripla (transmite Hb, Ha e OIII), o filtro L-eXtreme \u00e9 de banda dupla que passa pelas linhas de emiss\u00e3o Ha e OIII.<\/p>\n","protected":false},"excerpt":{"rendered":"<p>Filtro Optolong L- extreme 2&#8221; Este filtro serve para melhorar o contraste de objetos de c\u00e9u profundo. Isso \u00e9 obtido permitindo a passagem das bandas de objetos do c\u00e9u profundo, mas suprimindo as muitas fontes de polui\u00e7\u00e3o luminosa como lampadas de merc\u00fario e s\u00f3dio. Al\u00e9m disso \u00e9 reduzido o &#8220;skyglow&#8221; presente na atmosfera. \u25baeficaz tanto<\/p>\n<div class=\"more-link\">\n\t\t\t\t <a href=\"https:\/\/site.astrofoto.com.pt\/welcome\/produto\/filtro-optolong-l-2-extreme\/\" class=\"btn theme-btn inverted\"><span>Continuar a Ler <\/span><\/a>\n\t\t\t<\/div>\n","protected":false},"featured_media":9296,"comment_status":"closed","ping_status":"closed","template":"","meta":[],"product_brand":[],"product_cat":[32,24],"product_tag":[],"class_list":{"0":"post-9295","1":"product","2":"type-product","3":"status-publish","4":"has-post-thumbnail","6":"product_cat-filtros-ceu-profundo","7":"product_cat-fotografia-astronomica","9":"first","10":"onbackorder","11":"sale","12":"shipping-taxable","13":"purchasable","14":"product-type-simple"},"_links":{"self":[{"href":"https:\/\/site.astrofoto.com.pt\/welcome\/wp-json\/wp\/v2\/product\/9295","targetHints":{"allow":["GET"]}}],"collection":[{"href":"https:\/\/site.astrofoto.com.pt\/welcome\/wp-json\/wp\/v2\/product"}],"about":[{"href":"https:\/\/site.astrofoto.com.pt\/welcome\/wp-json\/wp\/v2\/types\/product"}],"replies":[{"embeddable":true,"href":"https:\/\/site.astrofoto.com.pt\/welcome\/wp-json\/wp\/v2\/comments?post=9295"}],"wp:featuredmedia":[{"embeddable":true,"href":"https:\/\/site.astrofoto.com.pt\/welcome\/wp-json\/wp\/v2\/media\/9296"}],"wp:attachment":[{"href":"https:\/\/site.astrofoto.com.pt\/welcome\/wp-json\/wp\/v2\/media?parent=9295"}],"wp:term":[{"taxonomy":"product_brand","embeddable":true,"href":"https:\/\/site.astrofoto.com.pt\/welcome\/wp-json\/wp\/v2\/product_brand?post=9295"},{"taxonomy":"product_cat","embeddable":true,"href":"https:\/\/site.astrofoto.com.pt\/welcome\/wp-json\/wp\/v2\/product_cat?post=9295"},{"taxonomy":"product_tag","embeddable":true,"href":"https:\/\/site.astrofoto.com.pt\/welcome\/wp-json\/wp\/v2\/product_tag?post=9295"}],"curies":[{"name":"wp","href":"https:\/\/api.w.org\/{rel}","templated":true}]}}