{"id":9291,"date":"2023-10-12T18:23:08","date_gmt":"2023-10-12T18:23:08","guid":{"rendered":"https:\/\/site.astrofoto.com.pt\/welcome\/?post_type=product&#038;p=9291"},"modified":"2023-11-21T10:34:36","modified_gmt":"2023-11-21T10:34:36","slug":"camara-zwo-asi-120mm-s-mono","status":"publish","type":"product","link":"https:\/\/site.astrofoto.com.pt\/welcome\/produto\/camara-zwo-asi-120mm-s-mono\/","title":{"rendered":"CAMARA ZWO ASI 120MM-S MONO"},"content":{"rendered":"<p><strong>CAMARA ZWO ASI 120MM-S MONO<\/strong><\/p>\n<p>Tipo de sensor: CMOS (AR0130CS)<br \/>\nMegapixel 1,2MP<br \/>\nResolu\u00e7\u00e3o fotografica(Pixel): 1280\u00d7960<br \/>\nTamanho do pixel: 3,75 x 3,75\u00b5m<br \/>\nInterfaces:\u00a0 USB 3.0<br \/>\nBit depth (Bit) 12<br \/>\nAdapta\u00e7\u00e3o ao telescopio: 1,25\u2033 &amp; 2\u2033 &amp; T2<br \/>\nTemperatura de opera\u00e7\u00e3o: -5\u00ba a\u00a0 45\u00ba<br \/>\nTempo de exposi\u00e7\u00e3o max: 16 minutos<br \/>\nTempo de exposi\u00e7\u00e3o min: 64 \u00b5s a 1000S<br \/>\nImagens \/seg: 60<br \/>\nEficiencia quantica: 75% @500nm<br \/>\nChip \u2013 Diagonal\u00a0 6,1mm<br \/>\nLente removivel 1.2mm (olho de peixe)<br \/>\nPorta ST4<br \/>\nCabo ST4<br \/>\nAlimenta\u00e7\u00e3o: 5V (USB)<br \/>\nSuper leve: 100 g<\/p>\n<p>\u25ba<a href=\"http:\/\/astronomy-imaging-camera.com\/software-drivers\">Drivers<\/a><\/p>\n","protected":false},"excerpt":{"rendered":"<p>CAMARA ZWO ASI 120MM-S MONO Tipo de sensor: CMOS (AR0130CS) Megapixel 1,2MP Resolu\u00e7\u00e3o fotografica(Pixel): 1280\u00d7960 Tamanho do pixel: 3,75 x 3,75\u00b5m Interfaces:\u00a0 USB 3.0 Bit depth (Bit) 12 Adapta\u00e7\u00e3o ao telescopio: 1,25\u2033 &amp; 2\u2033 &amp; T2 Temperatura de opera\u00e7\u00e3o: -5\u00ba a\u00a0 45\u00ba Tempo de exposi\u00e7\u00e3o max: 16 minutos Tempo de exposi\u00e7\u00e3o min: 64 \u00b5s a<\/p>\n<div class=\"more-link\">\n\t\t\t\t <a href=\"https:\/\/site.astrofoto.com.pt\/welcome\/produto\/camara-zwo-asi-120mm-s-mono\/\" class=\"btn theme-btn inverted\"><span>Continuar a Ler <\/span><\/a>\n\t\t\t<\/div>\n","protected":false},"featured_media":9292,"comment_status":"closed","ping_status":"closed","template":"","meta":[],"product_brand":[],"product_cat":[24],"product_tag":[],"class_list":{"0":"post-9291","1":"product","2":"type-product","3":"status-publish","4":"has-post-thumbnail","6":"product_cat-fotografia-astronomica","8":"first","9":"outofstock","10":"shipping-taxable","11":"purchasable","12":"product-type-simple"},"_links":{"self":[{"href":"https:\/\/site.astrofoto.com.pt\/welcome\/wp-json\/wp\/v2\/product\/9291","targetHints":{"allow":["GET"]}}],"collection":[{"href":"https:\/\/site.astrofoto.com.pt\/welcome\/wp-json\/wp\/v2\/product"}],"about":[{"href":"https:\/\/site.astrofoto.com.pt\/welcome\/wp-json\/wp\/v2\/types\/product"}],"replies":[{"embeddable":true,"href":"https:\/\/site.astrofoto.com.pt\/welcome\/wp-json\/wp\/v2\/comments?post=9291"}],"wp:featuredmedia":[{"embeddable":true,"href":"https:\/\/site.astrofoto.com.pt\/welcome\/wp-json\/wp\/v2\/media\/9292"}],"wp:attachment":[{"href":"https:\/\/site.astrofoto.com.pt\/welcome\/wp-json\/wp\/v2\/media?parent=9291"}],"wp:term":[{"taxonomy":"product_brand","embeddable":true,"href":"https:\/\/site.astrofoto.com.pt\/welcome\/wp-json\/wp\/v2\/product_brand?post=9291"},{"taxonomy":"product_cat","embeddable":true,"href":"https:\/\/site.astrofoto.com.pt\/welcome\/wp-json\/wp\/v2\/product_cat?post=9291"},{"taxonomy":"product_tag","embeddable":true,"href":"https:\/\/site.astrofoto.com.pt\/welcome\/wp-json\/wp\/v2\/product_tag?post=9291"}],"curies":[{"name":"wp","href":"https:\/\/api.w.org\/{rel}","templated":true}]}}