{"id":9218,"date":"2023-09-08T09:30:50","date_gmt":"2023-09-08T09:30:50","guid":{"rendered":"https:\/\/site.astrofoto.com.pt\/welcome\/?post_type=product&#038;p=9218"},"modified":"2024-08-07T11:40:26","modified_gmt":"2024-08-07T11:40:26","slug":"rotula-cambo-cbh-3","status":"publish","type":"product","link":"https:\/\/site.astrofoto.com.pt\/welcome\/produto\/rotula-cambo-cbh-3\/","title":{"rendered":"Rotula CAMBO CBH-3"},"content":{"rendered":"<p><strong>Rotula CAMBO CBH-3<\/strong><\/p>\n<p>\u2022 Liga\u00e7\u00e3o \u00e0 c\u00e2mara: 1\/4&#8243;<br \/>\n\u2022 Liga\u00e7\u00e3o ao trip\u00e9: 1\/4&#8243;<br \/>\n\u2022 Suporta: at\u00e9 20Kg<\/p>\n<p>&nbsp;<\/p>\n","protected":false},"excerpt":{"rendered":"<p>Rotula CAMBO CBH-3 \u2022 Liga\u00e7\u00e3o \u00e0 c\u00e2mara: 1\/4&#8243; \u2022 Liga\u00e7\u00e3o ao trip\u00e9: 1\/4&#8243; \u2022 Suporta: at\u00e9 20Kg &nbsp;<\/p>\n","protected":false},"featured_media":9219,"comment_status":"closed","ping_status":"closed","template":"","meta":[],"product_brand":[],"product_cat":[34,95],"product_tag":[],"class_list":{"0":"post-9218","1":"product","2":"type-product","3":"status-publish","4":"has-post-thumbnail","6":"product_cat-acessoriosfotografia","7":"product_cat-stock-off","9":"first","10":"instock","11":"sale","12":"shipping-taxable","13":"purchasable","14":"product-type-simple"},"_links":{"self":[{"href":"https:\/\/site.astrofoto.com.pt\/welcome\/wp-json\/wp\/v2\/product\/9218","targetHints":{"allow":["GET"]}}],"collection":[{"href":"https:\/\/site.astrofoto.com.pt\/welcome\/wp-json\/wp\/v2\/product"}],"about":[{"href":"https:\/\/site.astrofoto.com.pt\/welcome\/wp-json\/wp\/v2\/types\/product"}],"replies":[{"embeddable":true,"href":"https:\/\/site.astrofoto.com.pt\/welcome\/wp-json\/wp\/v2\/comments?post=9218"}],"wp:featuredmedia":[{"embeddable":true,"href":"https:\/\/site.astrofoto.com.pt\/welcome\/wp-json\/wp\/v2\/media\/9219"}],"wp:attachment":[{"href":"https:\/\/site.astrofoto.com.pt\/welcome\/wp-json\/wp\/v2\/media?parent=9218"}],"wp:term":[{"taxonomy":"product_brand","embeddable":true,"href":"https:\/\/site.astrofoto.com.pt\/welcome\/wp-json\/wp\/v2\/product_brand?post=9218"},{"taxonomy":"product_cat","embeddable":true,"href":"https:\/\/site.astrofoto.com.pt\/welcome\/wp-json\/wp\/v2\/product_cat?post=9218"},{"taxonomy":"product_tag","embeddable":true,"href":"https:\/\/site.astrofoto.com.pt\/welcome\/wp-json\/wp\/v2\/product_tag?post=9218"}],"curies":[{"name":"wp","href":"https:\/\/api.w.org\/{rel}","templated":true}]}}