{"id":9214,"date":"2023-09-06T19:18:32","date_gmt":"2023-09-06T19:18:32","guid":{"rendered":"https:\/\/site.astrofoto.com.pt\/welcome\/?post_type=product&#038;p=9214"},"modified":"2023-09-06T19:20:45","modified_gmt":"2023-09-06T19:20:45","slug":"adaptador-t-projecao-variavel-de-ocular","status":"publish","type":"product","link":"https:\/\/site.astrofoto.com.pt\/welcome\/produto\/adaptador-t-projecao-variavel-de-ocular\/","title":{"rendered":"Adaptador T proje\u00e7\u00e3o vari\u00e1vel de ocular"},"content":{"rendered":"<p><strong>Adaptador T proje\u00e7\u00e3o vari\u00e1vel de ocular<\/strong><\/p>\n<p>\u2022 Para adaptar a rosca T ou a saida de 1.25&#8243; com ocular a uma rosca T f\u00eamea<br \/>\n\u2022 Pode variar o comprimento<br \/>\n\u2022 Pode ser introduzida ocular de 1.25&#8243; no seu interior (at\u00e9 \u00d838mm)<br \/>\n\u2022 A proje\u00e7\u00e3o de uma ocular produz um aumento muito grande<\/p>\n<p>&nbsp;<\/p>\n<p>&nbsp;<\/p>\n<p>&nbsp;<\/p>\n<p>49751<\/p>\n","protected":false},"excerpt":{"rendered":"<p>Adaptador T proje\u00e7\u00e3o vari\u00e1vel de ocular \u2022 Para adaptar a rosca T ou a saida de 1.25&#8243; com ocular a uma rosca T f\u00eamea \u2022 Pode variar o comprimento \u2022 Pode ser introduzida ocular de 1.25&#8243; no seu interior (at\u00e9 \u00d838mm) \u2022 A proje\u00e7\u00e3o de uma ocular produz um aumento muito grande &nbsp; &nbsp; &nbsp;<\/p>\n<div class=\"more-link\">\n\t\t\t\t <a href=\"https:\/\/site.astrofoto.com.pt\/welcome\/produto\/adaptador-t-projecao-variavel-de-ocular\/\" class=\"btn theme-btn inverted\"><span>Continuar a Ler <\/span><\/a>\n\t\t\t<\/div>\n","protected":false},"featured_media":9215,"comment_status":"closed","ping_status":"closed","template":"","meta":[],"product_brand":[],"product_cat":[34,82],"product_tag":[],"class_list":{"0":"post-9214","1":"product","2":"type-product","3":"status-publish","4":"has-post-thumbnail","6":"product_cat-acessoriosfotografia","7":"product_cat-adaptadores","9":"first","10":"onbackorder","11":"shipping-taxable","12":"purchasable","13":"product-type-simple"},"_links":{"self":[{"href":"https:\/\/site.astrofoto.com.pt\/welcome\/wp-json\/wp\/v2\/product\/9214","targetHints":{"allow":["GET"]}}],"collection":[{"href":"https:\/\/site.astrofoto.com.pt\/welcome\/wp-json\/wp\/v2\/product"}],"about":[{"href":"https:\/\/site.astrofoto.com.pt\/welcome\/wp-json\/wp\/v2\/types\/product"}],"replies":[{"embeddable":true,"href":"https:\/\/site.astrofoto.com.pt\/welcome\/wp-json\/wp\/v2\/comments?post=9214"}],"wp:featuredmedia":[{"embeddable":true,"href":"https:\/\/site.astrofoto.com.pt\/welcome\/wp-json\/wp\/v2\/media\/9215"}],"wp:attachment":[{"href":"https:\/\/site.astrofoto.com.pt\/welcome\/wp-json\/wp\/v2\/media?parent=9214"}],"wp:term":[{"taxonomy":"product_brand","embeddable":true,"href":"https:\/\/site.astrofoto.com.pt\/welcome\/wp-json\/wp\/v2\/product_brand?post=9214"},{"taxonomy":"product_cat","embeddable":true,"href":"https:\/\/site.astrofoto.com.pt\/welcome\/wp-json\/wp\/v2\/product_cat?post=9214"},{"taxonomy":"product_tag","embeddable":true,"href":"https:\/\/site.astrofoto.com.pt\/welcome\/wp-json\/wp\/v2\/product_tag?post=9214"}],"curies":[{"name":"wp","href":"https:\/\/api.w.org\/{rel}","templated":true}]}}