{"id":9205,"date":"2023-08-25T10:52:29","date_gmt":"2023-08-25T10:52:29","guid":{"rendered":"https:\/\/site.astrofoto.com.pt\/welcome\/?post_type=product&#038;p=9205"},"modified":"2023-08-25T10:55:08","modified_gmt":"2023-08-25T10:55:08","slug":"gaveta-porta-filtros-zwo-2-versao-ii","status":"publish","type":"product","link":"https:\/\/site.astrofoto.com.pt\/welcome\/produto\/gaveta-porta-filtros-zwo-2-versao-ii\/","title":{"rendered":"gaveta porta filtros Zwo 2&#8243; vers\u00e3o II"},"content":{"rendered":"<p><strong>gaveta porta filtros Zwo 2&#8243; vers\u00e3o II<\/strong><\/p>\n<p>\u25baAlternativa a rodas de filtro mais caras e pesadas<\/p>\n<p>\u2022Fixa\u00e7\u00e3o magn\u00e9tica<br \/>\n\u2022Sa\u00edda de c\u00e2mara macho M42x0,75<br \/>\n\u2022Entrada de telesc\u00f3pio f\u00eamea M48x0,75<br \/>\n\u2022Espessura: 21mm<\/p>\n<p>\u25baUm anel M48 macho \/ M42 f\u00eamea permite transformar a entrada ou sa\u00edda de acordo com as necessidades<\/p>\n","protected":false},"excerpt":{"rendered":"<p>gaveta porta filtros Zwo 2&#8243; vers\u00e3o II \u25baAlternativa a rodas de filtro mais caras e pesadas \u2022Fixa\u00e7\u00e3o magn\u00e9tica \u2022Sa\u00edda de c\u00e2mara macho M42x0,75 \u2022Entrada de telesc\u00f3pio f\u00eamea M48x0,75 \u2022Espessura: 21mm \u25baUm anel M48 macho \/ M42 f\u00eamea permite transformar a entrada ou sa\u00edda de acordo com as necessidades<\/p>\n","protected":false},"featured_media":9206,"comment_status":"closed","ping_status":"closed","template":"","meta":[],"product_brand":[],"product_cat":[34,80],"product_tag":[],"class_list":{"0":"post-9205","1":"product","2":"type-product","3":"status-publish","4":"has-post-thumbnail","6":"product_cat-acessoriosfotografia","7":"product_cat-filtros","9":"first","10":"onbackorder","11":"shipping-taxable","12":"purchasable","13":"product-type-simple"},"_links":{"self":[{"href":"https:\/\/site.astrofoto.com.pt\/welcome\/wp-json\/wp\/v2\/product\/9205","targetHints":{"allow":["GET"]}}],"collection":[{"href":"https:\/\/site.astrofoto.com.pt\/welcome\/wp-json\/wp\/v2\/product"}],"about":[{"href":"https:\/\/site.astrofoto.com.pt\/welcome\/wp-json\/wp\/v2\/types\/product"}],"replies":[{"embeddable":true,"href":"https:\/\/site.astrofoto.com.pt\/welcome\/wp-json\/wp\/v2\/comments?post=9205"}],"wp:featuredmedia":[{"embeddable":true,"href":"https:\/\/site.astrofoto.com.pt\/welcome\/wp-json\/wp\/v2\/media\/9206"}],"wp:attachment":[{"href":"https:\/\/site.astrofoto.com.pt\/welcome\/wp-json\/wp\/v2\/media?parent=9205"}],"wp:term":[{"taxonomy":"product_brand","embeddable":true,"href":"https:\/\/site.astrofoto.com.pt\/welcome\/wp-json\/wp\/v2\/product_brand?post=9205"},{"taxonomy":"product_cat","embeddable":true,"href":"https:\/\/site.astrofoto.com.pt\/welcome\/wp-json\/wp\/v2\/product_cat?post=9205"},{"taxonomy":"product_tag","embeddable":true,"href":"https:\/\/site.astrofoto.com.pt\/welcome\/wp-json\/wp\/v2\/product_tag?post=9205"}],"curies":[{"name":"wp","href":"https:\/\/api.w.org\/{rel}","templated":true}]}}