{"id":920,"date":"2015-09-14T16:10:37","date_gmt":"2015-09-14T16:10:37","guid":{"rendered":"http:\/\/site.astrofoto.com.pt\/welcome\/?post_type=product&#038;p=920"},"modified":"2025-07-09T12:49:34","modified_gmt":"2025-07-09T12:49:34","slug":"filtro-ir-block","status":"publish","type":"product","link":"https:\/\/site.astrofoto.com.pt\/welcome\/produto\/filtro-ir-block\/","title":{"rendered":"Filtro IR Block"},"content":{"rendered":"<p>Filtro IR Block\/ Cut<\/p>\n<p>Al\u00e9m de melhorar o equil\u00edbrio de cores, o filtro de corte UV\/IR tamb\u00e9m melhora as propriedades de imagem de sistemas de lentes (por exemplo, refratores). Esses sistemas s\u00e3o otimizados para comprimentos de onda vis\u00edveis, mas produzem um halo ao redor das estrelas com detectores sens\u00edveis a UV\/IR. Isso tamb\u00e9m \u00e9 eliminado com um filtro de corte UV\/IR.<br \/>\nTamb\u00e9m muito adequado para observa\u00e7\u00e3o solar &#8211; a luz solar s\u00f3 deve ser observada atrav\u00e9s de um filtro solar ou prisma Herschel. O bloqueio adicional da luz UV prejudicial por este filtro \u00e9 uma \u00f3tima ideia.<\/p>\n","protected":false},"excerpt":{"rendered":"<p>Filtro IR Block\/ Cut Al\u00e9m de melhorar o equil\u00edbrio de cores, o filtro de corte UV\/IR tamb\u00e9m melhora as propriedades de imagem de sistemas de lentes (por exemplo, refratores). Esses sistemas s\u00e3o otimizados para comprimentos de onda vis\u00edveis, mas produzem um halo ao redor das estrelas com detectores sens\u00edveis a UV\/IR. Isso tamb\u00e9m \u00e9 eliminado<\/p>\n<div class=\"more-link\">\n\t\t\t\t <a href=\"https:\/\/site.astrofoto.com.pt\/welcome\/produto\/filtro-ir-block\/\" class=\"btn theme-btn inverted\"><span>Continuar a Ler <\/span><\/a>\n\t\t\t<\/div>\n","protected":false},"featured_media":922,"comment_status":"open","ping_status":"closed","template":"","meta":[],"product_brand":[],"product_cat":[34],"product_tag":[],"class_list":{"0":"post-920","1":"product","2":"type-product","3":"status-publish","4":"has-post-thumbnail","6":"product_cat-acessoriosfotografia","8":"first","9":"onbackorder","10":"shipping-taxable","11":"purchasable","12":"product-type-simple"},"_links":{"self":[{"href":"https:\/\/site.astrofoto.com.pt\/welcome\/wp-json\/wp\/v2\/product\/920","targetHints":{"allow":["GET"]}}],"collection":[{"href":"https:\/\/site.astrofoto.com.pt\/welcome\/wp-json\/wp\/v2\/product"}],"about":[{"href":"https:\/\/site.astrofoto.com.pt\/welcome\/wp-json\/wp\/v2\/types\/product"}],"replies":[{"embeddable":true,"href":"https:\/\/site.astrofoto.com.pt\/welcome\/wp-json\/wp\/v2\/comments?post=920"}],"wp:featuredmedia":[{"embeddable":true,"href":"https:\/\/site.astrofoto.com.pt\/welcome\/wp-json\/wp\/v2\/media\/922"}],"wp:attachment":[{"href":"https:\/\/site.astrofoto.com.pt\/welcome\/wp-json\/wp\/v2\/media?parent=920"}],"wp:term":[{"taxonomy":"product_brand","embeddable":true,"href":"https:\/\/site.astrofoto.com.pt\/welcome\/wp-json\/wp\/v2\/product_brand?post=920"},{"taxonomy":"product_cat","embeddable":true,"href":"https:\/\/site.astrofoto.com.pt\/welcome\/wp-json\/wp\/v2\/product_cat?post=920"},{"taxonomy":"product_tag","embeddable":true,"href":"https:\/\/site.astrofoto.com.pt\/welcome\/wp-json\/wp\/v2\/product_tag?post=920"}],"curies":[{"name":"wp","href":"https:\/\/api.w.org\/{rel}","templated":true}]}}