{"id":9139,"date":"2023-06-21T11:24:22","date_gmt":"2023-06-21T11:24:22","guid":{"rendered":"https:\/\/site.astrofoto.com.pt\/welcome\/?post_type=product&#038;p=9139"},"modified":"2025-07-08T13:17:31","modified_gmt":"2025-07-08T13:17:31","slug":"sqm-sky-quality-meter-2","status":"publish","type":"product","link":"https:\/\/site.astrofoto.com.pt\/welcome\/produto\/sqm-sky-quality-meter-2\/","title":{"rendered":"SQM Sky quality meter"},"content":{"rendered":"<p><strong>SQM Sky quality meter<br \/>\n\u25bamedidor da qualidade do C\u00e9u<br \/>\n<\/strong><\/p>\n<p><strong>\u25ba<\/strong>Altamente sens\u00edvel mede o brilho do c\u00e9u noturno em um \u00e2ngulo s\u00f3lido de 42\u00b0 (FWHM) em torno do eixo central; o valor determinado \u00e9 exibido diretamente em magnitudes por segundos de arco.<\/p>\n<p>\u2022 cabe no seu bolso<br \/>\n\u2022 dimens\u00f5es: 95mm x 60mm x 40mm<br \/>\n\u2022 medir a luminosidade do Ceu por objectiva<br \/>\n\u2022 peso: 105gr<br \/>\n\u2022 bateria de 9V (incluida)<br \/>\n\u2022 made in Canada<\/p>\n","protected":false},"excerpt":{"rendered":"<p>SQM Sky quality meter \u25bamedidor da qualidade do C\u00e9u \u25baAltamente sens\u00edvel mede o brilho do c\u00e9u noturno em um \u00e2ngulo s\u00f3lido de 42\u00b0 (FWHM) em torno do eixo central; o valor determinado \u00e9 exibido diretamente em magnitudes por segundos de arco. \u2022 cabe no seu bolso \u2022 dimens\u00f5es: 95mm x 60mm x 40mm \u2022 medir<\/p>\n<div class=\"more-link\">\n\t\t\t\t <a href=\"https:\/\/site.astrofoto.com.pt\/welcome\/produto\/sqm-sky-quality-meter-2\/\" class=\"btn theme-btn inverted\"><span>Continuar a Ler <\/span><\/a>\n\t\t\t<\/div>\n","protected":false},"featured_media":9140,"comment_status":"closed","ping_status":"closed","template":"","meta":[],"product_brand":[],"product_cat":[34],"product_tag":[],"class_list":{"0":"post-9139","1":"product","2":"type-product","3":"status-publish","4":"has-post-thumbnail","6":"product_cat-acessoriosfotografia","8":"first","9":"onbackorder","10":"sale","11":"shipping-taxable","12":"purchasable","13":"product-type-simple"},"_links":{"self":[{"href":"https:\/\/site.astrofoto.com.pt\/welcome\/wp-json\/wp\/v2\/product\/9139","targetHints":{"allow":["GET"]}}],"collection":[{"href":"https:\/\/site.astrofoto.com.pt\/welcome\/wp-json\/wp\/v2\/product"}],"about":[{"href":"https:\/\/site.astrofoto.com.pt\/welcome\/wp-json\/wp\/v2\/types\/product"}],"replies":[{"embeddable":true,"href":"https:\/\/site.astrofoto.com.pt\/welcome\/wp-json\/wp\/v2\/comments?post=9139"}],"wp:featuredmedia":[{"embeddable":true,"href":"https:\/\/site.astrofoto.com.pt\/welcome\/wp-json\/wp\/v2\/media\/9140"}],"wp:attachment":[{"href":"https:\/\/site.astrofoto.com.pt\/welcome\/wp-json\/wp\/v2\/media?parent=9139"}],"wp:term":[{"taxonomy":"product_brand","embeddable":true,"href":"https:\/\/site.astrofoto.com.pt\/welcome\/wp-json\/wp\/v2\/product_brand?post=9139"},{"taxonomy":"product_cat","embeddable":true,"href":"https:\/\/site.astrofoto.com.pt\/welcome\/wp-json\/wp\/v2\/product_cat?post=9139"},{"taxonomy":"product_tag","embeddable":true,"href":"https:\/\/site.astrofoto.com.pt\/welcome\/wp-json\/wp\/v2\/product_tag?post=9139"}],"curies":[{"name":"wp","href":"https:\/\/api.w.org\/{rel}","templated":true}]}}