{"id":9129,"date":"2023-06-07T15:00:02","date_gmt":"2023-06-07T15:00:02","guid":{"rendered":"https:\/\/site.astrofoto.com.pt\/welcome\/?post_type=product&#038;p=9129"},"modified":"2025-02-23T21:33:08","modified_gmt":"2025-02-23T21:33:08","slug":"bijuteria-galaxys-bussola-estrela-polar","status":"publish","type":"product","link":"https:\/\/site.astrofoto.com.pt\/welcome\/produto\/bijuteria-galaxys-bussola-estrela-polar\/","title":{"rendered":"Bijuteria Galaxys B\u00fassola Estrela polar"},"content":{"rendered":"<p><strong>Bijuteria Galaxys B\u00fassola Estrela polar<\/strong><\/p>\n<p><em>\u25baPara aquisi\u00e7\u00e3o contactar:<\/em><br \/>\n<em>Centro Ci\u00eancia Viva de Const\u00e2ncia<\/em><br \/>\n<em>249 739 066 (chamada rede fixa nacional) <\/em><br \/>\n<em>911588984 (chamada rede m\u00f3vel nacional)<\/em><\/p>\n<p>\u25baPequena b\u00fassola inserida num design elegante.<\/p>\n<p>\u2022 Cord\u00e3o de algod\u00e3o extens\u00edvel entre 45 &#8211; 62 cm.<br \/>\n\u2022 Pingente de b\u00fassola 2,4 x 2,8 x 0,6 cm.<br \/>\n\u2022 Em bolsa individual<\/p>\n<p>\u25ba<strong>Como funciona:<\/strong> Segurando a b\u00fassola na posi\u00e7\u00e3o horizontal, observaremos que seu interior gira at\u00e9 parar, neste momento a seta branca indicar\u00e1 a dire\u00e7\u00e3o norte e por dedu\u00e7\u00e3o conheceremos os outros tr\u00eas pontos cardeais.<\/p>\n<p>\u25baPara aquisi\u00e7\u00e3o contactar:<br \/>\nCentro Ci\u00eancia Viva de Const\u00e2ncia<br \/>\n249 739 066 (chamada rede fixa nacional)<br \/>\n911588984 (chamada rede m\u00f3vel nacional)<\/p>\n","protected":false},"excerpt":{"rendered":"<p>Bijuteria Galaxys B\u00fassola Estrela polar \u25baPara aquisi\u00e7\u00e3o contactar: Centro Ci\u00eancia Viva de Const\u00e2ncia 249 739 066 (chamada rede fixa nacional) 911588984 (chamada rede m\u00f3vel nacional) \u25baPequena b\u00fassola inserida num design elegante. \u2022 Cord\u00e3o de algod\u00e3o extens\u00edvel entre 45 &#8211; 62 cm. \u2022 Pingente de b\u00fassola 2,4 x 2,8 x 0,6 cm. \u2022 Em bolsa individual<\/p>\n<div class=\"more-link\">\n\t\t\t\t <a href=\"https:\/\/site.astrofoto.com.pt\/welcome\/produto\/bijuteria-galaxys-bussola-estrela-polar\/\" class=\"btn theme-btn inverted\"><span>Continuar a Ler <\/span><\/a>\n\t\t\t<\/div>\n","protected":false},"featured_media":9056,"comment_status":"closed","ping_status":"closed","template":"","meta":[],"product_brand":[],"product_cat":[88],"product_tag":[],"class_list":{"0":"post-9129","1":"product","2":"type-product","3":"status-publish","4":"has-post-thumbnail","6":"product_cat-bijuteria-galatica","8":"first","9":"outofstock","10":"shipping-taxable","11":"purchasable","12":"product-type-simple"},"_links":{"self":[{"href":"https:\/\/site.astrofoto.com.pt\/welcome\/wp-json\/wp\/v2\/product\/9129","targetHints":{"allow":["GET"]}}],"collection":[{"href":"https:\/\/site.astrofoto.com.pt\/welcome\/wp-json\/wp\/v2\/product"}],"about":[{"href":"https:\/\/site.astrofoto.com.pt\/welcome\/wp-json\/wp\/v2\/types\/product"}],"replies":[{"embeddable":true,"href":"https:\/\/site.astrofoto.com.pt\/welcome\/wp-json\/wp\/v2\/comments?post=9129"}],"wp:featuredmedia":[{"embeddable":true,"href":"https:\/\/site.astrofoto.com.pt\/welcome\/wp-json\/wp\/v2\/media\/9056"}],"wp:attachment":[{"href":"https:\/\/site.astrofoto.com.pt\/welcome\/wp-json\/wp\/v2\/media?parent=9129"}],"wp:term":[{"taxonomy":"product_brand","embeddable":true,"href":"https:\/\/site.astrofoto.com.pt\/welcome\/wp-json\/wp\/v2\/product_brand?post=9129"},{"taxonomy":"product_cat","embeddable":true,"href":"https:\/\/site.astrofoto.com.pt\/welcome\/wp-json\/wp\/v2\/product_cat?post=9129"},{"taxonomy":"product_tag","embeddable":true,"href":"https:\/\/site.astrofoto.com.pt\/welcome\/wp-json\/wp\/v2\/product_tag?post=9129"}],"curies":[{"name":"wp","href":"https:\/\/api.w.org\/{rel}","templated":true}]}}