{"id":91,"date":"2015-03-04T11:30:49","date_gmt":"2015-03-04T11:30:49","guid":{"rendered":"http:\/\/site.astrofoto.com.pt\/welcome\/?post_type=product&#038;p=91"},"modified":"2020-07-21T12:14:04","modified_gmt":"2020-07-21T12:14:04","slug":"telescopio-orion-skyquest-xx12i-truss","status":"publish","type":"product","link":"https:\/\/site.astrofoto.com.pt\/welcome\/produto\/telescopio-orion-skyquest-xx12i-truss\/","title":{"rendered":"Telescopio Orion SkyQuest XX12i TRUSS"},"content":{"rendered":"<p class=\"style5 style15\"><a href=\"http:\/\/site.astrofoto.com.pt\/welcome\/wp-content\/uploads\/2015\/03\/XX12I.jpg\"><img fetchpriority=\"high\" decoding=\"async\" class=\"alignleft size-medium wp-image-92\" src=\"http:\/\/site.astrofoto.com.pt\/welcome\/wp-content\/uploads\/2015\/03\/XX12I-252x300.jpg\" alt=\"XX12I\" width=\"252\" height=\"300\" srcset=\"https:\/\/site.astrofoto.com.pt\/welcome\/wp-content\/uploads\/2015\/03\/XX12I-252x300.jpg 252w, https:\/\/site.astrofoto.com.pt\/welcome\/wp-content\/uploads\/2015\/03\/XX12I-150x178.jpg 150w, https:\/\/site.astrofoto.com.pt\/welcome\/wp-content\/uploads\/2015\/03\/XX12I-300x356.jpg 300w, https:\/\/site.astrofoto.com.pt\/welcome\/wp-content\/uploads\/2015\/03\/XX12I.jpg 437w\" sizes=\"(max-width: 252px) 100vw, 252px\" \/><\/a>Orion SkyQuest XX12i TRUSS<\/p>\n<p class=\"style16\">\u2022diametro: 305mm (12&#8243;)<br \/>\n\u2022focal: 1500mm f\/4.8<br \/>\n\u2022buscador: 9&#215;50<br \/>\n\u2022oculares: PL10mm e PL25mm<br \/>\n\u2022montagem: Dobson Truss com intelliscope<\/p>\n<p class=\"style16\">\u008f Localiza mais de 14.000 objectos no C\u00e9u com o controlador incluido<strong> Intelliscope<br \/>\n<\/strong>\u008f Edi\u00e7\u00e3o gratis do programa Starry Night<\/p>\n<p class=\"style1\">** os portes dos telesc\u00f3pios n\u00e3o est\u00e3o incluidos na taxa de 5 \u20ac:<br \/>\n<a href=\"http:\/\/astrofoto.com.pt\/envios.htm\">http:\/\/astrofoto.com.pt\/envios.htm<\/a><\/p>\n","protected":false},"excerpt":{"rendered":"<p>Orion SkyQuest XX12i TRUSS \u2022diametro: 305mm (12&#8243;) \u2022focal: 1500mm f\/4.8 \u2022buscador: 9&#215;50 \u2022oculares: PL10mm e PL25mm \u2022montagem: Dobson Truss com intelliscope \u008f Localiza mais de 14.000 objectos no C\u00e9u com o controlador incluido Intelliscope \u008f Edi\u00e7\u00e3o gratis do programa Starry Night ** os portes dos telesc\u00f3pios n\u00e3o est\u00e3o incluidos na taxa de 5 \u20ac: http:\/\/astrofoto.com.pt\/envios.htm<\/p>\n","protected":false},"featured_media":92,"comment_status":"open","ping_status":"closed","template":"","meta":[],"product_brand":[],"product_cat":[6,15],"product_tag":[],"class_list":{"0":"post-91","1":"product","2":"type-product","3":"status-publish","4":"has-post-thumbnail","6":"product_cat-telescopios","7":"product_cat-telescopios-reflectores","8":"product_shipping_class-taxa-media","10":"first","11":"outofstock","12":"shipping-taxable","13":"purchasable","14":"product-type-simple"},"_links":{"self":[{"href":"https:\/\/site.astrofoto.com.pt\/welcome\/wp-json\/wp\/v2\/product\/91","targetHints":{"allow":["GET"]}}],"collection":[{"href":"https:\/\/site.astrofoto.com.pt\/welcome\/wp-json\/wp\/v2\/product"}],"about":[{"href":"https:\/\/site.astrofoto.com.pt\/welcome\/wp-json\/wp\/v2\/types\/product"}],"replies":[{"embeddable":true,"href":"https:\/\/site.astrofoto.com.pt\/welcome\/wp-json\/wp\/v2\/comments?post=91"}],"wp:featuredmedia":[{"embeddable":true,"href":"https:\/\/site.astrofoto.com.pt\/welcome\/wp-json\/wp\/v2\/media\/92"}],"wp:attachment":[{"href":"https:\/\/site.astrofoto.com.pt\/welcome\/wp-json\/wp\/v2\/media?parent=91"}],"wp:term":[{"taxonomy":"product_brand","embeddable":true,"href":"https:\/\/site.astrofoto.com.pt\/welcome\/wp-json\/wp\/v2\/product_brand?post=91"},{"taxonomy":"product_cat","embeddable":true,"href":"https:\/\/site.astrofoto.com.pt\/welcome\/wp-json\/wp\/v2\/product_cat?post=91"},{"taxonomy":"product_tag","embeddable":true,"href":"https:\/\/site.astrofoto.com.pt\/welcome\/wp-json\/wp\/v2\/product_tag?post=91"}],"curies":[{"name":"wp","href":"https:\/\/api.w.org\/{rel}","templated":true}]}}