{"id":9086,"date":"2023-06-06T21:48:30","date_gmt":"2023-06-06T21:48:30","guid":{"rendered":"https:\/\/site.astrofoto.com.pt\/welcome\/?post_type=product&#038;p=9086"},"modified":"2025-01-30T23:33:30","modified_gmt":"2025-01-30T23:33:30","slug":"bijuteria-galaxys-noite-de-estrelas","status":"publish","type":"product","link":"https:\/\/site.astrofoto.com.pt\/welcome\/produto\/bijuteria-galaxys-noite-de-estrelas\/","title":{"rendered":"Bijuteria Galaxys Noite de Estrelas"},"content":{"rendered":"<p><strong>Bijuteria Galaxys Noite de Estrelas<\/strong><\/p>\n<p><em>\u25baPara aquisi\u00e7\u00e3o contactar:<\/em><br \/>\n<em>Centro Ci\u00eancia Viva de Const\u00e2ncia<\/em><br \/>\n<em>249 739 066 (chamada rede fixa nacional) <\/em><br \/>\n<em>911588984 (chamada rede m\u00f3vel nacional)<\/em><\/p>\n<p>\u25baParte do firmamento em pingente, seu desenho juntando a imagina\u00e7\u00e3o nos levar\u00e1 a uma linda noite estrelada.<\/p>\n<p>\u2022 Cord\u00e3o de algod\u00e3o extens\u00edvel entre 45 &#8211; 62 cm.<br \/>\n\u2022 Pingente de 3,4 x 2,6 x 0,4 cm.<\/p>\n<p>\u25baApresenta\u00e7\u00e3o: Em bolsa individual com cord\u00e3o e legenda instrutiva.<br \/>\n* Cord\u00e3o com n\u00f3s ajust\u00e1veis.<\/p>\n","protected":false},"excerpt":{"rendered":"<p>Bijuteria Galaxys Noite de Estrelas \u25baPara aquisi\u00e7\u00e3o contactar: Centro Ci\u00eancia Viva de Const\u00e2ncia 249 739 066 (chamada rede fixa nacional) 911588984 (chamada rede m\u00f3vel nacional) \u25baParte do firmamento em pingente, seu desenho juntando a imagina\u00e7\u00e3o nos levar\u00e1 a uma linda noite estrelada. \u2022 Cord\u00e3o de algod\u00e3o extens\u00edvel entre 45 &#8211; 62 cm. \u2022 Pingente de<\/p>\n<div class=\"more-link\">\n\t\t\t\t <a href=\"https:\/\/site.astrofoto.com.pt\/welcome\/produto\/bijuteria-galaxys-noite-de-estrelas\/\" class=\"btn theme-btn inverted\"><span>Continuar a Ler <\/span><\/a>\n\t\t\t<\/div>\n","protected":false},"featured_media":9060,"comment_status":"closed","ping_status":"closed","template":"","meta":[],"product_brand":[],"product_cat":[88],"product_tag":[],"class_list":{"0":"post-9086","1":"product","2":"type-product","3":"status-publish","4":"has-post-thumbnail","6":"product_cat-bijuteria-galatica","8":"first","9":"outofstock","10":"shipping-taxable","11":"purchasable","12":"product-type-simple"},"_links":{"self":[{"href":"https:\/\/site.astrofoto.com.pt\/welcome\/wp-json\/wp\/v2\/product\/9086","targetHints":{"allow":["GET"]}}],"collection":[{"href":"https:\/\/site.astrofoto.com.pt\/welcome\/wp-json\/wp\/v2\/product"}],"about":[{"href":"https:\/\/site.astrofoto.com.pt\/welcome\/wp-json\/wp\/v2\/types\/product"}],"replies":[{"embeddable":true,"href":"https:\/\/site.astrofoto.com.pt\/welcome\/wp-json\/wp\/v2\/comments?post=9086"}],"wp:featuredmedia":[{"embeddable":true,"href":"https:\/\/site.astrofoto.com.pt\/welcome\/wp-json\/wp\/v2\/media\/9060"}],"wp:attachment":[{"href":"https:\/\/site.astrofoto.com.pt\/welcome\/wp-json\/wp\/v2\/media?parent=9086"}],"wp:term":[{"taxonomy":"product_brand","embeddable":true,"href":"https:\/\/site.astrofoto.com.pt\/welcome\/wp-json\/wp\/v2\/product_brand?post=9086"},{"taxonomy":"product_cat","embeddable":true,"href":"https:\/\/site.astrofoto.com.pt\/welcome\/wp-json\/wp\/v2\/product_cat?post=9086"},{"taxonomy":"product_tag","embeddable":true,"href":"https:\/\/site.astrofoto.com.pt\/welcome\/wp-json\/wp\/v2\/product_tag?post=9086"}],"curies":[{"name":"wp","href":"https:\/\/api.w.org\/{rel}","templated":true}]}}